{"id":60187,"date":"2024-07-24T11:11:51","date_gmt":"2024-07-24T09:11:51","guid":{"rendered":"http:\/\/www.libraria-occitana.org\/?post_type=product&#038;p=60187"},"modified":"2026-04-17T04:56:18","modified_gmt":"2026-04-17T02:56:18","slug":"verses-ortalans","status":"publish","type":"product","link":"https:\/\/www.libraria-occitana.org\/oc\/produch\/verses-ortalans\/","title":{"rendered":"V\u00e8rses Ortalans"},"content":{"rendered":"<p>Apr\u00e8p aver parlat<br \/>\nde las patas dels mila-patas,<br \/>\ndels pics dels eirices,<br \/>\nde las escaumas de las serenas,<br \/>\ndel monde d\u2019alas e de plumas,<br \/>\ndels prov\u00e8rbis del beure<br \/>\ne del manjar,<br \/>\napr\u00e8p s\u2019\u00e8sser interessat<br \/>\nal bestiari e a la mit-\u00f2c-logia,<br \/>\nlo po\u00e8ta se vira<br \/>\ncap al monde vegetal<br \/>\nper nos contar, en v\u00e8rses ortalans,<br \/>\nla vida reala (?!!!)<br \/>\ne tanplan supausada de l\u2019\u00f2rt,<br \/>\ndels legums, de la frucha,<br \/>\ndel b\u00f2sc, dels arbres,<br \/>\nde las \u00e8rbas, de las flors,&#8230;<\/p>\n","protected":false},"excerpt":{"rendered":"<p>Apr\u00e8p aver parlat de las patas dels mila-patas, dels pics dels eirices, de las escaumas de las serenas, del monde d\u2019alas e de plumas, dels prov\u00e8rbis del beure e del manjar, apr\u00e8p s\u2019\u00e8sser interessat al bestiari e a la mit-\u00f2c-logia, lo po\u00e8ta se vira cap al monde vegetal per nos contar, en v\u00e8rses ortalans, la [&hellip;]<\/p>\n","protected":false},"featured_media":60190,"template":"","meta":{"_acf_changed":false,"_genesis_hide_title":false,"_genesis_hide_breadcrumbs":false,"_genesis_hide_singular_image":false,"_genesis_hide_footer_widgets":false,"_genesis_custom_body_class":"","_genesis_custom_post_class":"","_genesis_layout":""},"product_brand":[],"product_cat":[7133,7175,7181],"product_tag":[],"class_list":{"0":"post-60187","1":"product","2":"type-product","3":"status-publish","4":"has-post-thumbnail","6":"product_cat-libres-oc","7":"product_cat-literatura-oc","8":"product_cat-poesia-oc","9":"pa_auteur-roch-a-oc","10":"pa_editeur-ieo-aude-oc","11":"pa_langue-occitan-oc","12":"pa_langue-occitan-lengadocian-oc","13":"entry","15":"first","16":"instock","17":"shipping-taxable","18":"purchasable","19":"product-type-simple"},"acf":[],"_links":{"self":[{"href":"https:\/\/www.libraria-occitana.org\/oc\/wp-json\/wp\/v2\/product\/60187","targetHints":{"allow":["GET"]}}],"collection":[{"href":"https:\/\/www.libraria-occitana.org\/oc\/wp-json\/wp\/v2\/product"}],"about":[{"href":"https:\/\/www.libraria-occitana.org\/oc\/wp-json\/wp\/v2\/types\/product"}],"wp:featuredmedia":[{"embeddable":true,"href":"https:\/\/www.libraria-occitana.org\/oc\/wp-json\/wp\/v2\/media\/60190"}],"wp:attachment":[{"href":"https:\/\/www.libraria-occitana.org\/oc\/wp-json\/wp\/v2\/media?parent=60187"}],"wp:term":[{"taxonomy":"product_brand","embeddable":true,"href":"https:\/\/www.libraria-occitana.org\/oc\/wp-json\/wp\/v2\/product_brand?post=60187"},{"taxonomy":"product_cat","embeddable":true,"href":"https:\/\/www.libraria-occitana.org\/oc\/wp-json\/wp\/v2\/product_cat?post=60187"},{"taxonomy":"product_tag","embeddable":true,"href":"https:\/\/www.libraria-occitana.org\/oc\/wp-json\/wp\/v2\/product_tag?post=60187"}],"curies":[{"name":"wp","href":"https:\/\/api.w.org\/{rel}","templated":true}]}}