{"id":60226,"date":"2024-07-30T13:01:16","date_gmt":"2024-07-30T11:01:16","guid":{"rendered":"http:\/\/www.libraria-occitana.org\/?post_type=product&#038;p=60226"},"modified":"2026-04-26T01:26:33","modified_gmt":"2026-04-25T23:26:33","slug":"la-romeca-occitanofoba-conte-acide-e-risolier-la-roumeque-occitanophobe-conte-acide-et-rejouissant","status":"publish","type":"product","link":"https:\/\/www.libraria-occitana.org\/oc\/produch\/la-romeca-occitanofoba-conte-acide-e-risolier-la-roumeque-occitanophobe-conte-acide-et-rejouissant\/","title":{"rendered":"La Rom\u00e8ca occitanof\u00f2ba : C\u00f2nte acide e risolier &#8211; La Roum\u00e8que occitanophobe : Conte acide et r\u00e9jouissant"},"content":{"rendered":"<p>Un c\u00f2nte acide, negre, risolier e alhetat, que desgruna quauqueis atacas realas fachas ai lengas regionalas per lei politics, escrivans, jornalistas, umoristas, etc., dans la langue de la libert\u00e9.<\/p>\n<p>Traduccion en franc\u00e9s de l'autora.<\/p>\n","protected":false},"excerpt":{"rendered":"<p>Un c\u00f2nte acide, negre, risolier e alhetat, que desgruna quauqueis atacas realas fachas ai lengas regionalas per lei politics, escrivans, jornalistas, umoristas, etc., dans la langue de la libert\u00e9. Traduccion en franc\u00e9s de l&#8217;autora.<\/p>\n","protected":false},"featured_media":60229,"template":"","meta":{"_acf_changed":false,"_genesis_hide_title":false,"_genesis_hide_breadcrumbs":false,"_genesis_hide_singular_image":false,"_genesis_hide_footer_widgets":false,"_genesis_custom_body_class":"","_genesis_custom_post_class":"","_genesis_layout":""},"product_brand":[],"product_cat":[7177,7133,7175,7203],"product_tag":[],"class_list":{"0":"post-60226","1":"product","2":"type-product","3":"status-publish","4":"has-post-thumbnail","6":"product_cat-contes-fablas-oc","7":"product_cat-libres-oc","8":"product_cat-literatura-oc","9":"product_cat-politica-sociologia-actualitat-oc","10":"pa_auteur-ubaud-josiana-oc","11":"pa_editeur-lauceu-libre-oc","12":"pa_langue-occitan-provencau-oc","13":"pa_langue-occitan-francais-oc","14":"entry","16":"first","17":"instock","18":"shipping-taxable","19":"purchasable","20":"product-type-simple"},"acf":[],"_links":{"self":[{"href":"https:\/\/www.libraria-occitana.org\/oc\/wp-json\/wp\/v2\/product\/60226","targetHints":{"allow":["GET"]}}],"collection":[{"href":"https:\/\/www.libraria-occitana.org\/oc\/wp-json\/wp\/v2\/product"}],"about":[{"href":"https:\/\/www.libraria-occitana.org\/oc\/wp-json\/wp\/v2\/types\/product"}],"wp:featuredmedia":[{"embeddable":true,"href":"https:\/\/www.libraria-occitana.org\/oc\/wp-json\/wp\/v2\/media\/60229"}],"wp:attachment":[{"href":"https:\/\/www.libraria-occitana.org\/oc\/wp-json\/wp\/v2\/media?parent=60226"}],"wp:term":[{"taxonomy":"product_brand","embeddable":true,"href":"https:\/\/www.libraria-occitana.org\/oc\/wp-json\/wp\/v2\/product_brand?post=60226"},{"taxonomy":"product_cat","embeddable":true,"href":"https:\/\/www.libraria-occitana.org\/oc\/wp-json\/wp\/v2\/product_cat?post=60226"},{"taxonomy":"product_tag","embeddable":true,"href":"https:\/\/www.libraria-occitana.org\/oc\/wp-json\/wp\/v2\/product_tag?post=60226"}],"curies":[{"name":"wp","href":"https:\/\/api.w.org\/{rel}","templated":true}]}}