{"id":60237,"date":"2022-05-30T17:19:52","date_gmt":"2022-05-30T15:19:52","guid":{"rendered":"http:\/\/www.libraria-occitana.org\/product\/languiment\/"},"modified":"2026-04-25T06:21:41","modified_gmt":"2026-04-25T04:21:41","slug":"languiment","status":"publish","type":"product","link":"https:\/\/www.libraria-occitana.org\/oc\/produch\/languiment\/","title":{"rendered":"Languiment"},"content":{"rendered":"<p>\u00ab Lo languiment, a l\u2019enc\u00f2p nostalgia e tristessa de sent\u00ed\u2019s lonh deu pa\u00eds o de quauqu\u2019un, m\u00e8s tanben esp\u00e8ra deu retorn de quauqu\u2019un o de quaucom com \u00f2m se langueish de l\u2019arribada d\u2019un amic, s\u00f2rta de<em> saudade<\/em> occitana, o \u00ab nostalgia deu futur \u00bb.<\/p>\n<p>A trav\u00e8rs la mea \u00f2bra, que c\u00e8rqui a revelar los sentits mes personaus e universaus a l\u2019enc\u00f2p, d\u00edser deu mond los flus qui mos trav\u00e8rsan, entre marm\u00fas e crit, entre desesperan\u00e7a e volontat de luta, entre dolor e do\u00e7or. \u00bb<\/p>\n<p>Dens aqueste nav\u00e8th \u00e0lbum,\u00a0 quauques can\u00e7ons de Prima\u00ebl dej\u00e0 un pauc conegudas (Libertat, Cant de rua), ua majoritat de navetats en gascon, un duo damb la cantaira franco-malgasha Fifaliana Defontaines (Un jardin), la can\u00e7on en catalan Caminant qui ganh\u00e8c lo pr\u00e8mi de la melhora can\u00e7on en catalan au festival M\u00fasica i Lletra de X\u00e0tiva 2021 (Pa\u00eds Valencian), ua can\u00e7on en espanh\u00f2l ent\u00e0 h\u00e8r aunor a las soas influ\u00e9ncias latino-americanas e una can\u00e7on en franc\u00e9s en per evocacion poetica deu Canal de Brienne a Tolosa.<\/p>\n<p>I escotaratz d\u2019instruments variats com la guitarra classica, la guitarra portuguesa, l\u2019od, la darbok\u00e8, lo cajon, e lo daf, tots jogats peu multi-instrumentista franco-tunisian Chokri Trabelsi, e lo violonc\u00e8le dens las mans de la musiciana parisiano-roergata Mathilde Comoy-Robert. La guitarra classica, lo piano e l\u2019acordeon cromatic que l\u2019acompanhan tanben.<\/p>\n<p>Totas las d\u00e8tz can\u00e7ons que son heituras soas, inspiradas deu <em>fado<\/em>, de la can\u00e7on orientala, de la <em>morna<\/em> capverdiana, de la bossa, de la <em>trova<\/em> latina e deu <em>folksong<\/em>.<\/p>\n<p>Ent\u00e0 descobrir las paraulas de las can\u00e7ons de l\u2019\u00e0lbum : <a href=\"https:\/\/trobasons.viasona.cat\/a\/1533\">https:\/\/trobasons.viasona.cat\/a\/1533<\/a><\/p>\n<p><iframe loading=\"lazy\" title=\"YouTube video player\" src=\"https:\/\/www.youtube.com\/embed\/qjbucQvTNYg?si=SuKQ5E18dxKlXfTf\" width=\"560\" height=\"315\" frameborder=\"0\" allowfullscreen=\"allowfullscreen\"><\/iframe><\/p>\n<p><strong>Titres :<\/strong><br \/>\n1. Cant De Rua 3'42<br \/>\n2. Un Jardin 4'07<br \/>\n3. Caminant 3'47<br \/>\n4. Matin 4'24<br \/>\n5. Languiment 3'05<br \/>\n6. Canal De Brienne 4'01<br \/>\n7. Vida Ajena 3'02<br \/>\n8. Libertat 4'08<br \/>\n9. Tornar\u00e8i (Ma T\u00e8rra Gascona) 2'29<br \/>\n10. Can\u00e7on De La Primaubor 3'16<\/p>\n","protected":false},"excerpt":{"rendered":"<p>\u00ab Lo languiment, a l\u2019enc\u00f2p nostalgia e tristessa de sent\u00ed\u2019s lonh deu pa\u00eds o de quauqu\u2019un, m\u00e8s tanben esp\u00e8ra deu retorn de quauqu\u2019un o de quaucom com \u00f2m se langueish de l\u2019arribada d\u2019un amic, s\u00f2rta de saudade occitana, o \u00ab nostalgia deu futur \u00bb. A trav\u00e8rs la mea \u00f2bra, que c\u00e8rqui a revelar los sentits [&hellip;]<\/p>\n","protected":false},"featured_media":60240,"template":"","meta":{"_acf_changed":false,"_genesis_hide_title":false,"_genesis_hide_breadcrumbs":false,"_genesis_hide_singular_image":false,"_genesis_hide_footer_widgets":false,"_genesis_custom_body_class":"","_genesis_custom_post_class":"","_genesis_layout":""},"product_brand":[],"product_cat":[7219,16683],"product_tag":[],"class_list":{"0":"post-60237","1":"product","2":"type-product","3":"status-publish","4":"has-post-thumbnail","6":"product_cat-chancon-oc","7":"product_cat-musica-oc","8":"pa_auteur-montgauzi-primael-oc","9":"pa_editeur-primael-montgauzi-oc","10":"pa_langue-autras-lingas-oc","11":"pa_langue-occitan-oc","12":"pa_langue-occitan-gascon-oc","13":"entry","15":"first","16":"outofstock","17":"shipping-taxable","18":"purchasable","19":"product-type-simple"},"acf":[],"_links":{"self":[{"href":"https:\/\/www.libraria-occitana.org\/oc\/wp-json\/wp\/v2\/product\/60237","targetHints":{"allow":["GET"]}}],"collection":[{"href":"https:\/\/www.libraria-occitana.org\/oc\/wp-json\/wp\/v2\/product"}],"about":[{"href":"https:\/\/www.libraria-occitana.org\/oc\/wp-json\/wp\/v2\/types\/product"}],"wp:featuredmedia":[{"embeddable":true,"href":"https:\/\/www.libraria-occitana.org\/oc\/wp-json\/wp\/v2\/media\/60240"}],"wp:attachment":[{"href":"https:\/\/www.libraria-occitana.org\/oc\/wp-json\/wp\/v2\/media?parent=60237"}],"wp:term":[{"taxonomy":"product_brand","embeddable":true,"href":"https:\/\/www.libraria-occitana.org\/oc\/wp-json\/wp\/v2\/product_brand?post=60237"},{"taxonomy":"product_cat","embeddable":true,"href":"https:\/\/www.libraria-occitana.org\/oc\/wp-json\/wp\/v2\/product_cat?post=60237"},{"taxonomy":"product_tag","embeddable":true,"href":"https:\/\/www.libraria-occitana.org\/oc\/wp-json\/wp\/v2\/product_tag?post=60237"}],"curies":[{"name":"wp","href":"https:\/\/api.w.org\/{rel}","templated":true}]}}