{"id":60244,"date":"2024-08-01T11:54:02","date_gmt":"2024-08-01T09:54:02","guid":{"rendered":"http:\/\/www.libraria-occitana.org\/?post_type=product&#038;p=60244"},"modified":"2026-04-10T02:01:55","modified_gmt":"2026-04-10T00:01:55","slug":"chivau-de-gasconha","status":"publish","type":"product","link":"https:\/\/www.libraria-occitana.org\/oc\/produch\/chivau-de-gasconha\/","title":{"rendered":"Chivau de Gasconha"},"content":{"rendered":"<p><strong>Joachim Montbord :<\/strong> Chant, mandole, tambour<br \/>\n<strong>J\u00e9r\u00f4me Dubois :<\/strong> Bugle, trompette, coquillage, ch\u0153urs<br \/>\n<strong>Gilles de Becdeli\u00e8vre :<\/strong> Accord\u00e9on, ch\u0153urs<\/p>\n<p>La Man Encantada, c\u2019est la main du chaman qui trouble la volont\u00e9 et le discernement. On ne sait plus si le chanteur \u00e0 la mandole nous tra\u00eene dans les rades des quais de Bordeaux ou dans quelque bayou d\u2019un delta imaginaire, dans les longues pluies de novembre sur la lande de Gascogne, ou sous une lanterne rouge du port de Shanga\u00ef. L\u2019accord\u00e9on pompe comme on respire apr\u00e8s l\u2019\u00e9treinte d\u2019une danse, tandis que le bugle fait r\u00e9sonner sa chaleur cuivr\u00e9e, ici et ce soir. Mais, de la mandragore \u00e0 l\u2019\u00e9tal de Mayan, la fille perdue du port, Asmodet veille toujours sur cette dr\u00f4le d\u2019amulette en forme de main.<\/p>\n<p>Vous trouverez dans ce deuxi\u00e8me album enregistr\u00e9 en live de belles chansons gasconnes, des m\u00e9lodies pour la danse, des compositions, un invit\u00e9, des traditionnels r\u00e9arrang\u00e9s, un po\u00e8me de Joan Bodon et des textes in\u00e9dits du r\u00e9pertoire bordelais mis en musique.<br \/>\nLivret avec les paroles des chansons en occitan et leur traduction.<\/p>\n<p><strong>Titres :<\/strong><br \/>\n1. A Bord\u00e8u i&#8217;es arribat 3&#8217;53<br \/>\n2. Lo darri\u00e8r j\u00f2c 3&#8217;45<br \/>\n3. Casse e li\u00e8dre 4&#8217;17<br \/>\n4. La sorci\u00e8ra te nhaca lo p\u00e8 3&#8217;23<br \/>\n5. Lo Jan de P\u00e8irah\u00f2rta 3&#8217;20<br \/>\n6. C\u00f2r copat 3&#8217;37<br \/>\n7. La calorada 4&#8217;31<br \/>\n8. Chivau de Gasconha 4&#8217;06<br \/>\n9. Tira te lopmanin 4&#8217;20<br \/>\n10. L&#8217;adromida 3&#8217;00<br \/>\n11. \u00c7\u00f2 qu&#8217;atz donc h\u00e8it de jo 4&#8217;17<br \/>\n12. Adiu O\u0414\u00e8ca 3&#8217;31<\/p>\n","protected":false},"excerpt":{"rendered":"<p>Joachim Montbord : Chant, mandole, tambour J\u00e9r\u00f4me Dubois : Bugle, trompette, coquillage, ch\u0153urs Gilles de Becdeli\u00e8vre : Accord\u00e9on, ch\u0153urs La Man Encantada, c\u2019est la main du chaman qui trouble la volont\u00e9 et le discernement. On ne sait plus si le chanteur \u00e0 la mandole nous tra\u00eene dans les rades des quais de Bordeaux ou dans [&hellip;]<\/p>\n","protected":false},"featured_media":60247,"template":"","meta":{"_acf_changed":false,"_genesis_hide_title":false,"_genesis_hide_breadcrumbs":false,"_genesis_hide_singular_image":false,"_genesis_hide_footer_widgets":false,"_genesis_custom_body_class":"","_genesis_custom_post_class":"","_genesis_layout":""},"product_brand":[],"product_cat":[16683,7229],"product_tag":[],"class_list":{"0":"post-60244","1":"product","2":"type-product","3":"status-publish","4":"has-post-thumbnail","6":"product_cat-musica-oc","7":"product_cat-novela-tradicion-oc","8":"pa_auteur-man-encantada-oc","9":"pa_editeur-man-encantada-1-oc","10":"pa_langue-occitan-oc","11":"pa_langue-occitan-gascon-oc","12":"pa_langue-occitan-francais-oc","13":"entry","15":"first","16":"instock","17":"shipping-taxable","18":"purchasable","19":"product-type-simple"},"acf":[],"_links":{"self":[{"href":"https:\/\/www.libraria-occitana.org\/oc\/wp-json\/wp\/v2\/product\/60244","targetHints":{"allow":["GET"]}}],"collection":[{"href":"https:\/\/www.libraria-occitana.org\/oc\/wp-json\/wp\/v2\/product"}],"about":[{"href":"https:\/\/www.libraria-occitana.org\/oc\/wp-json\/wp\/v2\/types\/product"}],"wp:featuredmedia":[{"embeddable":true,"href":"https:\/\/www.libraria-occitana.org\/oc\/wp-json\/wp\/v2\/media\/60247"}],"wp:attachment":[{"href":"https:\/\/www.libraria-occitana.org\/oc\/wp-json\/wp\/v2\/media?parent=60244"}],"wp:term":[{"taxonomy":"product_brand","embeddable":true,"href":"https:\/\/www.libraria-occitana.org\/oc\/wp-json\/wp\/v2\/product_brand?post=60244"},{"taxonomy":"product_cat","embeddable":true,"href":"https:\/\/www.libraria-occitana.org\/oc\/wp-json\/wp\/v2\/product_cat?post=60244"},{"taxonomy":"product_tag","embeddable":true,"href":"https:\/\/www.libraria-occitana.org\/oc\/wp-json\/wp\/v2\/product_tag?post=60244"}],"curies":[{"name":"wp","href":"https:\/\/api.w.org\/{rel}","templated":true}]}}