{"id":60341,"date":"2024-08-13T15:16:50","date_gmt":"2024-08-13T13:16:50","guid":{"rendered":"http:\/\/www.libraria-occitana.org\/?post_type=product&#038;p=60341"},"modified":"2026-04-16T00:12:02","modified_gmt":"2026-04-15T22:12:02","slug":"vie-de-jean-larsinhac","status":"publish","type":"product","link":"https:\/\/www.libraria-occitana.org\/oc\/produch\/vie-de-jean-larsinhac\/","title":{"rendered":"Vie de Jean Larsinhac"},"content":{"rendered":"<blockquote>\n<p>Le silence \u00e9tait lisse, tout comme le ciel, m\u00eame si l&#8217;on entendait, dans un chemin de la combe, le cr\u00e9pitement d&#8217;une charrette sur les cailloux dont, par moment, le son nous parvenait avec clart\u00e9. Roger avait \u00e9t\u00e9 le camarade de Jean au Maquis. Il avait \u00e0 peu pr\u00e8s son \u00e2ge. Roger jeta les marguerites dess\u00e9ch\u00e9es et nettoya le bas de la dalle. Ces gestes me firent penser \u00e0 une visite au cimeti\u00e8re. Ils me mirent mal \u00e0 l&#8217;aise. Je le dis \u00e0 Roger. Il ne r\u00e9pondit pas et tous les deux nous avons regard\u00e9 le thym qui poussait entre les pierres et l&#8217;herbe du foss\u00e9 dont on comprenait qu&#8217;ils auraient bient\u00f4t \u00e9touff\u00e9 la dalle et le Souvenir. \u00ab C&#8217;est mieux ainsi \u00bb, dis-je.<\/p>\n<\/blockquote>\n<p><a href=\"http:\/\/www.libraria-occitana.org\/produit\/vida-de-joan-larsinhac\/\"><em>Vida de Joan Larsinhac<\/em><\/a> est un premier roman. Le N\u00eemois Robert Lafont, professeur et \u00e9crivain, engag\u00e9 dans la naissance du mouvement occitan, l&#8217;a \u00e9crit au lendemain de la seconde guerre mondiale, \u00e0 23 ans. Sa publication, en 1951, inaugure la nouvelle collection <em>Pr\u00f2sa<\/em> du jeune <em>Institut d&#8217;Estudis Occitans<\/em>. Un coup d&#8217;\u00e9clat \u00e9ditorial, certes, mais aussi une source litt\u00e9raire du roman moderne en occitan. L&#8217;intention est alors d&#8217;ouvrir une voie nouvelle.<\/p>\n","protected":false},"excerpt":{"rendered":"<p>Le silence \u00e9tait lisse, tout comme le ciel, m\u00eame si l&#8217;on entendait, dans un chemin de la combe, le cr\u00e9pitement d&#8217;une charrette sur les cailloux dont, par moment, le son nous parvenait avec clart\u00e9. Roger avait \u00e9t\u00e9 le camarade de Jean au Maquis. Il avait \u00e0 peu pr\u00e8s son \u00e2ge. Roger jeta les marguerites dess\u00e9ch\u00e9es [&hellip;]<\/p>\n","protected":false},"featured_media":60344,"template":"","meta":{"_acf_changed":false,"_genesis_hide_title":false,"_genesis_hide_breadcrumbs":false,"_genesis_hide_singular_image":false,"_genesis_hide_footer_widgets":false,"_genesis_custom_body_class":"","_genesis_custom_post_class":"","_genesis_layout":""},"product_brand":[],"product_cat":[7133,7175,7183],"product_tag":[],"class_list":{"0":"post-60341","1":"product","2":"type-product","3":"status-publish","4":"has-post-thumbnail","6":"product_cat-libres-oc","7":"product_cat-literatura-oc","8":"product_cat-romans-novelas-oc","9":"pa_editeur-lauceu-libre-oc","10":"pa_illustrateur-lafont-robert-oc","11":"pa_illustrateur-torreilles-claire-oc-1","12":"pa_langue-francais-oc","13":"entry","15":"first","16":"instock","17":"shipping-taxable","18":"purchasable","19":"product-type-simple"},"acf":[],"_links":{"self":[{"href":"https:\/\/www.libraria-occitana.org\/oc\/wp-json\/wp\/v2\/product\/60341","targetHints":{"allow":["GET"]}}],"collection":[{"href":"https:\/\/www.libraria-occitana.org\/oc\/wp-json\/wp\/v2\/product"}],"about":[{"href":"https:\/\/www.libraria-occitana.org\/oc\/wp-json\/wp\/v2\/types\/product"}],"wp:featuredmedia":[{"embeddable":true,"href":"https:\/\/www.libraria-occitana.org\/oc\/wp-json\/wp\/v2\/media\/60344"}],"wp:attachment":[{"href":"https:\/\/www.libraria-occitana.org\/oc\/wp-json\/wp\/v2\/media?parent=60341"}],"wp:term":[{"taxonomy":"product_brand","embeddable":true,"href":"https:\/\/www.libraria-occitana.org\/oc\/wp-json\/wp\/v2\/product_brand?post=60341"},{"taxonomy":"product_cat","embeddable":true,"href":"https:\/\/www.libraria-occitana.org\/oc\/wp-json\/wp\/v2\/product_cat?post=60341"},{"taxonomy":"product_tag","embeddable":true,"href":"https:\/\/www.libraria-occitana.org\/oc\/wp-json\/wp\/v2\/product_tag?post=60341"}],"curies":[{"name":"wp","href":"https:\/\/api.w.org\/{rel}","templated":true}]}}