{"id":60358,"date":"2023-06-13T18:50:30","date_gmt":"2023-06-13T16:50:30","guid":{"rendered":"http:\/\/www.libraria-occitana.org\/?post_type=product&#038;p=60358"},"modified":"2026-04-29T06:01:37","modified_gmt":"2026-04-29T04:01:37","slug":"al-dintre-de-la-closca","status":"publish","type":"product","link":"https:\/\/www.libraria-occitana.org\/oc\/produch\/al-dintre-de-la-closca\/","title":{"rendered":"Al dintre de la cl\u00f2sca"},"content":{"rendered":"<p>Assaber, a las legeiras, als legeires e als autres.<\/p>\n<p>Amb aqueste roman futurista vos anatz retrobar l\u00e8u fach dintre la cl\u00f2sca de mantun personatge, d\u2019en primi\u00e8r de dos gorillas (mascle e feme) \u00ab geneticamanent modificats \u00bb per l\u2019intervencion del fam\u00f3s neurol\u00f2gue tolosan, somitat de la medecina, Kasimir Patatszczywski (se pron\u00f3ncia exactament coma s\u2019escriu)\u2026 e tanben de qualques autres qu\u2019eles tanben avi\u00e1n res demandat.<\/p>\n<p>Aquesta ist\u00f2ria entortobilhada a plaser nos res\u00e8rva, camin fasent per carri\u00e8ras, pla\u00e7as e monuments de Tolosa, plan d\u2019autras suspresas e un suspense de los que vos daissan sangla\u00e7at. Anatz crosar dins aquesta aventura que cambadeja alegrament entre sci\u00e9ncia e politica-ficcion, una enqu\u00e8sta polici\u00e8ra sus una s\u00e8cta de dangieroses complotaires eles tanben entre las mans d\u2019una s\u00e8cta bailejada pel rival (maquiavelic) del brave professor.<\/p>\n","protected":false},"excerpt":{"rendered":"<p>Assaber, a las legeiras, als legeires e als autres. Amb aqueste roman futurista vos anatz retrobar l\u00e8u fach dintre la cl\u00f2sca de mantun personatge, d\u2019en primi\u00e8r de dos gorillas (mascle e feme) \u00ab geneticamanent modificats \u00bb per l\u2019intervencion del fam\u00f3s neurol\u00f2gue tolosan, somitat de la medecina, Kasimir Patatszczywski (se pron\u00f3ncia exactament coma s\u2019escriu)\u2026 e tanben [&hellip;]<\/p>\n","protected":false},"featured_media":60361,"template":"","meta":{"_acf_changed":false,"_genesis_hide_title":false,"_genesis_hide_breadcrumbs":false,"_genesis_hide_singular_image":false,"_genesis_hide_footer_widgets":false,"_genesis_custom_body_class":"","_genesis_custom_post_class":"","_genesis_layout":""},"product_brand":[],"product_cat":[7133,7175,7183],"product_tag":[],"class_list":{"0":"post-60358","1":"product","2":"type-product","3":"status-publish","4":"has-post-thumbnail","6":"product_cat-libres-oc","7":"product_cat-literatura-oc","8":"product_cat-romans-novelas-oc","9":"pa_auteur-chaumont-cristian-oc","10":"pa_editeur-e-rau-edicions-oc","11":"pa_langue-occitan-oc","12":"pa_langue-occitan-lengadocian-oc","13":"entry","15":"first","16":"instock","17":"shipping-taxable","18":"purchasable","19":"product-type-simple"},"acf":[],"_links":{"self":[{"href":"https:\/\/www.libraria-occitana.org\/oc\/wp-json\/wp\/v2\/product\/60358","targetHints":{"allow":["GET"]}}],"collection":[{"href":"https:\/\/www.libraria-occitana.org\/oc\/wp-json\/wp\/v2\/product"}],"about":[{"href":"https:\/\/www.libraria-occitana.org\/oc\/wp-json\/wp\/v2\/types\/product"}],"wp:featuredmedia":[{"embeddable":true,"href":"https:\/\/www.libraria-occitana.org\/oc\/wp-json\/wp\/v2\/media\/60361"}],"wp:attachment":[{"href":"https:\/\/www.libraria-occitana.org\/oc\/wp-json\/wp\/v2\/media?parent=60358"}],"wp:term":[{"taxonomy":"product_brand","embeddable":true,"href":"https:\/\/www.libraria-occitana.org\/oc\/wp-json\/wp\/v2\/product_brand?post=60358"},{"taxonomy":"product_cat","embeddable":true,"href":"https:\/\/www.libraria-occitana.org\/oc\/wp-json\/wp\/v2\/product_cat?post=60358"},{"taxonomy":"product_tag","embeddable":true,"href":"https:\/\/www.libraria-occitana.org\/oc\/wp-json\/wp\/v2\/product_tag?post=60358"}],"curies":[{"name":"wp","href":"https:\/\/api.w.org\/{rel}","templated":true}]}}