{"id":60378,"date":"2023-06-14T08:27:27","date_gmt":"2023-06-14T06:27:27","guid":{"rendered":"http:\/\/www.libraria-occitana.org\/product\/los-beatles-de-sant-cubran\/"},"modified":"2026-04-17T05:11:14","modified_gmt":"2026-04-17T03:11:14","slug":"los-beatles-de-sant-cubran","status":"publish","type":"product","link":"https:\/\/www.libraria-occitana.org\/oc\/produch\/los-beatles-de-sant-cubran\/","title":{"rendered":"Los Beatles de Sant \u00c7ubran"},"content":{"rendered":"<blockquote><p>Arser, av\u00e8m perdut lo n\u00f2stre Ringo. Es partit amb lo tren de nu\u00e8ch que va de Bord\u00e8u a Ni\u00e7a e que s'arr\u00e8sta a Tolosa sus las onze oras. Lo temps d'agantar una valisa e de caminar a Matabiau. Nos a dich que tornari\u00e1 pas jamai. A decidit de desapar\u00e9isser la velha qu'av\u00e8m recebut aquela invitacion oficiala per anar jogar al festenal de Wroclaw, amondaut en Polonha. La n\u00f2stra candidatura agrad\u00e8t a la jurada. S\u00e8tz qualificats, ditz la letra. Una suspresa o benl\u00e8u un miracle. U\u00e8i, deuriam nos regaudir mas sens un Ringo, anarem pas enl\u00f2c.<\/p><\/blockquote>\n<p>Las aventuras d\u2019un grope de musicaires tolosans, entre esper, dificultat materiala e tensions relacionalas, en camin per un concors d\u2019interpretacion de las chan\u00e7ons dels Beatles. Lo prumier roman en occitan de Michel Fraysse, en mena de road movie.<\/p>\n","protected":false},"excerpt":{"rendered":"<p>Arser, av\u00e8m perdut lo n\u00f2stre Ringo. Es partit amb lo tren de nu\u00e8ch que va de Bord\u00e8u a Ni\u00e7a e que s&#8217;arr\u00e8sta a Tolosa sus las onze oras. Lo temps d&#8217;agantar una valisa e de caminar a Matabiau. Nos a dich que tornari\u00e1 pas jamai. A decidit de desapar\u00e9isser la velha qu&#8217;av\u00e8m recebut aquela invitacion [&hellip;]<\/p>\n","protected":false},"featured_media":60376,"template":"","meta":{"_acf_changed":false,"_genesis_hide_title":false,"_genesis_hide_breadcrumbs":false,"_genesis_hide_singular_image":false,"_genesis_hide_footer_widgets":false,"_genesis_custom_body_class":"","_genesis_custom_post_class":"","_genesis_layout":""},"product_brand":[],"product_cat":[7133,7175,7183],"product_tag":[],"class_list":{"0":"post-60378","1":"product","2":"type-product","3":"status-publish","4":"has-post-thumbnail","6":"product_cat-libres-oc","7":"product_cat-literatura-oc","8":"product_cat-romans-novelas-oc","9":"pa_auteur-fraysse-michel-oc","10":"pa_editeur-ieo-fr-oc","11":"pa_langue-occitan-oc","12":"pa_langue-occitan-lengadocian-oc","13":"entry","15":"first","16":"instock","17":"shipping-taxable","18":"purchasable","19":"product-type-simple"},"acf":[],"_links":{"self":[{"href":"https:\/\/www.libraria-occitana.org\/oc\/wp-json\/wp\/v2\/product\/60378","targetHints":{"allow":["GET"]}}],"collection":[{"href":"https:\/\/www.libraria-occitana.org\/oc\/wp-json\/wp\/v2\/product"}],"about":[{"href":"https:\/\/www.libraria-occitana.org\/oc\/wp-json\/wp\/v2\/types\/product"}],"wp:featuredmedia":[{"embeddable":true,"href":"https:\/\/www.libraria-occitana.org\/oc\/wp-json\/wp\/v2\/media\/60376"}],"wp:attachment":[{"href":"https:\/\/www.libraria-occitana.org\/oc\/wp-json\/wp\/v2\/media?parent=60378"}],"wp:term":[{"taxonomy":"product_brand","embeddable":true,"href":"https:\/\/www.libraria-occitana.org\/oc\/wp-json\/wp\/v2\/product_brand?post=60378"},{"taxonomy":"product_cat","embeddable":true,"href":"https:\/\/www.libraria-occitana.org\/oc\/wp-json\/wp\/v2\/product_cat?post=60378"},{"taxonomy":"product_tag","embeddable":true,"href":"https:\/\/www.libraria-occitana.org\/oc\/wp-json\/wp\/v2\/product_tag?post=60378"}],"curies":[{"name":"wp","href":"https:\/\/api.w.org\/{rel}","templated":true}]}}