{"id":60381,"date":"2023-06-14T08:41:46","date_gmt":"2023-06-14T06:41:46","guid":{"rendered":"http:\/\/www.libraria-occitana.org\/?post_type=product&#038;p=60381"},"modified":"2026-04-17T05:11:12","modified_gmt":"2026-04-17T03:11:12","slug":"la-distanciacion","status":"publish","type":"product","link":"https:\/\/www.libraria-occitana.org\/oc\/produch\/la-distanciacion\/","title":{"rendered":"La Distanciacion"},"content":{"rendered":"<blockquote><p>Quand los parents \u00e8ran al trabalh, la grand mairala s'ocupava de Paulina, abans qu'an\u00e8sse a l'esc\u00f2la e apr\u00e8s. La menava o l'anava qu\u00e8rre regularament. Veusa, vivi\u00e1 sola dins son ostal a qualques centenats de m\u00e8tres. S'endeveni\u00e1n plan totas doas. Li legissi\u00e1 de libres pels enfants, li contava de causas de son temps, li parlava de las flors, de las plantas de l'\u00f2rt, dels auc\u00e8ls que se veni\u00e1n ajocar suls arbres. Li explicava qualques rec\u00e8ptas de cosina e la fasi\u00e1 participar. \u00c8ran de moments d'una granda complicitat. Li balhava de conselhs a proporcion que veni\u00e1 drolleta. Entre autras causas, li disi\u00e1 que se cal mesfisar dels autres : - Se fisar es plan bon, se mesfisar encara melhor.<\/p><\/blockquote>\n<p>Lo desir d\u2019\u00e8stre maire, la dificultat de la maternitat, las inquietuds de l\u2019educacion entre proteccion e libertat. Es possible de viure sa vida dins la mesfisan\u00e7a ? Lo nov\u00e8l roman de l'autor de Delai la mar, Lo barracon, Un estiu sus la talv\u00e8ra...<\/p>\n","protected":false},"excerpt":{"rendered":"<p>Quand los parents \u00e8ran al trabalh, la grand mairala s&#8217;ocupava de Paulina, abans qu&#8217;an\u00e8sse a l&#8217;esc\u00f2la e apr\u00e8s. La menava o l&#8217;anava qu\u00e8rre regularament. Veusa, vivi\u00e1 sola dins son ostal a qualques centenats de m\u00e8tres. S&#8217;endeveni\u00e1n plan totas doas. Li legissi\u00e1 de libres pels enfants, li contava de causas de son temps, li parlava de [&hellip;]<\/p>\n","protected":false},"featured_media":60373,"template":"","meta":{"_acf_changed":false,"_genesis_hide_title":false,"_genesis_hide_breadcrumbs":false,"_genesis_hide_singular_image":false,"_genesis_hide_footer_widgets":false,"_genesis_custom_body_class":"","_genesis_custom_post_class":"","_genesis_layout":""},"product_brand":[],"product_cat":[7133,7175,7183],"product_tag":[],"class_list":{"0":"post-60381","1":"product","2":"type-product","3":"status-publish","4":"has-post-thumbnail","6":"product_cat-libres-oc","7":"product_cat-literatura-oc","8":"product_cat-romans-novelas-oc","9":"pa_editeur-ieo-fr-oc","10":"pa_illustrateur-gairal-sergi-oc","11":"pa_langue-occitan-oc","12":"pa_langue-occitan-lengadocian-oc","13":"entry","15":"first","16":"instock","17":"shipping-taxable","18":"purchasable","19":"product-type-simple"},"acf":[],"_links":{"self":[{"href":"https:\/\/www.libraria-occitana.org\/oc\/wp-json\/wp\/v2\/product\/60381","targetHints":{"allow":["GET"]}}],"collection":[{"href":"https:\/\/www.libraria-occitana.org\/oc\/wp-json\/wp\/v2\/product"}],"about":[{"href":"https:\/\/www.libraria-occitana.org\/oc\/wp-json\/wp\/v2\/types\/product"}],"wp:featuredmedia":[{"embeddable":true,"href":"https:\/\/www.libraria-occitana.org\/oc\/wp-json\/wp\/v2\/media\/60373"}],"wp:attachment":[{"href":"https:\/\/www.libraria-occitana.org\/oc\/wp-json\/wp\/v2\/media?parent=60381"}],"wp:term":[{"taxonomy":"product_brand","embeddable":true,"href":"https:\/\/www.libraria-occitana.org\/oc\/wp-json\/wp\/v2\/product_brand?post=60381"},{"taxonomy":"product_cat","embeddable":true,"href":"https:\/\/www.libraria-occitana.org\/oc\/wp-json\/wp\/v2\/product_cat?post=60381"},{"taxonomy":"product_tag","embeddable":true,"href":"https:\/\/www.libraria-occitana.org\/oc\/wp-json\/wp\/v2\/product_tag?post=60381"}],"curies":[{"name":"wp","href":"https:\/\/api.w.org\/{rel}","templated":true}]}}