{"id":60391,"date":"2011-08-14T12:50:56","date_gmt":"2011-08-14T10:50:56","guid":{"rendered":"http:\/\/www.libraria-occitana.org\/product\/mercant-doblit-chansons-contemporaines-en-langue-occitane\/"},"modified":"2026-04-26T02:41:15","modified_gmt":"2026-04-26T00:41:15","slug":"mercant-doblit-chansons-contemporaines-en-langue-occitane","status":"publish","type":"product","link":"https:\/\/www.libraria-occitana.org\/oc\/produch\/mercant-doblit-chansons-contemporaines-en-langue-occitane\/","title":{"rendered":"Mercant d&#8217;oblit : Chansons contemporaines en langue occitane"},"content":{"rendered":"<p><strong>Brigita Miremont :<\/strong> Auteur<br \/>\n<strong>Yannick Gu\u00e9dec :<\/strong> Compositeur, chant et accord\u00e9on<br \/>\n<strong>Hermine Huguenel :<\/strong> Chant et percussion<br \/>\n<strong>Lionnel Morand :<\/strong> Violoncelle<\/p>\n<p>Trapa-Bec&#8217; chante <em>M\u00e8l o Citron<\/em>, textes de Brigita Miremont.<br \/>\nEnregistrement public lors d&#8217;une tourn\u00e9e en P\u00e9rigord en partenariat avec l&#8217;ADAM 24.<\/p>\n<p><strong>Titres :<\/strong><br \/>\n1. Mercant d&#8217;oblit 4&#8217;16<br \/>\n2. Rosa a Nadal 2&#8217;41<br \/>\n3. Alquimist 3&#8217;41<br \/>\n4. Mascarada 3&#8217;22<br \/>\n5. Can\u00e7on rosa 3&#8217;10<br \/>\n6. La femna del parking 4&#8217;32<br \/>\n7. Lo mosquilh e l&#8217;aranha 2&#8217;56<br \/>\n8. Digatz-me 2&#8217;21<br \/>\n9. Anti trobador 3&#8217;54<br \/>\n10. Viatge 6&#8217;11<br \/>\n11. Bufada 3&#8242;<br \/>\n12. Colleccionaire 2&#8217;46<\/p>\n","protected":false},"excerpt":{"rendered":"<p>Brigita Miremont : Auteur Yannick Gu\u00e9dec : Compositeur, chant et accord\u00e9on Hermine Huguenel : Chant et percussion Lionnel Morand : Violoncelle Trapa-Bec&#8217; chante M\u00e8l o Citron, textes de Brigita Miremont. Enregistrement public lors d&#8217;une tourn\u00e9e en P\u00e9rigord en partenariat avec l&#8217;ADAM 24. Titres : 1. Mercant d&#8217;oblit 4&#8217;16 2. Rosa a Nadal 2&#8217;41 3. Alquimist [&hellip;]<\/p>\n","protected":false},"featured_media":60389,"template":"","meta":{"_acf_changed":false,"_genesis_hide_title":false,"_genesis_hide_breadcrumbs":false,"_genesis_hide_singular_image":false,"_genesis_hide_footer_widgets":false,"_genesis_custom_body_class":"","_genesis_custom_post_class":"","_genesis_layout":""},"product_brand":[],"product_cat":[7219,16683],"product_tag":[],"class_list":{"0":"post-60391","1":"product","2":"type-product","3":"status-publish","4":"has-post-thumbnail","6":"product_cat-chancon-oc","7":"product_cat-musica-oc","8":"pa_auteur-trapa-bec-oc","9":"pa_langue-occitan-oc","10":"pa_langue-occitan-lengadocian-oc","11":"entry","13":"first","14":"instock","15":"shipping-taxable","16":"purchasable","17":"product-type-simple"},"acf":[],"_links":{"self":[{"href":"https:\/\/www.libraria-occitana.org\/oc\/wp-json\/wp\/v2\/product\/60391","targetHints":{"allow":["GET"]}}],"collection":[{"href":"https:\/\/www.libraria-occitana.org\/oc\/wp-json\/wp\/v2\/product"}],"about":[{"href":"https:\/\/www.libraria-occitana.org\/oc\/wp-json\/wp\/v2\/types\/product"}],"wp:featuredmedia":[{"embeddable":true,"href":"https:\/\/www.libraria-occitana.org\/oc\/wp-json\/wp\/v2\/media\/60389"}],"wp:attachment":[{"href":"https:\/\/www.libraria-occitana.org\/oc\/wp-json\/wp\/v2\/media?parent=60391"}],"wp:term":[{"taxonomy":"product_brand","embeddable":true,"href":"https:\/\/www.libraria-occitana.org\/oc\/wp-json\/wp\/v2\/product_brand?post=60391"},{"taxonomy":"product_cat","embeddable":true,"href":"https:\/\/www.libraria-occitana.org\/oc\/wp-json\/wp\/v2\/product_cat?post=60391"},{"taxonomy":"product_tag","embeddable":true,"href":"https:\/\/www.libraria-occitana.org\/oc\/wp-json\/wp\/v2\/product_tag?post=60391"}],"curies":[{"name":"wp","href":"https:\/\/api.w.org\/{rel}","templated":true}]}}