{"id":60413,"date":"2022-06-14T17:52:46","date_gmt":"2022-06-14T15:52:46","guid":{"rendered":"http:\/\/www.libraria-occitana.org\/product\/tulle-sa-cathedrale-notre-dame-son-cloitre-monastique-et-le-puy-saint-clair\/"},"modified":"2026-04-12T23:41:17","modified_gmt":"2026-04-12T21:41:17","slug":"tulle-sa-cathedrale-notre-dame-son-cloitre-monastique-et-le-puy-saint-clair","status":"publish","type":"product","link":"https:\/\/www.libraria-occitana.org\/oc\/produch\/tulle-sa-cathedrale-notre-dame-son-cloitre-monastique-et-le-puy-saint-clair\/","title":{"rendered":"Tulle : Sa cath\u00e9drale Notre-Dame, son clo\u00eetre monastique et le Puy Saint-Clair"},"content":{"rendered":"<p>\u00ab Notre-Dame de Tulle veillant sur la Lunade de Monseigneur Saint Jean-Baptiste&#8230; \u00bb<br \/>\nCe vitrail de J.-J. Gruber (1979) r\u00e9sume l&#8217;histoire de la ville depuis ses origines pr\u00e9chr\u00e9tiennes : de la Grande Peste de 1348 \u00e0 la R\u00e9volution fran\u00e7aise et jusqu&#8217;aux 99 supplici\u00e9s du 6 juin 1944.<br \/>\nAu pied de la colline sainte du Puy Saint-Clair la cath\u00e9drale et son clo\u00eetre sont des livres de pierre et de lumi\u00e8re qui invitent \u00e0 d\u00e9chiffrer leur myst\u00e8re.<\/p>\n","protected":false},"excerpt":{"rendered":"<p>\u00ab Notre-Dame de Tulle veillant sur la Lunade de Monseigneur Saint Jean-Baptiste&#8230; \u00bb Ce vitrail de J.-J. Gruber (1979) r\u00e9sume l&#8217;histoire de la ville depuis ses origines pr\u00e9chr\u00e9tiennes : de la Grande Peste de 1348 \u00e0 la R\u00e9volution fran\u00e7aise et jusqu&#8217;aux 99 supplici\u00e9s du 6 juin 1944. Au pied de la colline sainte du Puy [&hellip;]<\/p>\n","protected":false},"featured_media":60411,"template":"","meta":{"_acf_changed":false,"_genesis_hide_title":false,"_genesis_hide_breadcrumbs":false,"_genesis_hide_singular_image":false,"_genesis_hide_footer_widgets":false,"_genesis_custom_body_class":"","_genesis_custom_post_class":"","_genesis_layout":""},"product_brand":[],"product_cat":[7199,7133,7197],"product_tag":[],"class_list":{"0":"post-60413","1":"product","2":"type-product","3":"status-publish","4":"has-post-thumbnail","6":"product_cat-guides-torisme-viatge-oc","7":"product_cat-libres-oc","8":"product_cat-natura-torisme-oc","9":"pa_auteur-goustine-luc-de-fr-oc","10":"pa_auteur-rooryck-isabelle-oc","11":"pa_editeur-carrefour-ventadour-fr-oc","12":"pa_illustrateur-amelot-jean-francois-oc","13":"pa_langue-francais-oc","14":"entry","16":"first","17":"instock","18":"shipping-taxable","19":"purchasable","20":"product-type-simple"},"acf":[],"_links":{"self":[{"href":"https:\/\/www.libraria-occitana.org\/oc\/wp-json\/wp\/v2\/product\/60413","targetHints":{"allow":["GET"]}}],"collection":[{"href":"https:\/\/www.libraria-occitana.org\/oc\/wp-json\/wp\/v2\/product"}],"about":[{"href":"https:\/\/www.libraria-occitana.org\/oc\/wp-json\/wp\/v2\/types\/product"}],"wp:featuredmedia":[{"embeddable":true,"href":"https:\/\/www.libraria-occitana.org\/oc\/wp-json\/wp\/v2\/media\/60411"}],"wp:attachment":[{"href":"https:\/\/www.libraria-occitana.org\/oc\/wp-json\/wp\/v2\/media?parent=60413"}],"wp:term":[{"taxonomy":"product_brand","embeddable":true,"href":"https:\/\/www.libraria-occitana.org\/oc\/wp-json\/wp\/v2\/product_brand?post=60413"},{"taxonomy":"product_cat","embeddable":true,"href":"https:\/\/www.libraria-occitana.org\/oc\/wp-json\/wp\/v2\/product_cat?post=60413"},{"taxonomy":"product_tag","embeddable":true,"href":"https:\/\/www.libraria-occitana.org\/oc\/wp-json\/wp\/v2\/product_tag?post=60413"}],"curies":[{"name":"wp","href":"https:\/\/api.w.org\/{rel}","templated":true}]}}