{"id":60416,"date":"2022-04-14T18:00:28","date_gmt":"2022-04-14T16:00:28","guid":{"rendered":"http:\/\/www.libraria-occitana.org\/product\/lo-diable-la-se-creme\/"},"modified":"2026-04-20T23:41:49","modified_gmt":"2026-04-20T21:41:49","slug":"lo-diable-la-se-creme","status":"publish","type":"product","link":"https:\/\/www.libraria-occitana.org\/oc\/produch\/lo-diable-la-se-creme\/","title":{"rendered":"Lo diable la se creme"},"content":{"rendered":"<p>\u00ab Peu men mesti\u00e8r que soi acostumat a hicar en relacion documents, paraulas, h\u00e8its de tot escantilh qui p\u00f2den par\u00e9isher shens rap\u00f2rt, a'us classar, a'us analisar ent\u00e0 ensajar de har emergir un sens. \u00bb<br \/>\nTot aqu\u00f2 qu'ei h\u00f2rt bon, e que'ns podem felicitar que i aja en las nostas societats de taus professionaus de la rason e de l'intellig\u00e9ncia.<br \/>\nMes que's passa quan las conclusions a las quaus deu logicament arribar lo cerv\u00e8th uman son au del\u00e0 de \u00e7\u00f2 qui acc\u00e8pta de conc\u00e9ber ?<\/p>\n<p>Quate nov\u00e8las fantasticas e d'anticipacion.<\/p>\n","protected":false},"excerpt":{"rendered":"<p>\u00ab Peu men mesti\u00e8r que soi acostumat a hicar en relacion documents, paraulas, h\u00e8its de tot escantilh qui p\u00f2den par\u00e9isher shens rap\u00f2rt, a&#8217;us classar, a&#8217;us analisar ent\u00e0 ensajar de har emergir un sens. \u00bb Tot aqu\u00f2 qu&#8217;ei h\u00f2rt bon, e que&#8217;ns podem felicitar que i aja en las nostas societats de taus professionaus de la [&hellip;]<\/p>\n","protected":false},"featured_media":60408,"template":"","meta":{"_acf_changed":false,"_genesis_hide_title":false,"_genesis_hide_breadcrumbs":false,"_genesis_hide_singular_image":false,"_genesis_hide_footer_widgets":false,"_genesis_custom_body_class":"","_genesis_custom_post_class":"","_genesis_layout":""},"product_brand":[],"product_cat":[7133,7175,7183],"product_tag":[],"class_list":{"0":"post-60416","1":"product","2":"type-product","3":"status-publish","4":"has-post-thumbnail","6":"product_cat-libres-oc","7":"product_cat-literatura-oc","8":"product_cat-romans-novelas-oc","9":"pa_auteur-biu-felip-oc","10":"pa_editeur-per-noste-oc","11":"pa_langue-occitan-oc","12":"pa_langue-occitan-gascon-oc","13":"entry","15":"first","16":"instock","17":"shipping-taxable","18":"purchasable","19":"product-type-simple"},"acf":[],"_links":{"self":[{"href":"https:\/\/www.libraria-occitana.org\/oc\/wp-json\/wp\/v2\/product\/60416","targetHints":{"allow":["GET"]}}],"collection":[{"href":"https:\/\/www.libraria-occitana.org\/oc\/wp-json\/wp\/v2\/product"}],"about":[{"href":"https:\/\/www.libraria-occitana.org\/oc\/wp-json\/wp\/v2\/types\/product"}],"wp:featuredmedia":[{"embeddable":true,"href":"https:\/\/www.libraria-occitana.org\/oc\/wp-json\/wp\/v2\/media\/60408"}],"wp:attachment":[{"href":"https:\/\/www.libraria-occitana.org\/oc\/wp-json\/wp\/v2\/media?parent=60416"}],"wp:term":[{"taxonomy":"product_brand","embeddable":true,"href":"https:\/\/www.libraria-occitana.org\/oc\/wp-json\/wp\/v2\/product_brand?post=60416"},{"taxonomy":"product_cat","embeddable":true,"href":"https:\/\/www.libraria-occitana.org\/oc\/wp-json\/wp\/v2\/product_cat?post=60416"},{"taxonomy":"product_tag","embeddable":true,"href":"https:\/\/www.libraria-occitana.org\/oc\/wp-json\/wp\/v2\/product_tag?post=60416"}],"curies":[{"name":"wp","href":"https:\/\/api.w.org\/{rel}","templated":true}]}}