{"id":60426,"date":"2022-09-14T18:16:25","date_gmt":"2022-09-14T16:16:25","guid":{"rendered":"http:\/\/www.libraria-occitana.org\/?post_type=product&#038;p=60426"},"modified":"2026-04-20T06:11:14","modified_gmt":"2026-04-20T04:11:14","slug":"peir-e-lo-lop-libre-cd-2","status":"publish","type":"product","link":"https:\/\/www.libraria-occitana.org\/oc\/produch\/peir-e-lo-lop-libre-cd-2\/","title":{"rendered":"P\u00e8ir e lo lop (libre + CD)"},"content":{"rendered":"<p>Adaptacion dau conte sinfonic de Serg\u00fcei Prokofiev per Joan de Nadau e illustrat per Val\u00e9rie Lalu.<\/p>\n<blockquote><p>T\u00e0 l'aus\u00e8th, la flabuta.<br \/>\nTau guit, lo clarin.<br \/>\nTau gat, la clarineta.<br \/>\nTau pairbon, lo basson.<br \/>\nTaus ca\u00e7adors, la caisha grana.<br \/>\nTau P\u00e8ir, los instruments de c\u00f2rdas de l'orqu\u00e8stra.<\/p>\n<p>E tau lop, qui ?<\/p><\/blockquote>\n<p>Enregistraments emb daus musicaires professionaus, dirijats per Marjorie Claver.<\/p>\n<p>Cicles 1 a 3.<br \/>\nLibreton pedagogic sus <a href=\"https:\/\/www.capoc.fr\/\">https:\/\/www.capoc.fr\/<\/a><\/p>\n<p>&nbsp;<\/p>\n","protected":false},"excerpt":{"rendered":"<p>Adaptacion dau conte sinfonic de Serg\u00fcei Prokofiev per Joan de Nadau e illustrat per Val\u00e9rie Lalu. T\u00e0 l&#8217;aus\u00e8th, la flabuta. Tau guit, lo clarin. Tau gat, la clarineta. Tau pairbon, lo basson. Taus ca\u00e7adors, la caisha grana. Tau P\u00e8ir, los instruments de c\u00f2rdas de l&#8217;orqu\u00e8stra. E tau lop, qui ? Enregistraments emb daus musicaires professionaus, [&hellip;]<\/p>\n","protected":false},"featured_media":60429,"template":"","meta":{"_acf_changed":false,"_genesis_hide_title":false,"_genesis_hide_breadcrumbs":false,"_genesis_hide_singular_image":false,"_genesis_hide_footer_widgets":false,"_genesis_custom_body_class":"","_genesis_custom_post_class":"","_genesis_layout":""},"product_brand":[],"product_cat":[7171,7165,7133],"product_tag":[],"class_list":{"0":"post-60426","1":"product","2":"type-product","3":"status-publish","4":"has-post-thumbnail","6":"product_cat-drolles-oc","7":"product_cat-jounessa-bd-umor","8":"product_cat-libres-oc","9":"pa_auteur-nadau-joan-de-oc","10":"pa_auteur-prokofiev-serguei-oc","11":"pa_editeur-canope-editions-oc","12":"pa_illustrateur-lalu-valerie-oc","13":"pa_langue-occitan-oc","14":"pa_langue-occitan-gascon-oc","15":"entry","17":"first","18":"outofstock","19":"shipping-taxable","20":"purchasable","21":"product-type-simple"},"acf":[],"_links":{"self":[{"href":"https:\/\/www.libraria-occitana.org\/oc\/wp-json\/wp\/v2\/product\/60426","targetHints":{"allow":["GET"]}}],"collection":[{"href":"https:\/\/www.libraria-occitana.org\/oc\/wp-json\/wp\/v2\/product"}],"about":[{"href":"https:\/\/www.libraria-occitana.org\/oc\/wp-json\/wp\/v2\/types\/product"}],"wp:featuredmedia":[{"embeddable":true,"href":"https:\/\/www.libraria-occitana.org\/oc\/wp-json\/wp\/v2\/media\/60429"}],"wp:attachment":[{"href":"https:\/\/www.libraria-occitana.org\/oc\/wp-json\/wp\/v2\/media?parent=60426"}],"wp:term":[{"taxonomy":"product_brand","embeddable":true,"href":"https:\/\/www.libraria-occitana.org\/oc\/wp-json\/wp\/v2\/product_brand?post=60426"},{"taxonomy":"product_cat","embeddable":true,"href":"https:\/\/www.libraria-occitana.org\/oc\/wp-json\/wp\/v2\/product_cat?post=60426"},{"taxonomy":"product_tag","embeddable":true,"href":"https:\/\/www.libraria-occitana.org\/oc\/wp-json\/wp\/v2\/product_tag?post=60426"}],"curies":[{"name":"wp","href":"https:\/\/api.w.org\/{rel}","templated":true}]}}