{"id":60519,"date":"2024-09-18T12:32:09","date_gmt":"2024-09-18T10:32:09","guid":{"rendered":"http:\/\/www.libraria-occitana.org\/product\/lo-pacient-espanhou\/"},"modified":"2026-04-20T01:32:07","modified_gmt":"2026-04-19T23:32:07","slug":"lo-pacient-espanhou","status":"publish","type":"product","link":"https:\/\/www.libraria-occitana.org\/oc\/produch\/lo-pacient-espanhou\/","title":{"rendered":"Lo pacient espanh\u00f2u"},"content":{"rendered":"<p>Goya visquet a Bordeu e i es m\u00f2rt lo 17 d\u2019abriu 1828.<br \/>\nEs saboturat au cementeri de La Chartreuse dins lo caveu de son amic Go\u00efcoechea. Quante, a la fin dau segle XIX, Anf\u00f3s XIII ordona lo retorn dau c\u00f2rs dau pintre en Espanha, una meschanta surpresa espera los fossejaires.<br \/>\nLo c\u00f2rs de Goya a pus de testa...<\/p>\n<p>Amor\u00f3s de Goya e medecin, Joan Ganhaire prenguet grand plaser a escriure un scenario possible. Entre imaginacion e realitat, nos permena dos segles de temps dins l\u2019\u00f2bra, la vita e la m\u00f2rt dau grand pintre, e dins la malediccion que sembla pejar a son \u00f2bra la mai negra.<\/p>\n<p><strong>Descubretz Joan Ganhaire coma jamai l\u2019avetz legit !<\/strong><\/p>\n","protected":false},"excerpt":{"rendered":"<p>Goya visquet a Bordeu e i es m\u00f2rt lo 17 d\u2019abriu 1828. Es saboturat au cementeri de La Chartreuse dins lo caveu de son amic Go\u00efcoechea. Quante, a la fin dau segle XIX, Anf\u00f3s XIII ordona lo retorn dau c\u00f2rs dau pintre en Espanha, una meschanta surpresa espera los fossejaires. Lo c\u00f2rs de Goya a [&hellip;]<\/p>\n","protected":false},"featured_media":60516,"template":"","meta":{"_acf_changed":false,"_genesis_hide_title":false,"_genesis_hide_breadcrumbs":false,"_genesis_hide_singular_image":false,"_genesis_hide_footer_widgets":false,"_genesis_custom_body_class":"","_genesis_custom_post_class":"","_genesis_layout":""},"product_brand":[],"product_cat":[7133,7175,7183],"product_tag":[],"class_list":{"0":"post-60519","1":"product","2":"type-product","3":"status-publish","4":"has-post-thumbnail","6":"product_cat-libres-oc","7":"product_cat-literatura-oc","8":"product_cat-romans-novelas-oc","9":"pa_auteur-ganhaire-joan-oc","10":"pa_editeur-ieo-perigord-novelum-oc","11":"pa_langue-occitan-oc","12":"pa_langue-occitan-lemosin-oc","13":"entry","15":"first","16":"instock","17":"shipping-taxable","18":"purchasable","19":"product-type-simple"},"acf":[],"_links":{"self":[{"href":"https:\/\/www.libraria-occitana.org\/oc\/wp-json\/wp\/v2\/product\/60519","targetHints":{"allow":["GET"]}}],"collection":[{"href":"https:\/\/www.libraria-occitana.org\/oc\/wp-json\/wp\/v2\/product"}],"about":[{"href":"https:\/\/www.libraria-occitana.org\/oc\/wp-json\/wp\/v2\/types\/product"}],"wp:featuredmedia":[{"embeddable":true,"href":"https:\/\/www.libraria-occitana.org\/oc\/wp-json\/wp\/v2\/media\/60516"}],"wp:attachment":[{"href":"https:\/\/www.libraria-occitana.org\/oc\/wp-json\/wp\/v2\/media?parent=60519"}],"wp:term":[{"taxonomy":"product_brand","embeddable":true,"href":"https:\/\/www.libraria-occitana.org\/oc\/wp-json\/wp\/v2\/product_brand?post=60519"},{"taxonomy":"product_cat","embeddable":true,"href":"https:\/\/www.libraria-occitana.org\/oc\/wp-json\/wp\/v2\/product_cat?post=60519"},{"taxonomy":"product_tag","embeddable":true,"href":"https:\/\/www.libraria-occitana.org\/oc\/wp-json\/wp\/v2\/product_tag?post=60519"}],"curies":[{"name":"wp","href":"https:\/\/api.w.org\/{rel}","templated":true}]}}