{"id":60599,"date":"2021-10-11T15:58:34","date_gmt":"2021-10-11T13:58:34","guid":{"rendered":"http:\/\/www.libraria-occitana.org\/?post_type=product&#038;p=60599"},"modified":"2026-04-15T21:26:36","modified_gmt":"2026-04-15T19:26:36","slug":"dordogne-perigord-une-terre-dhistoire","status":"publish","type":"product","link":"https:\/\/www.libraria-occitana.org\/oc\/produch\/dordogne-perigord-une-terre-dhistoire\/","title":{"rendered":"Dordogne-P\u00e9rigord : Une terre d&#8217;histoire"},"content":{"rendered":"<p>Bienvenue dans cette balade \u00e0 travers l&#8217;Histoire d&#8217;un des plus beaux d\u00e9partements de France, de l&#8217;arriv\u00e9e des premiers Hommes \u00e0 aujourd&#8217;hui : une Histoire de plus de 450 000 ans qui a fa\u00e7onn\u00e9 un territoire \u00e0 la richesse incomparable, mondialement renomm\u00e9.<\/p>\n<p>Une sacr\u00e9e aventure humaine ! Et pas de tout repos, avec son lot de guerres, d&#8217;oppression, de mis\u00e8re et de d\u00e9sesp\u00e9rantes p\u00e9riodes de d\u00e9clin&#8230; toujours suivies de renaissance et de bouillonnement cr\u00e9atif.<\/p>\n<p>Car le P\u00e9rigourdin, vous le verrez, ne se laisse jamais abattre, dot\u00e9 d&#8217;un caract\u00e8re rebelle agr\u00e9ment\u00e9 d&#8217;humour malicieux&#8230;<\/p>\n<p>Au del\u00e0 des \u00ab incontournables \u00bb de la Dordogne (Lascaux, les \u00ab mille et un ch\u00e2teaux \u00bb, la gastronomie, Cyrano de Bergerac&#8230;), des surprises vous attendent au d\u00e9tour de ces pages : vous apprendrez par exemple comment un chien et un lapin p\u00e9rigourdins sont \u00e0 l&#8217;origine d&#8217;une fabuleuse d\u00e9couverte, pourquoi de nombreux noms scientifiques viennent de sites de Dordogne, d&#8217;o\u00f9 venait la renomm\u00e9e des P\u00e9trocores dans toute la Gaule, comment un humble fils de paysan est devenu roi des Am\u00e9rindiens de Patagonie,&#8230; Et enfin de quelle fa\u00e7on notre P\u00e9rigord est aujourd&#8217;hui pr\u00e9sent sur la plan\u00e8te Mars !<\/p>\n","protected":false},"excerpt":{"rendered":"<p>Bienvenue dans cette balade \u00e0 travers l&#8217;Histoire d&#8217;un des plus beaux d\u00e9partements de France, de l&#8217;arriv\u00e9e des premiers Hommes \u00e0 aujourd&#8217;hui : une Histoire de plus de 450 000 ans qui a fa\u00e7onn\u00e9 un territoire \u00e0 la richesse incomparable, mondialement renomm\u00e9. Une sacr\u00e9e aventure humaine ! Et pas de tout repos, avec son lot de [&hellip;]<\/p>\n","protected":false},"featured_media":60602,"template":"","meta":{"_acf_changed":false,"_genesis_hide_title":false,"_genesis_hide_breadcrumbs":false,"_genesis_hide_singular_image":false,"_genesis_hide_footer_widgets":false,"_genesis_custom_body_class":"","_genesis_custom_post_class":"","_genesis_layout":""},"product_brand":[],"product_cat":[7169,7157,7149,7165,7133],"product_tag":[],"class_list":{"0":"post-60599","1":"product","2":"type-product","3":"status-publish","4":"has-post-thumbnail","6":"product_cat-benda-dessenhada-oc","7":"product_cat-istoria-generala-oc","8":"product_cat-istoria-geografia-oc","9":"product_cat-jounessa-bd-umor","10":"product_cat-libres-oc","11":"pa_auteur-chiavini-lorenzo-oc","12":"pa_auteur-chicault-cecile-oc","13":"pa_auteur-pauvert-herve-oc","14":"pa_editeur-editions-du-signe-oc","15":"pa_langue-francais-oc","16":"entry","18":"first","19":"instock","20":"shipping-taxable","21":"purchasable","22":"product-type-simple"},"acf":[],"_links":{"self":[{"href":"https:\/\/www.libraria-occitana.org\/oc\/wp-json\/wp\/v2\/product\/60599","targetHints":{"allow":["GET"]}}],"collection":[{"href":"https:\/\/www.libraria-occitana.org\/oc\/wp-json\/wp\/v2\/product"}],"about":[{"href":"https:\/\/www.libraria-occitana.org\/oc\/wp-json\/wp\/v2\/types\/product"}],"wp:featuredmedia":[{"embeddable":true,"href":"https:\/\/www.libraria-occitana.org\/oc\/wp-json\/wp\/v2\/media\/60602"}],"wp:attachment":[{"href":"https:\/\/www.libraria-occitana.org\/oc\/wp-json\/wp\/v2\/media?parent=60599"}],"wp:term":[{"taxonomy":"product_brand","embeddable":true,"href":"https:\/\/www.libraria-occitana.org\/oc\/wp-json\/wp\/v2\/product_brand?post=60599"},{"taxonomy":"product_cat","embeddable":true,"href":"https:\/\/www.libraria-occitana.org\/oc\/wp-json\/wp\/v2\/product_cat?post=60599"},{"taxonomy":"product_tag","embeddable":true,"href":"https:\/\/www.libraria-occitana.org\/oc\/wp-json\/wp\/v2\/product_tag?post=60599"}],"curies":[{"name":"wp","href":"https:\/\/api.w.org\/{rel}","templated":true}]}}