{"id":60649,"date":"2024-10-15T19:12:20","date_gmt":"2024-10-15T17:12:20","guid":{"rendered":"http:\/\/www.libraria-occitana.org\/?post_type=product&#038;p=60649"},"modified":"2026-04-18T06:01:29","modified_gmt":"2026-04-18T04:01:29","slug":"pescaires-de-mots-libre-audio","status":"publish","type":"product","link":"https:\/\/www.libraria-occitana.org\/oc\/produch\/pescaires-de-mots-libre-audio\/","title":{"rendered":"Pescaires de mots (libre + audi\u00f2)"},"content":{"rendered":"<p>A l'esc\u00f2la, la regenta lor avi\u00e1 anonciat qu'anavan escriure una letra. Mas coss\u00ed escriure una letra quand sab\u00e8m pas coss\u00ed escriure los mots ?<\/p>\n<p>Un \u00e0lbum taus cicles 1 e 2, t\u00e0 abordar lo purm\u00e8r lexic necessari a la classa capvath lo t\u00e8xte o las illustracions.<br \/>\nAqueth obratge qu'ei constituit d'un imatg\u00e8r, d'ua ist\u00f2ria e d'ua letra.<br \/>\nImaginat per St\u00e9phanie Vaissi\u00e8re e Herv\u00e9 Couture, illustrat per Nicolas Gouny.<\/p>\n<p>Cicles 1-2.<br \/>\nLectura de Cecila Chapduelh disponibla sus <a href=\"https:\/\/www.capoc.fr\/articles.php?lng=ocga&amp;pg=118&amp;mnuid=304&amp;tconfig=0#Pescaires\">https:\/\/www.capoc.fr\/articles.php?lng=ocga&amp;pg=118&amp;mnuid=304&amp;tconfig=0#Pescaires<\/a><\/p>\n","protected":false},"excerpt":{"rendered":"<p>A l&#8217;esc\u00f2la, la regenta lor avi\u00e1 anonciat qu&#8217;anavan escriure una letra. Mas coss\u00ed escriure una letra quand sab\u00e8m pas coss\u00ed escriure los mots ? Un \u00e0lbum taus cicles 1 e 2, t\u00e0 abordar lo purm\u00e8r lexic necessari a la classa capvath lo t\u00e8xte o las illustracions. Aqueth obratge qu&#8217;ei constituit d&#8217;un imatg\u00e8r, d&#8217;ua ist\u00f2ria e [&hellip;]<\/p>\n","protected":false},"featured_media":60641,"template":"","meta":{"_acf_changed":false,"_genesis_hide_title":false,"_genesis_hide_breadcrumbs":false,"_genesis_hide_singular_image":false,"_genesis_hide_footer_widgets":false,"_genesis_custom_body_class":"","_genesis_custom_post_class":"","_genesis_layout":""},"product_brand":[],"product_cat":[7171,7165,7133],"product_tag":[],"class_list":{"0":"post-60649","1":"product","2":"type-product","3":"status-publish","4":"has-post-thumbnail","6":"product_cat-drolles-oc","7":"product_cat-jounessa-bd-umor","8":"product_cat-libres-oc","9":"pa_auteur-couture-herve-oc","10":"pa_auteur-gouny-nicolas-oc","11":"pa_auteur-vaissiere-stephanie-oc","12":"pa_editeur-canope-editions-oc","13":"pa_illustrateur-chapduelh-cecila-chadeuil-cecile-oc","14":"pa_langue-occitan-oc","15":"pa_langue-occitan-lengadocian-oc","16":"entry","18":"first","19":"instock","20":"shipping-taxable","21":"purchasable","22":"product-type-simple"},"acf":[],"_links":{"self":[{"href":"https:\/\/www.libraria-occitana.org\/oc\/wp-json\/wp\/v2\/product\/60649","targetHints":{"allow":["GET"]}}],"collection":[{"href":"https:\/\/www.libraria-occitana.org\/oc\/wp-json\/wp\/v2\/product"}],"about":[{"href":"https:\/\/www.libraria-occitana.org\/oc\/wp-json\/wp\/v2\/types\/product"}],"wp:featuredmedia":[{"embeddable":true,"href":"https:\/\/www.libraria-occitana.org\/oc\/wp-json\/wp\/v2\/media\/60641"}],"wp:attachment":[{"href":"https:\/\/www.libraria-occitana.org\/oc\/wp-json\/wp\/v2\/media?parent=60649"}],"wp:term":[{"taxonomy":"product_brand","embeddable":true,"href":"https:\/\/www.libraria-occitana.org\/oc\/wp-json\/wp\/v2\/product_brand?post=60649"},{"taxonomy":"product_cat","embeddable":true,"href":"https:\/\/www.libraria-occitana.org\/oc\/wp-json\/wp\/v2\/product_cat?post=60649"},{"taxonomy":"product_tag","embeddable":true,"href":"https:\/\/www.libraria-occitana.org\/oc\/wp-json\/wp\/v2\/product_tag?post=60649"}],"curies":[{"name":"wp","href":"https:\/\/api.w.org\/{rel}","templated":true}]}}