{"id":60665,"date":"2024-10-21T18:17:09","date_gmt":"2024-10-21T16:17:09","guid":{"rendered":"http:\/\/www.libraria-occitana.org\/?post_type=product&#038;p=60665"},"modified":"2026-04-16T20:56:17","modified_gmt":"2026-04-16T18:56:17","slug":"histoire-de-la-catalogne-le-point-de-vue-catalan","status":"publish","type":"product","link":"https:\/\/www.libraria-occitana.org\/oc\/produch\/histoire-de-la-catalogne-le-point-de-vue-catalan\/","title":{"rendered":"Histoire de la Catalogne : Le point de vue catalan"},"content":{"rendered":"<p><strong>De Perpignan \u00e0 Barcelone, un m\u00eame peuple !<\/strong><\/p>\n<p>Cette histoire de Catalogne s\u2019est donn\u00e9e comme but essentiel d\u2019exposer les raisons historiques qui contribuent \u00e0 expliquer les faits exceptionnels, survenus en Catalogne, des origines jusqu\u2019aux \u00e9v\u00e8nements de 2012 et 2022, incarnant une recherche de libert\u00e9 et d\u2019ind\u00e9pendance.<br \/>\nDans ce sens, l\u2019auteur insiste sur les deux derniers si\u00e8cles, XIXe et XXe, parce qu\u2019ils contenaient les causes profondes et toujours pr\u00e9sentes, de sa situation actuelle.<br \/>\nDes origines anciennes aux enjeux contemporains, d\u00e9couvrez ici l\u2019histoire de la Catalogne, le point de vue catalan.<\/p>\n<p>Gentil Puig-Moreno est n\u00e9 en 1934 en Catalogne-Sud, pr\u00e8s de la montagne de Montserrat. Docteur de linguistique romane, \u00e0 l&#8217;universit\u00e9 de Montpellier sous la direction de l&#8217;occitaniste Robert Lafont. Passeur de cultures et d\u00e9fenseur du pluralisme, il est professeur honoraire de l&#8217;Universit\u00e9 Autonome de Barcelone et de l&#8217;Universit\u00e9 de Perpignan.<\/p>\n","protected":false},"excerpt":{"rendered":"<p>De Perpignan \u00e0 Barcelone, un m\u00eame peuple ! Cette histoire de Catalogne s\u2019est donn\u00e9e comme but essentiel d\u2019exposer les raisons historiques qui contribuent \u00e0 expliquer les faits exceptionnels, survenus en Catalogne, des origines jusqu\u2019aux \u00e9v\u00e8nements de 2012 et 2022, incarnant une recherche de libert\u00e9 et d\u2019ind\u00e9pendance. Dans ce sens, l\u2019auteur insiste sur les deux derniers [&hellip;]<\/p>\n","protected":false},"featured_media":60668,"template":"","meta":{"_acf_changed":false,"_genesis_hide_title":false,"_genesis_hide_breadcrumbs":false,"_genesis_hide_singular_image":false,"_genesis_hide_footer_widgets":false,"_genesis_custom_body_class":"","_genesis_custom_post_class":"","_genesis_layout":""},"product_brand":[],"product_cat":[7159,7149,7133],"product_tag":[],"class_list":{"0":"post-60665","1":"product","2":"type-product","3":"status-publish","4":"has-post-thumbnail","6":"product_cat-istoria-moderna-e-contemporala-oc","7":"product_cat-istoria-geografia-oc","8":"product_cat-libres-oc","9":"pa_auteur-puig-moreno-gentil-oc","10":"pa_editeur-yoran-embanner-oc","11":"pa_langue-francais-oc","12":"entry","14":"first","15":"instock","16":"shipping-taxable","17":"purchasable","18":"product-type-simple"},"acf":[],"_links":{"self":[{"href":"https:\/\/www.libraria-occitana.org\/oc\/wp-json\/wp\/v2\/product\/60665","targetHints":{"allow":["GET"]}}],"collection":[{"href":"https:\/\/www.libraria-occitana.org\/oc\/wp-json\/wp\/v2\/product"}],"about":[{"href":"https:\/\/www.libraria-occitana.org\/oc\/wp-json\/wp\/v2\/types\/product"}],"wp:featuredmedia":[{"embeddable":true,"href":"https:\/\/www.libraria-occitana.org\/oc\/wp-json\/wp\/v2\/media\/60668"}],"wp:attachment":[{"href":"https:\/\/www.libraria-occitana.org\/oc\/wp-json\/wp\/v2\/media?parent=60665"}],"wp:term":[{"taxonomy":"product_brand","embeddable":true,"href":"https:\/\/www.libraria-occitana.org\/oc\/wp-json\/wp\/v2\/product_brand?post=60665"},{"taxonomy":"product_cat","embeddable":true,"href":"https:\/\/www.libraria-occitana.org\/oc\/wp-json\/wp\/v2\/product_cat?post=60665"},{"taxonomy":"product_tag","embeddable":true,"href":"https:\/\/www.libraria-occitana.org\/oc\/wp-json\/wp\/v2\/product_tag?post=60665"}],"curies":[{"name":"wp","href":"https:\/\/api.w.org\/{rel}","templated":true}]}}