{"id":60683,"date":"2024-10-22T11:46:16","date_gmt":"2024-10-22T09:46:16","guid":{"rendered":"http:\/\/www.libraria-occitana.org\/?post_type=product&#038;p=60683"},"modified":"2026-04-19T23:26:21","modified_gmt":"2026-04-19T21:26:21","slug":"negre-mat","status":"publish","type":"product","link":"https:\/\/www.libraria-occitana.org\/oc\/produch\/negre-mat\/","title":{"rendered":"Negre mat"},"content":{"rendered":"<p>Un jornalista joen e ambici\u00f3s a qui los superiors h\u00e8n mis\u00e8rias, un escrivan de SF en hr\u00e8ita d\u2019inspiracion, un campion de Formula 1 qui\u2019s defend lo t\u00edtol contra concurrents d\u2019ua traca nav\u00e8ra, un agent de la CIA retirat qui conta ua ist\u00f2ria estranha. Aquiu quauques uns deus personatges qui descobriratz en aquestas s\u00e8t nov\u00e8las fantasticas e de SF. Mes digatz-me : ei ua I.A. ua maquina de calcular perfeccionada o un personatge ?<\/p>\n","protected":false},"excerpt":{"rendered":"<p>Un jornalista joen e ambici\u00f3s a qui los superiors h\u00e8n mis\u00e8rias, un escrivan de SF en hr\u00e8ita d\u2019inspiracion, un campion de Formula 1 qui\u2019s defend lo t\u00edtol contra concurrents d\u2019ua traca nav\u00e8ra, un agent de la CIA retirat qui conta ua ist\u00f2ria estranha. Aquiu quauques uns deus personatges qui descobriratz en aquestas s\u00e8t nov\u00e8las fantasticas [&hellip;]<\/p>\n","protected":false},"featured_media":60686,"template":"","meta":{"_acf_changed":false,"_genesis_hide_title":false,"_genesis_hide_breadcrumbs":false,"_genesis_hide_singular_image":false,"_genesis_hide_footer_widgets":false,"_genesis_custom_body_class":"","_genesis_custom_post_class":"","_genesis_layout":""},"product_brand":[],"product_cat":[7133,7175,7183],"product_tag":[],"class_list":{"0":"post-60683","1":"product","2":"type-product","3":"status-publish","4":"has-post-thumbnail","6":"product_cat-libres-oc","7":"product_cat-literatura-oc","8":"product_cat-romans-novelas-oc","9":"pa_auteur-biu-felip-oc","10":"pa_editeur-per-noste-oc","11":"pa_langue-occitan-oc","12":"pa_langue-occitan-gascon-oc","13":"entry","15":"first","16":"instock","17":"shipping-taxable","18":"purchasable","19":"product-type-simple"},"acf":[],"_links":{"self":[{"href":"https:\/\/www.libraria-occitana.org\/oc\/wp-json\/wp\/v2\/product\/60683","targetHints":{"allow":["GET"]}}],"collection":[{"href":"https:\/\/www.libraria-occitana.org\/oc\/wp-json\/wp\/v2\/product"}],"about":[{"href":"https:\/\/www.libraria-occitana.org\/oc\/wp-json\/wp\/v2\/types\/product"}],"wp:featuredmedia":[{"embeddable":true,"href":"https:\/\/www.libraria-occitana.org\/oc\/wp-json\/wp\/v2\/media\/60686"}],"wp:attachment":[{"href":"https:\/\/www.libraria-occitana.org\/oc\/wp-json\/wp\/v2\/media?parent=60683"}],"wp:term":[{"taxonomy":"product_brand","embeddable":true,"href":"https:\/\/www.libraria-occitana.org\/oc\/wp-json\/wp\/v2\/product_brand?post=60683"},{"taxonomy":"product_cat","embeddable":true,"href":"https:\/\/www.libraria-occitana.org\/oc\/wp-json\/wp\/v2\/product_cat?post=60683"},{"taxonomy":"product_tag","embeddable":true,"href":"https:\/\/www.libraria-occitana.org\/oc\/wp-json\/wp\/v2\/product_tag?post=60683"}],"curies":[{"name":"wp","href":"https:\/\/api.w.org\/{rel}","templated":true}]}}