{"id":60689,"date":"2024-10-22T12:04:24","date_gmt":"2024-10-22T10:04:24","guid":{"rendered":"http:\/\/www.libraria-occitana.org\/?post_type=product&#038;p=60689"},"modified":"2026-04-17T23:16:34","modified_gmt":"2026-04-17T21:16:34","slug":"timoteu-que-va-ta-lescola","status":"publish","type":"product","link":"https:\/\/www.libraria-occitana.org\/oc\/produch\/timoteu-que-va-ta-lescola\/","title":{"rendered":"Timot\u00e8u que va t\u00e0 l&#8217;esc\u00f2la"},"content":{"rendered":"<p>Timot\u00e8u qu\u2019ei h\u00f2rt ahuecat de comen\u00e7ar l\u2019esc\u00f2la\u2026 dinc encontri a Claudi. Claudi que p\u00f2rta tostemps los vestits que cau. Claudi que balha tostemps las bonas responsas. E, sordeish que tot, Claudi qu\u2019ei assedut au ras d\u2019eth. Timot\u00e8u que\u2019s sent a malaise, dinc encontri ua gojata qui a lo medish probl\u00e8ma dab la qui ei asseduda au ras d\u2019era\u2026<\/p>\n","protected":false},"excerpt":{"rendered":"<p>Timot\u00e8u qu\u2019ei h\u00f2rt ahuecat de comen\u00e7ar l\u2019esc\u00f2la\u2026 dinc encontri a Claudi. Claudi que p\u00f2rta tostemps los vestits que cau. Claudi que balha tostemps las bonas responsas. E, sordeish que tot, Claudi qu\u2019ei assedut au ras d\u2019eth. Timot\u00e8u que\u2019s sent a malaise, dinc encontri ua gojata qui a lo medish probl\u00e8ma dab la qui ei asseduda [&hellip;]<\/p>\n","protected":false},"featured_media":60692,"template":"","meta":{"_acf_changed":false,"_genesis_hide_title":false,"_genesis_hide_breadcrumbs":false,"_genesis_hide_singular_image":false,"_genesis_hide_footer_widgets":false,"_genesis_custom_body_class":"","_genesis_custom_post_class":"","_genesis_layout":""},"product_brand":[],"product_cat":[7171,7165,7133],"product_tag":[],"class_list":{"0":"post-60689","1":"product","2":"type-product","3":"status-publish","4":"has-post-thumbnail","6":"product_cat-drolles-oc","7":"product_cat-jounessa-bd-umor","8":"product_cat-libres-oc","9":"pa_auteur-wells-rosemary-oc","10":"pa_editeur-per-noste-oc","11":"pa_illustrateur-guilhemjoan-patric-1-oc","12":"pa_langue-occitan-oc","13":"pa_langue-occitan-gascon-oc","14":"entry","16":"first","17":"instock","18":"shipping-taxable","19":"purchasable","20":"product-type-simple"},"acf":[],"_links":{"self":[{"href":"https:\/\/www.libraria-occitana.org\/oc\/wp-json\/wp\/v2\/product\/60689","targetHints":{"allow":["GET"]}}],"collection":[{"href":"https:\/\/www.libraria-occitana.org\/oc\/wp-json\/wp\/v2\/product"}],"about":[{"href":"https:\/\/www.libraria-occitana.org\/oc\/wp-json\/wp\/v2\/types\/product"}],"wp:featuredmedia":[{"embeddable":true,"href":"https:\/\/www.libraria-occitana.org\/oc\/wp-json\/wp\/v2\/media\/60692"}],"wp:attachment":[{"href":"https:\/\/www.libraria-occitana.org\/oc\/wp-json\/wp\/v2\/media?parent=60689"}],"wp:term":[{"taxonomy":"product_brand","embeddable":true,"href":"https:\/\/www.libraria-occitana.org\/oc\/wp-json\/wp\/v2\/product_brand?post=60689"},{"taxonomy":"product_cat","embeddable":true,"href":"https:\/\/www.libraria-occitana.org\/oc\/wp-json\/wp\/v2\/product_cat?post=60689"},{"taxonomy":"product_tag","embeddable":true,"href":"https:\/\/www.libraria-occitana.org\/oc\/wp-json\/wp\/v2\/product_tag?post=60689"}],"curies":[{"name":"wp","href":"https:\/\/api.w.org\/{rel}","templated":true}]}}