{"id":60702,"date":"2023-02-22T12:27:46","date_gmt":"2023-02-22T11:27:46","guid":{"rendered":"http:\/\/www.libraria-occitana.org\/?post_type=product&#038;p=60702"},"modified":"2026-04-13T00:06:45","modified_gmt":"2026-04-12T22:06:45","slug":"precis-de-conjugaison-occitane-dialecte-limousin-nouvelle-edition","status":"publish","type":"product","link":"https:\/\/www.libraria-occitana.org\/oc\/produch\/precis-de-conjugaison-occitane-dialecte-limousin-nouvelle-edition\/","title":{"rendered":"Pr\u00e9cis de conjugaison occitane, dialecte limousin Nouvelle \u00e9dition augment\u00e9e"},"content":{"rendered":"<p>Ce manuel pr\u00e9sente la conjugaison de l\u2019occitan limousin, la variante de la langue occitane parl\u00e9e en Limousin, dans la moiti\u00e9 nord du P\u00e9rigord, dans la majeure partie de la Marche et dans la partie orientale de la Charente. La premi\u00e8re partie de l\u2019ouvrage donne les caract\u00e9ristiques de chaque temps \u00e0 chacun des quatre groupes verbaux, illustr\u00e9es par de nombreux exemples. La seconde partie d\u00e9veloppe les formes conjugu\u00e9es de 69 verbes \u00ab types \u00bb aux diff\u00e9rents modes, la plupart de ces verbes ayant \u00e9t\u00e9 choisis pour leur irr\u00e9gularit\u00e9 ou pour leur variabilit\u00e9. L\u2019ouvrage se conclut par un index de pr\u00e8s de 400 autres verbes susceptibles de pr\u00e9senter certaines difficult\u00e9s de conjugaison.<\/p>\n<p>Ce manuel s\u2019adresse en premier lieu \u00e0 ceux qui apprennent la langue occitane dans sa variante limousine, que cet apprentissage se d\u00e9roule dans un cadre scolaire ou universitaire ou bien qu\u2019il prenne la forme d\u2019un cours ou atelier de conversation pour adultes. Mais il sera \u00e9galement utile aux locuteurs ou aux auteurs \u00e0 la recherche d\u2019une forme verbale particuli\u00e8re, aux amoureux de la langue, et \u00e0 tous ceux qui ont le souci de respecter sa graphie et sa morphologie.<\/p>\n<p>Diff\u00e9rences entre cette nouvelle version du <em>Pr\u00e9cis de conjugaison<\/em> et <a href=\"http:\/\/www.libraria-occitana.org\/produit\/precis-de-conjugaison-occitane-dialecte-limousin\/\">la version pr\u00e9c\u00e9dente (en promo)<\/a> : une nouvelle couverture et deux verbes suppl\u00e9mentaires conjugu\u00e9s.<\/p>\n","protected":false},"excerpt":{"rendered":"<p>Ce manuel pr\u00e9sente la conjugaison de l\u2019occitan limousin, la variante de la langue occitane parl\u00e9e en Limousin, dans la moiti\u00e9 nord du P\u00e9rigord, dans la majeure partie de la Marche et dans la partie orientale de la Charente. La premi\u00e8re partie de l\u2019ouvrage donne les caract\u00e9ristiques de chaque temps \u00e0 chacun des quatre groupes verbaux, [&hellip;]<\/p>\n","protected":false},"featured_media":60706,"template":"","meta":{"_acf_changed":false,"_genesis_hide_title":false,"_genesis_hide_breadcrumbs":false,"_genesis_hide_singular_image":false,"_genesis_hide_footer_widgets":false,"_genesis_custom_body_class":"","_genesis_custom_post_class":"","_genesis_layout":""},"product_brand":[],"product_cat":[7139,7137,7133],"product_tag":[],"class_list":{"0":"post-60702","1":"product","2":"type-product","3":"status-publish","4":"has-post-thumbnail","6":"product_cat-diccionaris-gramaticas-oc","7":"product_cat-diccionaris-lenga-escolar-oc","8":"product_cat-libres-oc","9":"pa_auteur-leveque-joan-lois-oc","10":"pa_auteur-ros-joan-lem-oc","11":"pa_editeur-ieo-perigord-novelum-oc","12":"pa_langue-francais-oc","13":"pa_langue-occitan-oc","14":"pa_langue-occitan-lemosin-oc","15":"entry","17":"first","18":"instock","19":"shipping-taxable","20":"purchasable","21":"product-type-simple"},"acf":[],"_links":{"self":[{"href":"https:\/\/www.libraria-occitana.org\/oc\/wp-json\/wp\/v2\/product\/60702","targetHints":{"allow":["GET"]}}],"collection":[{"href":"https:\/\/www.libraria-occitana.org\/oc\/wp-json\/wp\/v2\/product"}],"about":[{"href":"https:\/\/www.libraria-occitana.org\/oc\/wp-json\/wp\/v2\/types\/product"}],"wp:featuredmedia":[{"embeddable":true,"href":"https:\/\/www.libraria-occitana.org\/oc\/wp-json\/wp\/v2\/media\/60706"}],"wp:attachment":[{"href":"https:\/\/www.libraria-occitana.org\/oc\/wp-json\/wp\/v2\/media?parent=60702"}],"wp:term":[{"taxonomy":"product_brand","embeddable":true,"href":"https:\/\/www.libraria-occitana.org\/oc\/wp-json\/wp\/v2\/product_brand?post=60702"},{"taxonomy":"product_cat","embeddable":true,"href":"https:\/\/www.libraria-occitana.org\/oc\/wp-json\/wp\/v2\/product_cat?post=60702"},{"taxonomy":"product_tag","embeddable":true,"href":"https:\/\/www.libraria-occitana.org\/oc\/wp-json\/wp\/v2\/product_tag?post=60702"}],"curies":[{"name":"wp","href":"https:\/\/api.w.org\/{rel}","templated":true}]}}