{"id":60719,"date":"2017-11-22T13:29:57","date_gmt":"2017-11-22T12:29:57","guid":{"rendered":"http:\/\/www.libraria-occitana.org\/?post_type=product&#038;p=60719"},"modified":"2026-04-16T20:46:27","modified_gmt":"2026-04-16T18:46:27","slug":"la-vallee-de-la-vezere-en-perigord-la-fabrique-dun-paysage","status":"publish","type":"product","link":"https:\/\/www.libraria-occitana.org\/oc\/produch\/la-vallee-de-la-vezere-en-perigord-la-fabrique-dun-paysage\/","title":{"rendered":"La vall\u00e9e de la V\u00e9z\u00e8re en p\u00e9rigord : La fabrique d&#8217;un paysage"},"content":{"rendered":"<p>Avec ses hautes falaises calcaires entour\u00e9es de for\u00eats, ses cingles et ses plaines alluviales pr\u00e9serv\u00e9es, la vall\u00e9e de la V\u00e9z\u00e8re offre tous les signes d&#8217;une authenticit\u00e9 \u00ab naturelle \u00bb qu&#8217;on croirait remonter aux temps pr\u00e9historiques. Ce sont pourtant des paysages fa\u00e7onn\u00e9s au fil des si\u00e8cles par l&#8217;activit\u00e9 humaine que l&#8217;on peut contempler aujourd&#8217;hui. D\u00e8s l&#8217;Antiquit\u00e9 et l&#8217;implantation de <em>villae<\/em> sur les berges de la V\u00e9z\u00e8re, puis au Moyen \u00c2ge avec l&#8217;expansion des r\u00e9seaux eccl\u00e9siastiques et seigneuriaux, l&#8217;homme a su transformer et exploiter son milieu naturel, d\u00e9veloppant vignobles et plaines cultiv\u00e9es. Par sa diversit\u00e9 et sa qualit\u00e9, l&#8217;architecture de la vall\u00e9e illustre l&#8217;\u00e9volution de ces paysages.<\/p>\n<p>Si la vall\u00e9e de la V\u00e9z\u00e8re en P\u00e9rigord est surtout connue pour ses sites pr\u00e9historiques class\u00e9s par l&#8217;Unesco, elle n&#8217;en demeure pas moins exceptionnelle par son patrimoine architectural et paysager. Des for\u00eats s\u00e9culaires aux terres agricoles, des habitats troglodytiques aux ch\u00e2teaux qui surplombent la rivi\u00e8re, des bourgs ruraux aux fermes isol\u00e9es, de Lascaux aux Eyzies, ce livre fait la part belle \u00e0 l&#8217;image pour r\u00e9v\u00e9ler les richesses naturelles et patrimoniales de ces paysages. S&#8217;offre ainsi au lecteur, ce voyageur immobile, un \u00ab d\u00e9paysement \u00bb inattendu dans des lieux uniques.<\/p>\n<p>La collection \u00ab Images du patrimoine \u00bb associe au savoir des chercheurs de l&#8217;Inventaire le savoir-faire de ses photographes pour offrir de beaux livres de r\u00e9f\u00e9rence \u00e0 m\u00eame de passionner tous les publics.<\/p>\n","protected":false},"excerpt":{"rendered":"<p>Avec ses hautes falaises calcaires entour\u00e9es de for\u00eats, ses cingles et ses plaines alluviales pr\u00e9serv\u00e9es, la vall\u00e9e de la V\u00e9z\u00e8re offre tous les signes d&#8217;une authenticit\u00e9 \u00ab naturelle \u00bb qu&#8217;on croirait remonter aux temps pr\u00e9historiques. Ce sont pourtant des paysages fa\u00e7onn\u00e9s au fil des si\u00e8cles par l&#8217;activit\u00e9 humaine que l&#8217;on peut contempler aujourd&#8217;hui. D\u00e8s l&#8217;Antiquit\u00e9 [&hellip;]<\/p>\n","protected":false},"featured_media":60722,"template":"","meta":{"_acf_changed":false,"_genesis_hide_title":false,"_genesis_hide_breadcrumbs":false,"_genesis_hide_singular_image":false,"_genesis_hide_footer_widgets":false,"_genesis_custom_body_class":"","_genesis_custom_post_class":"","_genesis_layout":""},"product_brand":[],"product_cat":[7133,7197,7201,7215,7207],"product_tag":[],"class_list":{"0":"post-60719","1":"product","2":"type-product","3":"status-publish","4":"has-post-thumbnail","6":"product_cat-libres-oc","7":"product_cat-natura-torisme-oc","8":"product_cat-natura-vargier-oc","9":"product_cat-patrimoni-bastit-oc","10":"product_cat-tradicions-patrimoni-oc","11":"pa_auteur-becker-line-oc","12":"pa_auteur-marabout-vincent-oc","13":"pa_auteur-pagazani-xavier-oc","14":"pa_editeur-editions-le-festin-oc","15":"pa_illustrateur-barroche-adrienne-oc","16":"pa_langue-francais-oc","17":"entry","19":"first","20":"instock","21":"shipping-taxable","22":"purchasable","23":"product-type-simple"},"acf":[],"_links":{"self":[{"href":"https:\/\/www.libraria-occitana.org\/oc\/wp-json\/wp\/v2\/product\/60719","targetHints":{"allow":["GET"]}}],"collection":[{"href":"https:\/\/www.libraria-occitana.org\/oc\/wp-json\/wp\/v2\/product"}],"about":[{"href":"https:\/\/www.libraria-occitana.org\/oc\/wp-json\/wp\/v2\/types\/product"}],"wp:featuredmedia":[{"embeddable":true,"href":"https:\/\/www.libraria-occitana.org\/oc\/wp-json\/wp\/v2\/media\/60722"}],"wp:attachment":[{"href":"https:\/\/www.libraria-occitana.org\/oc\/wp-json\/wp\/v2\/media?parent=60719"}],"wp:term":[{"taxonomy":"product_brand","embeddable":true,"href":"https:\/\/www.libraria-occitana.org\/oc\/wp-json\/wp\/v2\/product_brand?post=60719"},{"taxonomy":"product_cat","embeddable":true,"href":"https:\/\/www.libraria-occitana.org\/oc\/wp-json\/wp\/v2\/product_cat?post=60719"},{"taxonomy":"product_tag","embeddable":true,"href":"https:\/\/www.libraria-occitana.org\/oc\/wp-json\/wp\/v2\/product_tag?post=60719"}],"curies":[{"name":"wp","href":"https:\/\/api.w.org\/{rel}","templated":true}]}}