{"id":60793,"date":"2024-11-12T19:13:17","date_gmt":"2024-11-12T18:13:17","guid":{"rendered":"http:\/\/www.libraria-occitana.org\/?post_type=product&#038;p=60793"},"modified":"2026-04-25T00:51:46","modified_gmt":"2026-04-24T22:51:46","slug":"limousin-terre-promise-dici-pas-dici-daici-pas-daici","status":"publish","type":"product","link":"https:\/\/www.libraria-occitana.org\/oc\/produch\/limousin-terre-promise-dici-pas-dici-daici-pas-daici\/","title":{"rendered":"Limousin, terre promise : &#8230; d&#8217;ici &#8211; pas d&#8217;ici&#8230; &#8211; &#8230; d&#8217;aici &#8211; pas d&#8217;aici&#8230;"},"content":{"rendered":"<p>En 2003, paraissait un petit livre, <a href=\"http:\/\/www.libraria-occitana.org\/produit\/comprendre-le-pays-limousin-et-y-vivre-e-li-viure-2\/\"><em>Comprendre le pays limousin et y vivre<\/em><\/a>, o\u00f9 Marie-France Houdart tentait de donner des clefs sur les particularit\u00e9s de ce pays, jadis phare de l\u2019Aquitaine, aujourd\u2019hui un des plus d\u00e9peupl\u00e9s de France.<\/p>\n<p>Mais un timide mouvement de repeuplement s\u2019\u00e9tait d\u00e9j\u00e0 amorc\u00e9, surtout sur ses terres les plus d\u00e9sh\u00e9rit\u00e9es que tant d\u2019habitants avaient d\u00fb jadis quitter, celles de sa \u00ab Montagne \u00bb, dite \u00ab Plateau de Millevaches \u00bb.<\/p>\n<p>Vingt ans plus tard, il conna\u00eet une vitalit\u00e9 nouvelle gr\u00e2ce \u00e0 l\u2019arriv\u00e9e de tous ces nouveaux habitants qui, tr\u00e8s sensibles \u00e0 l\u2019avenir de la plan\u00e8te, veulent y \u00ab vivre autrement \u00bb. La population augmente, les \u00ab jeunes \u00bb apportent leur vitalit\u00e9 et le pays bouge.<\/p>\n<p>\u00ab D\u2019ici &#8211; pas d\u2019ici \u00bb\u2026 La rencontre n\u2019est pas toujours facile, surtout quand l\u2019impatience politique m\u00e8ne parfois \u00e0 des luttes un peu rudes\u2026<\/p>\n<p>Mais aujourd\u2019hui, plus que jamais, on y reste, on y revient, on y arrive, des r\u00eaves plein la t\u00eate. Au point que le Limousin est devenu une vraie \u00ab terre promise \u00bb.<\/p>\n","protected":false},"excerpt":{"rendered":"<p>En 2003, paraissait un petit livre, Comprendre le pays limousin et y vivre, o\u00f9 Marie-France Houdart tentait de donner des clefs sur les particularit\u00e9s de ce pays, jadis phare de l\u2019Aquitaine, aujourd\u2019hui un des plus d\u00e9peupl\u00e9s de France. Mais un timide mouvement de repeuplement s\u2019\u00e9tait d\u00e9j\u00e0 amorc\u00e9, surtout sur ses terres les plus d\u00e9sh\u00e9rit\u00e9es que [&hellip;]<\/p>\n","protected":false},"featured_media":60796,"template":"","meta":{"_acf_changed":false,"_genesis_hide_title":false,"_genesis_hide_breadcrumbs":false,"_genesis_hide_singular_image":false,"_genesis_hide_footer_widgets":false,"_genesis_custom_body_class":"","_genesis_custom_post_class":"","_genesis_layout":""},"product_brand":[],"product_cat":[7133,7203],"product_tag":[],"class_list":{"0":"post-60793","1":"product","2":"type-product","3":"status-publish","4":"has-post-thumbnail","6":"product_cat-libres-oc","7":"product_cat-politica-sociologia-actualitat-oc","8":"pa_auteur-houdart-marie-france-oc","9":"pa_editeur-maiade-oc","10":"pa_langue-francais-oc","11":"entry","13":"first","14":"instock","15":"shipping-taxable","16":"purchasable","17":"product-type-simple"},"acf":[],"_links":{"self":[{"href":"https:\/\/www.libraria-occitana.org\/oc\/wp-json\/wp\/v2\/product\/60793","targetHints":{"allow":["GET"]}}],"collection":[{"href":"https:\/\/www.libraria-occitana.org\/oc\/wp-json\/wp\/v2\/product"}],"about":[{"href":"https:\/\/www.libraria-occitana.org\/oc\/wp-json\/wp\/v2\/types\/product"}],"wp:featuredmedia":[{"embeddable":true,"href":"https:\/\/www.libraria-occitana.org\/oc\/wp-json\/wp\/v2\/media\/60796"}],"wp:attachment":[{"href":"https:\/\/www.libraria-occitana.org\/oc\/wp-json\/wp\/v2\/media?parent=60793"}],"wp:term":[{"taxonomy":"product_brand","embeddable":true,"href":"https:\/\/www.libraria-occitana.org\/oc\/wp-json\/wp\/v2\/product_brand?post=60793"},{"taxonomy":"product_cat","embeddable":true,"href":"https:\/\/www.libraria-occitana.org\/oc\/wp-json\/wp\/v2\/product_cat?post=60793"},{"taxonomy":"product_tag","embeddable":true,"href":"https:\/\/www.libraria-occitana.org\/oc\/wp-json\/wp\/v2\/product_tag?post=60793"}],"curies":[{"name":"wp","href":"https:\/\/api.w.org\/{rel}","templated":true}]}}