{"id":60819,"date":"2024-11-15T15:33:48","date_gmt":"2024-11-15T14:33:48","guid":{"rendered":"http:\/\/www.libraria-occitana.org\/product\/au-loup-chronique-dun-retour\/"},"modified":"2026-04-14T23:01:22","modified_gmt":"2026-04-14T21:01:22","slug":"au-loup-chronique-dun-retour","status":"publish","type":"product","link":"https:\/\/www.libraria-occitana.org\/oc\/produch\/au-loup-chronique-dun-retour\/","title":{"rendered":"Au loup ! : Chronique d&#8217;un retour"},"content":{"rendered":"<p>En Limousin, sur le plateau de Millevaches, apr\u00e8s un si\u00e8cle d\u2019absence le loup revient. Certains \u00e9leveurs et habitants essayent d\u2019identifier et exp\u00e9rimenter des solutions pour une cohabitation avec le pr\u00e9dateur, d\u2019autres la refusent en bloc. Le sc\u00e9nario se r\u00e9p\u00e8te, comme chaque fois que les loups r\u00e9apparaissent quelque part. L\u2019anticipation et la pr\u00e9paration de certains permettra-t-elle d\u2019envisager plus sereinement des pistes de coexistence ?<\/p>\n<p>Pendant une ann\u00e9e, Troubs a arpent\u00e9 le plateau de Millevaches et c\u00f4toy\u00e9 des \u00e9leveurs, en les accompagnant dans leur travail quotidien et les questionnant sur leur vision de l\u2019avenir face au retour du grand pr\u00e9dateur. Parall\u00e8lement, il a interrog\u00e9 des zoologues et des \u00e9thologues pour mieux conna\u00eetre l\u2019animal, ses habitudes, sa strat\u00e9gie d\u2019occupation du territoire et son r\u00f4le dans la conservation de la biodiversit\u00e9. \u00c0 l\u2019issue de cette enqu\u00eate, Troubs nous livre un r\u00e9cit \u00e9clairant et plein d\u2019humour sur la mani\u00e8re dont les pratiques d\u2019\u00e9levage sont perturb\u00e9es par le retour du pr\u00e9dateur, sur comment son retour remet en avant la question du pastoralisme et enfin sur la n\u00e9cessit\u00e9 de faire \u00e9voluer nos repr\u00e9sentations du loup et concilier durablement les activit\u00e9s humaines avec la pr\u00e9servation de l\u2019esp\u00e8ce et des milieux naturels.<\/p>\n","protected":false},"excerpt":{"rendered":"<p>En Limousin, sur le plateau de Millevaches, apr\u00e8s un si\u00e8cle d\u2019absence le loup revient. Certains \u00e9leveurs et habitants essayent d\u2019identifier et exp\u00e9rimenter des solutions pour une cohabitation avec le pr\u00e9dateur, d\u2019autres la refusent en bloc. Le sc\u00e9nario se r\u00e9p\u00e8te, comme chaque fois que les loups r\u00e9apparaissent quelque part. L\u2019anticipation et la pr\u00e9paration de certains permettra-t-elle [&hellip;]<\/p>\n","protected":false},"featured_media":60817,"template":"","meta":{"_acf_changed":false,"_genesis_hide_title":false,"_genesis_hide_breadcrumbs":false,"_genesis_hide_singular_image":false,"_genesis_hide_footer_widgets":false,"_genesis_custom_body_class":"","_genesis_custom_post_class":"","_genesis_layout":""},"product_brand":[],"product_cat":[7133,7203],"product_tag":[],"class_list":{"0":"post-60819","1":"product","2":"type-product","3":"status-publish","4":"has-post-thumbnail","6":"product_cat-libres-oc","7":"product_cat-politica-sociologia-actualitat-oc","8":"pa_auteur-troubs-oc","9":"pa_editeur-rackham-oc","10":"pa_langue-francais-oc","11":"entry","13":"first","14":"instock","15":"shipping-taxable","16":"purchasable","17":"product-type-simple"},"acf":[],"_links":{"self":[{"href":"https:\/\/www.libraria-occitana.org\/oc\/wp-json\/wp\/v2\/product\/60819","targetHints":{"allow":["GET"]}}],"collection":[{"href":"https:\/\/www.libraria-occitana.org\/oc\/wp-json\/wp\/v2\/product"}],"about":[{"href":"https:\/\/www.libraria-occitana.org\/oc\/wp-json\/wp\/v2\/types\/product"}],"wp:featuredmedia":[{"embeddable":true,"href":"https:\/\/www.libraria-occitana.org\/oc\/wp-json\/wp\/v2\/media\/60817"}],"wp:attachment":[{"href":"https:\/\/www.libraria-occitana.org\/oc\/wp-json\/wp\/v2\/media?parent=60819"}],"wp:term":[{"taxonomy":"product_brand","embeddable":true,"href":"https:\/\/www.libraria-occitana.org\/oc\/wp-json\/wp\/v2\/product_brand?post=60819"},{"taxonomy":"product_cat","embeddable":true,"href":"https:\/\/www.libraria-occitana.org\/oc\/wp-json\/wp\/v2\/product_cat?post=60819"},{"taxonomy":"product_tag","embeddable":true,"href":"https:\/\/www.libraria-occitana.org\/oc\/wp-json\/wp\/v2\/product_tag?post=60819"}],"curies":[{"name":"wp","href":"https:\/\/api.w.org\/{rel}","templated":true}]}}