{"id":60831,"date":"2024-11-15T18:30:04","date_gmt":"2024-11-15T17:30:04","guid":{"rendered":"http:\/\/www.libraria-occitana.org\/?post_type=product&#038;p=60831"},"modified":"2026-04-13T00:41:35","modified_gmt":"2026-04-12T22:41:35","slug":"limoges-transforme-histoire-illustree-des-principaux-batiments-monuments-et-quartiers-apparus-en-ville-de-1800-a-1950","status":"publish","type":"product","link":"https:\/\/www.libraria-occitana.org\/oc\/produch\/limoges-transforme-histoire-illustree-des-principaux-batiments-monuments-et-quartiers-apparus-en-ville-de-1800-a-1950\/","title":{"rendered":"Limoges transform\u00e9 : Histoire illustr\u00e9e des principaux b\u00e2timents, monuments et quartiers, apparus en ville de 1800 \u00e0 1950"},"content":{"rendered":"<p>Un livre illustr\u00e9 de 500 images et de multiples anecdotes dans lequel l\u2019auteur vous invite \u00e0 comprendre les profondes modifications d\u2019urbanisme, \u00e0 d\u00e9couvrir l\u2019histoire des principales manufactures et b\u00e2timents publiques et industriels qui ont vu le jour entre 1800 et 1950.<\/p>\n<p>Apr\u00e8s la p\u00e9riode troubl\u00e9e de la r\u00e9volution Fran\u00e7aise, et malgr\u00e9 les multiples changements de r\u00e9gimes politiques, la R\u00e9volution industrielle du XIXe si\u00e8cle fait basculer le Limousin d\u2019une soci\u00e9t\u00e9 \u00e0 dominante agraire et artisanale vers une soci\u00e9t\u00e9 de plus en plus commerciale et industrielle. L\u2019arriv\u00e9e du chemin de fer acc\u00e9l\u00e8re les \u00e9changes commerciaux et permet l\u2019utilisation du charbon comme source d\u2019\u00e9nergie principale permettant la m\u00e9canisation et le d\u00e9veloppement de l\u2019industrie \u00e0 Limoges. Il s\u2019ensuivra un exode rural et une croissance tr\u00e8s rapide de la ville pouss\u00e9e par des hommes issus de tous les milieux mais souvent ambitieux, parfois humaniste ou ayant l\u2019\u00e9nergie et le sens des affaires.<\/p>\n","protected":false},"excerpt":{"rendered":"<p>Un livre illustr\u00e9 de 500 images et de multiples anecdotes dans lequel l\u2019auteur vous invite \u00e0 comprendre les profondes modifications d\u2019urbanisme, \u00e0 d\u00e9couvrir l\u2019histoire des principales manufactures et b\u00e2timents publiques et industriels qui ont vu le jour entre 1800 et 1950. Apr\u00e8s la p\u00e9riode troubl\u00e9e de la r\u00e9volution Fran\u00e7aise, et malgr\u00e9 les multiples changements de [&hellip;]<\/p>\n","protected":false},"featured_media":60834,"template":"","meta":{"_acf_changed":false,"_genesis_hide_title":false,"_genesis_hide_breadcrumbs":false,"_genesis_hide_singular_image":false,"_genesis_hide_footer_widgets":false,"_genesis_custom_body_class":"","_genesis_custom_post_class":"","_genesis_layout":""},"product_brand":[],"product_cat":[7199,7159,7149,7133,7197],"product_tag":[],"class_list":{"0":"post-60831","1":"product","2":"type-product","3":"status-publish","4":"has-post-thumbnail","6":"product_cat-guides-torisme-viatge-oc","7":"product_cat-istoria-moderna-e-contemporala-oc","8":"product_cat-istoria-geografia-oc","9":"product_cat-libres-oc","10":"product_cat-natura-torisme-oc","11":"pa_auteur-cardo-claude-oc","12":"pa_editeur-geste-oc","13":"pa_langue-francais-oc","14":"entry","16":"first","17":"instock","18":"shipping-taxable","19":"purchasable","20":"product-type-simple"},"acf":[],"_links":{"self":[{"href":"https:\/\/www.libraria-occitana.org\/oc\/wp-json\/wp\/v2\/product\/60831","targetHints":{"allow":["GET"]}}],"collection":[{"href":"https:\/\/www.libraria-occitana.org\/oc\/wp-json\/wp\/v2\/product"}],"about":[{"href":"https:\/\/www.libraria-occitana.org\/oc\/wp-json\/wp\/v2\/types\/product"}],"wp:featuredmedia":[{"embeddable":true,"href":"https:\/\/www.libraria-occitana.org\/oc\/wp-json\/wp\/v2\/media\/60834"}],"wp:attachment":[{"href":"https:\/\/www.libraria-occitana.org\/oc\/wp-json\/wp\/v2\/media?parent=60831"}],"wp:term":[{"taxonomy":"product_brand","embeddable":true,"href":"https:\/\/www.libraria-occitana.org\/oc\/wp-json\/wp\/v2\/product_brand?post=60831"},{"taxonomy":"product_cat","embeddable":true,"href":"https:\/\/www.libraria-occitana.org\/oc\/wp-json\/wp\/v2\/product_cat?post=60831"},{"taxonomy":"product_tag","embeddable":true,"href":"https:\/\/www.libraria-occitana.org\/oc\/wp-json\/wp\/v2\/product_tag?post=60831"}],"curies":[{"name":"wp","href":"https:\/\/api.w.org\/{rel}","templated":true}]}}