{"id":60902,"date":"2024-11-27T13:14:55","date_gmt":"2024-11-27T12:14:55","guid":{"rendered":"http:\/\/www.libraria-occitana.org\/?post_type=product&#038;p=60902"},"modified":"2026-04-29T07:06:20","modified_gmt":"2026-04-29T05:06:20","slug":"travaux-darcheologie-limousine-tome-44","status":"publish","type":"product","link":"https:\/\/www.libraria-occitana.org\/oc\/produch\/travaux-darcheologie-limousine-tome-44\/","title":{"rendered":"Travaux d&#8217;arch\u00e9ologie limousine Tome 44"},"content":{"rendered":"<p><strong>Pr\u00e9histoire et protohistoire<\/strong><\/p>\n<ul>\n<li>Ren\u00e9-Marc Brun, Compl\u00e9ments d\u2019enqu\u00eate sur un trac\u00e9 d\u2019interuve de long parcours entre Blanzac et Folles, par Ch\u00e2teauponsac (Haute-Vienne)<\/li>\n<li>Julien Cousteaux et Romain Lauranson, avec la collaboration de Sylvain Colin, \u00c9lodie Faure, Charlotte Hallavant, Nina Parisot et Paul Picavet, Des fosses d\u2019extraction et leur ensemble c\u00e9ramique du premier \u00e2ge du Fer \u00e0 Condat-sur-Vienne<\/li>\n<\/ul>\n<p>&nbsp;<\/p>\n<p><strong>Antiquit\u00e9<\/strong><\/p>\n<ul>\n<li>Christophe Maniquet, avec la collaboration de : Pierrick Fou\u00e9r\u00e9 et Camille Mangier-Merceron, Un nouveau sanctuaire gallo-romain \u00e0 Augustoritum \/ Limoges : le fanum de la Roche au Go<\/li>\n<li>Jean-Paul Beno\u00eet, Paul Facq, Jean-Pierre Floc&#8217;h, Georges M\u00e9riguet, S\u00e9bastien Viala, D\u00e9couverte d\u2019une seconde borne routi\u00e8re romaine \u00e0 Chassenon (Charente)<\/li>\n<\/ul>\n<p>&nbsp;<\/p>\n<p><strong>P\u00e9riodes m\u00e9di\u00e9vale et moderne<\/strong><\/p>\n<ul>\n<li>Jean-Marie Allard, Bourganeuf (Creuse) : une histoire hospitali\u00e8re<\/li>\n<\/ul>\n<ul>\n<li>Sylvain Guillin, D\u00e9couverte fun\u00e9raire singuli\u00e8re pr\u00e8s de l\u2019\u00e9glise Sainte-Madeleine \u00e0 Bussi\u00e8re-Nouvelle (Creuse)<\/li>\n<\/ul>\n<ul>\n<li>Am\u00e9lie Belleli, Fr\u00e9d\u00e9ric Devevey, Cl\u00e9ment Rigault, \u00c9tude Arch\u00e9ologique des Rejets Industriels de la Porcelaine \u00e0 Limoges : Enjeux et Perspectives Multidisciplinaires suite \u00e0 l\u2019op\u00e9ration arch\u00e9ologique r\u00e9alis\u00e9e rue Th\u00e9odore Bac<\/li>\n<\/ul>\n<p>&nbsp;<\/p>\n<p><strong>Dossier<\/strong><\/p>\n<ul>\n<li>Jean-Pierre Loustaud, La Pars Urbana de la villa gallo-romaine de Brachaud, (Commune de Limoges)<\/li>\n<\/ul>\n","protected":false},"excerpt":{"rendered":"<p>Pr\u00e9histoire et protohistoire Ren\u00e9-Marc Brun, Compl\u00e9ments d\u2019enqu\u00eate sur un trac\u00e9 d\u2019interuve de long parcours entre Blanzac et Folles, par Ch\u00e2teauponsac (Haute-Vienne) Julien Cousteaux et Romain Lauranson, avec la collaboration de Sylvain Colin, \u00c9lodie Faure, Charlotte Hallavant, Nina Parisot et Paul Picavet, Des fosses d\u2019extraction et leur ensemble c\u00e9ramique du premier \u00e2ge du Fer \u00e0 Condat-sur-Vienne [&hellip;]<\/p>\n","protected":false},"featured_media":60905,"template":"","meta":{"_acf_changed":false,"_genesis_hide_title":false,"_genesis_hide_breadcrumbs":false,"_genesis_hide_singular_image":false,"_genesis_hide_footer_widgets":false,"_genesis_custom_body_class":"","_genesis_custom_post_class":"","_genesis_layout":""},"product_brand":[],"product_cat":[7155,7161,7159,7149,7133],"product_tag":[],"class_list":{"0":"post-60902","1":"product","2":"type-product","3":"status-publish","4":"has-post-thumbnail","6":"product_cat-istoria-antica-oc","7":"product_cat-istoria-medievala-oc","8":"product_cat-istoria-moderna-e-contemporala-oc","9":"product_cat-istoria-geografia-oc","10":"product_cat-libres-oc","11":"pa_auteur-collectiu-oc-2","12":"pa_editeur-archeologie-en-limousin-oc","13":"pa_langue-francais-oc","14":"entry","16":"first","17":"instock","18":"shipping-taxable","19":"purchasable","20":"product-type-simple"},"acf":[],"_links":{"self":[{"href":"https:\/\/www.libraria-occitana.org\/oc\/wp-json\/wp\/v2\/product\/60902","targetHints":{"allow":["GET"]}}],"collection":[{"href":"https:\/\/www.libraria-occitana.org\/oc\/wp-json\/wp\/v2\/product"}],"about":[{"href":"https:\/\/www.libraria-occitana.org\/oc\/wp-json\/wp\/v2\/types\/product"}],"wp:featuredmedia":[{"embeddable":true,"href":"https:\/\/www.libraria-occitana.org\/oc\/wp-json\/wp\/v2\/media\/60905"}],"wp:attachment":[{"href":"https:\/\/www.libraria-occitana.org\/oc\/wp-json\/wp\/v2\/media?parent=60902"}],"wp:term":[{"taxonomy":"product_brand","embeddable":true,"href":"https:\/\/www.libraria-occitana.org\/oc\/wp-json\/wp\/v2\/product_brand?post=60902"},{"taxonomy":"product_cat","embeddable":true,"href":"https:\/\/www.libraria-occitana.org\/oc\/wp-json\/wp\/v2\/product_cat?post=60902"},{"taxonomy":"product_tag","embeddable":true,"href":"https:\/\/www.libraria-occitana.org\/oc\/wp-json\/wp\/v2\/product_tag?post=60902"}],"curies":[{"name":"wp","href":"https:\/\/api.w.org\/{rel}","templated":true}]}}