{"id":60953,"date":"2024-11-27T17:26:46","date_gmt":"2024-11-27T16:26:46","guid":{"rendered":"http:\/\/www.libraria-occitana.org\/?post_type=product&#038;p=60953"},"modified":"2026-04-14T21:11:21","modified_gmt":"2026-04-14T19:11:21","slug":"lo-viatge-de-joan-petit","status":"publish","type":"product","link":"https:\/\/www.libraria-occitana.org\/oc\/produch\/lo-viatge-de-joan-petit\/","title":{"rendered":"Lo viatge de Joan Petit"},"content":{"rendered":"<p>Joan qu'ei un mainat pas mei gran qu\u2019un sac de hroment. Mes Joan qu'ei atrevit e coratj\u00f3s. Un dia, que pren lo camin de solhevant e que va tau pa\u00eds deus gigants ent\u00e0 descobrir lo secret t\u00e0 pravar. E, tot lo long deu viatge, Joan que contrapassa los corbaishs, los becuts, l'\u00d2mi verd e mantuns autes personatges gessits de l'imaginari gascon.<\/p>\n","protected":false},"excerpt":{"rendered":"<p>Joan qu&#8217;ei un mainat pas mei gran qu\u2019un sac de hroment. Mes Joan qu&#8217;ei atrevit e coratj\u00f3s. Un dia, que pren lo camin de solhevant e que va tau pa\u00eds deus gigants ent\u00e0 descobrir lo secret t\u00e0 pravar. E, tot lo long deu viatge, Joan que contrapassa los corbaishs, los becuts, l&#8217;\u00d2mi verd e mantuns [&hellip;]<\/p>\n","protected":false},"featured_media":60956,"template":"","meta":{"_acf_changed":false,"_genesis_hide_title":false,"_genesis_hide_breadcrumbs":false,"_genesis_hide_singular_image":false,"_genesis_hide_footer_widgets":false,"_genesis_custom_body_class":"","_genesis_custom_post_class":"","_genesis_layout":""},"product_brand":[],"product_cat":[7171,7165,7133],"product_tag":[],"class_list":{"0":"post-60953","1":"product","2":"type-product","3":"status-publish","4":"has-post-thumbnail","6":"product_cat-drolles-oc","7":"product_cat-jounessa-bd-umor","8":"product_cat-libres-oc","9":"pa_auteur-dordeins-joan-miqueu-oc","10":"pa_editeur-reclams-oc","11":"pa_illustrateur-lartigot-fanny-oc","12":"pa_langue-occitan-oc","13":"pa_langue-occitan-gascon-oc","14":"entry","16":"first","17":"instock","18":"shipping-taxable","19":"purchasable","20":"product-type-simple"},"acf":[],"_links":{"self":[{"href":"https:\/\/www.libraria-occitana.org\/oc\/wp-json\/wp\/v2\/product\/60953","targetHints":{"allow":["GET"]}}],"collection":[{"href":"https:\/\/www.libraria-occitana.org\/oc\/wp-json\/wp\/v2\/product"}],"about":[{"href":"https:\/\/www.libraria-occitana.org\/oc\/wp-json\/wp\/v2\/types\/product"}],"wp:featuredmedia":[{"embeddable":true,"href":"https:\/\/www.libraria-occitana.org\/oc\/wp-json\/wp\/v2\/media\/60956"}],"wp:attachment":[{"href":"https:\/\/www.libraria-occitana.org\/oc\/wp-json\/wp\/v2\/media?parent=60953"}],"wp:term":[{"taxonomy":"product_brand","embeddable":true,"href":"https:\/\/www.libraria-occitana.org\/oc\/wp-json\/wp\/v2\/product_brand?post=60953"},{"taxonomy":"product_cat","embeddable":true,"href":"https:\/\/www.libraria-occitana.org\/oc\/wp-json\/wp\/v2\/product_cat?post=60953"},{"taxonomy":"product_tag","embeddable":true,"href":"https:\/\/www.libraria-occitana.org\/oc\/wp-json\/wp\/v2\/product_tag?post=60953"}],"curies":[{"name":"wp","href":"https:\/\/api.w.org\/{rel}","templated":true}]}}