{"id":60968,"date":"2024-04-27T17:44:36","date_gmt":"2024-04-27T15:44:36","guid":{"rendered":"http:\/\/www.libraria-occitana.org\/product\/e-viver\/"},"modified":"2026-04-17T23:36:21","modified_gmt":"2026-04-17T21:36:21","slug":"e-viver","status":"publish","type":"product","link":"https:\/\/www.libraria-occitana.org\/oc\/produch\/e-viver\/","title":{"rendered":"E v\u00edver"},"content":{"rendered":"<p>Quinze nov\u00e8las ent\u00e0 parlar deu monde. Lo d'uei, de segur, qu'ei \u00e7\u00f2 qu'ei, mes tanben lo d'un futur pr\u00f2che e pas mens maishant. Los personatges de Fabienne Vayrette, hemnas sustot, ne's d\u00e8ishan pas enganar. Emplegada de mus\u00e8u saunejaira e determinada, servidor au caumatge pr\u00e8st a tot ent\u00e0 escapar a la vita vitanta, joena diplomada japonesa a la punta deus hialats sociaus\u2026 vos estonar\u00e0n. Dab determinacion e coratge, ne baishan pas jam\u00e8s los bra\u00e7, quan ser\u00e9 de peda\u00e7ar la realitat. Pr'amor \u00e7\u00f2 que v\u00f2len, ei v\u00edver !<\/p>\n","protected":false},"excerpt":{"rendered":"<p>Quinze nov\u00e8las ent\u00e0 parlar deu monde. Lo d&#8217;uei, de segur, qu&#8217;ei \u00e7\u00f2 qu&#8217;ei, mes tanben lo d&#8217;un futur pr\u00f2che e pas mens maishant. Los personatges de Fabienne Vayrette, hemnas sustot, ne&#8217;s d\u00e8ishan pas enganar. Emplegada de mus\u00e8u saunejaira e determinada, servidor au caumatge pr\u00e8st a tot ent\u00e0 escapar a la vita vitanta, joena diplomada japonesa [&hellip;]<\/p>\n","protected":false},"featured_media":60966,"template":"","meta":{"_acf_changed":false,"_genesis_hide_title":false,"_genesis_hide_breadcrumbs":false,"_genesis_hide_singular_image":false,"_genesis_hide_footer_widgets":false,"_genesis_custom_body_class":"","_genesis_custom_post_class":"","_genesis_layout":""},"product_brand":[],"product_cat":[7133,7175,7183],"product_tag":[],"class_list":{"0":"post-60968","1":"product","2":"type-product","3":"status-publish","4":"has-post-thumbnail","6":"product_cat-libres-oc","7":"product_cat-literatura-oc","8":"product_cat-romans-novelas-oc","9":"pa_auteur-vayrette-pechali-fabienne-oc","10":"pa_editeur-reclams-oc","11":"pa_langue-occitan-oc","12":"pa_langue-occitan-gascon-oc","13":"entry","15":"first","16":"instock","17":"shipping-taxable","18":"purchasable","19":"product-type-simple"},"acf":[],"_links":{"self":[{"href":"https:\/\/www.libraria-occitana.org\/oc\/wp-json\/wp\/v2\/product\/60968","targetHints":{"allow":["GET"]}}],"collection":[{"href":"https:\/\/www.libraria-occitana.org\/oc\/wp-json\/wp\/v2\/product"}],"about":[{"href":"https:\/\/www.libraria-occitana.org\/oc\/wp-json\/wp\/v2\/types\/product"}],"wp:featuredmedia":[{"embeddable":true,"href":"https:\/\/www.libraria-occitana.org\/oc\/wp-json\/wp\/v2\/media\/60966"}],"wp:attachment":[{"href":"https:\/\/www.libraria-occitana.org\/oc\/wp-json\/wp\/v2\/media?parent=60968"}],"wp:term":[{"taxonomy":"product_brand","embeddable":true,"href":"https:\/\/www.libraria-occitana.org\/oc\/wp-json\/wp\/v2\/product_brand?post=60968"},{"taxonomy":"product_cat","embeddable":true,"href":"https:\/\/www.libraria-occitana.org\/oc\/wp-json\/wp\/v2\/product_cat?post=60968"},{"taxonomy":"product_tag","embeddable":true,"href":"https:\/\/www.libraria-occitana.org\/oc\/wp-json\/wp\/v2\/product_tag?post=60968"}],"curies":[{"name":"wp","href":"https:\/\/api.w.org\/{rel}","templated":true}]}}