{"id":60971,"date":"2024-11-27T18:04:53","date_gmt":"2024-11-27T17:04:53","guid":{"rendered":"http:\/\/www.libraria-occitana.org\/?post_type=product&#038;p=60971"},"modified":"2026-04-16T21:11:38","modified_gmt":"2026-04-16T19:11:38","slug":"chansons-dhommes-et-de-terre-de-1964-a-nos-jours","status":"publish","type":"product","link":"https:\/\/www.libraria-occitana.org\/oc\/produch\/chansons-dhommes-et-de-terre-de-1964-a-nos-jours\/","title":{"rendered":"Chansons d&#8217;hommes et de terre : de 1964 \u00e0 nos jours"},"content":{"rendered":"<p>Jean Alambre : Bien que n\u00e9 \u00e0 Montmartre, ce magnifique quartier de Paris, ses racines sont limousines et occitanes.<br \/>\nSon engagement s&#8217;exprime \u00e0 travers ses nombreux \u00e9crits, livres, articles ou po\u00e8mes qui t\u00e9moignent de son attachement ind\u00e9fectible aux valeurs humanistes que porte la R\u00e9gion en g\u00e9n\u00e9ral et les Mon\u00e9di\u00e8res en particulier. Penseur engag\u00e9, il est devenu un acteur incontournable, \u00e0 la fois po\u00e8te et musicien, comme les troubadours du Moyen \u00c2ge qui l&#8217;ont pr\u00e9c\u00e9d\u00e9.<br \/>\nComme eux, il s&#8217;exprime dans la langue d&#8217;oc pour raconter ses histoires et chanter ses chansons mais aussi en fran\u00e7ais. Dans ses textes, il n&#8217;h\u00e9site pas non plus \u00e0 s&#8217;engager dans la vie sociale et politique en clamant des valeurs ch\u00e8res \u00e0 son c\u0153ur.<\/p>\n","protected":false},"excerpt":{"rendered":"<p>Jean Alambre : Bien que n\u00e9 \u00e0 Montmartre, ce magnifique quartier de Paris, ses racines sont limousines et occitanes. Son engagement s&#8217;exprime \u00e0 travers ses nombreux \u00e9crits, livres, articles ou po\u00e8mes qui t\u00e9moignent de son attachement ind\u00e9fectible aux valeurs humanistes que porte la R\u00e9gion en g\u00e9n\u00e9ral et les Mon\u00e9di\u00e8res en particulier. Penseur engag\u00e9, il est [&hellip;]<\/p>\n","protected":false},"featured_media":60919,"template":"","meta":{"_acf_changed":false,"_genesis_hide_title":false,"_genesis_hide_breadcrumbs":false,"_genesis_hide_singular_image":false,"_genesis_hide_footer_widgets":false,"_genesis_custom_body_class":"","_genesis_custom_post_class":"","_genesis_layout":""},"product_brand":[],"product_cat":[7133,7191,7193],"product_tag":[],"class_list":{"0":"post-60971","1":"product","2":"type-product","3":"status-publish","4":"has-post-thumbnail","6":"product_cat-libres-oc","7":"product_cat-musica-danca-oc","8":"product_cat-particions-paraulas-de-chancons-oc","9":"pa_auteur-alambre-jean-oc","10":"pa_editeur-lesperluette-oc","11":"pa_langue-francais-oc","12":"pa_langue-occitan-lemosin-oc","13":"pa_langue-occitan-francais-oc","14":"entry","16":"first","17":"instock","18":"shipping-taxable","19":"purchasable","20":"product-type-simple"},"acf":[],"_links":{"self":[{"href":"https:\/\/www.libraria-occitana.org\/oc\/wp-json\/wp\/v2\/product\/60971","targetHints":{"allow":["GET"]}}],"collection":[{"href":"https:\/\/www.libraria-occitana.org\/oc\/wp-json\/wp\/v2\/product"}],"about":[{"href":"https:\/\/www.libraria-occitana.org\/oc\/wp-json\/wp\/v2\/types\/product"}],"wp:featuredmedia":[{"embeddable":true,"href":"https:\/\/www.libraria-occitana.org\/oc\/wp-json\/wp\/v2\/media\/60919"}],"wp:attachment":[{"href":"https:\/\/www.libraria-occitana.org\/oc\/wp-json\/wp\/v2\/media?parent=60971"}],"wp:term":[{"taxonomy":"product_brand","embeddable":true,"href":"https:\/\/www.libraria-occitana.org\/oc\/wp-json\/wp\/v2\/product_brand?post=60971"},{"taxonomy":"product_cat","embeddable":true,"href":"https:\/\/www.libraria-occitana.org\/oc\/wp-json\/wp\/v2\/product_cat?post=60971"},{"taxonomy":"product_tag","embeddable":true,"href":"https:\/\/www.libraria-occitana.org\/oc\/wp-json\/wp\/v2\/product_tag?post=60971"}],"curies":[{"name":"wp","href":"https:\/\/api.w.org\/{rel}","templated":true}]}}