{"id":60990,"date":"2024-11-29T10:07:03","date_gmt":"2024-11-29T09:07:03","guid":{"rendered":"http:\/\/www.libraria-occitana.org\/product\/jean-marc-simeonin-un-auseu-lemotjaud\/"},"modified":"2026-04-17T03:51:55","modified_gmt":"2026-04-17T01:51:55","slug":"jean-marc-simeonin-un-auseu-lemotjaud","status":"publish","type":"product","link":"https:\/\/www.libraria-occitana.org\/oc\/produch\/jean-marc-simeonin-un-auseu-lemotjaud\/","title":{"rendered":"Jean-Marc Sim\u00e9onin, un auseu lemotjaud"},"content":{"rendered":"<p>Nascut a Lem\u00f2tges en 1950, Jan-Marc Simeonin ensenhet l'espanh\u00f2u e d'enchaison l'occitan.<br \/>\nDessenhador, pintre, gravaire (aiga-f\u00f2rta e linogravadura), esmautaire, eimatjaire de las Edicions dau chamin de sent Jaume, mas de tant e tant d'\u00f2bras de creacion e de tradicion.<\/p>\n<p>Occitanista, son \u00f2bra es marcada per son engatjament, que la lenga l-i es totjorn presenta, Lemotjaud de rai\u00e7 e de c\u00f2r, la vila l-i poncha plan sovent son nas.<br \/>\n'Quo es de tot aqu\u00f2 que rend compte 'queu filme, de l'artista d'excepcion, de l'\u00f2me de bon frequentar.<\/p>\n","protected":false},"excerpt":{"rendered":"<p>Nascut a Lem\u00f2tges en 1950, Jan-Marc Simeonin ensenhet l&#8217;espanh\u00f2u e d&#8217;enchaison l&#8217;occitan. Dessenhador, pintre, gravaire (aiga-f\u00f2rta e linogravadura), esmautaire, eimatjaire de las Edicions dau chamin de sent Jaume, mas de tant e tant d&#8217;\u00f2bras de creacion e de tradicion. Occitanista, son \u00f2bra es marcada per son engatjament, que la lenga l-i es totjorn presenta, Lemotjaud [&hellip;]<\/p>\n","protected":false},"featured_media":60988,"template":"","meta":{"_acf_changed":false,"_genesis_hide_title":false,"_genesis_hide_breadcrumbs":false,"_genesis_hide_singular_image":false,"_genesis_hide_footer_widgets":false,"_genesis_custom_body_class":"","_genesis_custom_post_class":"","_genesis_layout":""},"product_brand":[],"product_cat":[7242,7133,7240],"product_tag":[],"class_list":{"0":"post-60990","1":"product","2":"type-product","3":"status-publish","4":"has-post-thumbnail","6":"product_cat-documentari-oc","7":"product_cat-libres-oc","8":"product_cat-video-oc","9":"pa_auteur-cros-jean-louis-oc","10":"pa_editeur-ieo-lemosin-oc","11":"pa_editeur-lo-chamin-de-sent-jaume-oc","12":"pa_langue-francais-oc","13":"pa_langue-occitan-lemosin-oc","14":"pa_langue-occitan-francais-oc","15":"entry","17":"first","18":"instock","19":"shipping-taxable","20":"purchasable","21":"product-type-simple"},"acf":[],"_links":{"self":[{"href":"https:\/\/www.libraria-occitana.org\/oc\/wp-json\/wp\/v2\/product\/60990","targetHints":{"allow":["GET"]}}],"collection":[{"href":"https:\/\/www.libraria-occitana.org\/oc\/wp-json\/wp\/v2\/product"}],"about":[{"href":"https:\/\/www.libraria-occitana.org\/oc\/wp-json\/wp\/v2\/types\/product"}],"wp:featuredmedia":[{"embeddable":true,"href":"https:\/\/www.libraria-occitana.org\/oc\/wp-json\/wp\/v2\/media\/60988"}],"wp:attachment":[{"href":"https:\/\/www.libraria-occitana.org\/oc\/wp-json\/wp\/v2\/media?parent=60990"}],"wp:term":[{"taxonomy":"product_brand","embeddable":true,"href":"https:\/\/www.libraria-occitana.org\/oc\/wp-json\/wp\/v2\/product_brand?post=60990"},{"taxonomy":"product_cat","embeddable":true,"href":"https:\/\/www.libraria-occitana.org\/oc\/wp-json\/wp\/v2\/product_cat?post=60990"},{"taxonomy":"product_tag","embeddable":true,"href":"https:\/\/www.libraria-occitana.org\/oc\/wp-json\/wp\/v2\/product_tag?post=60990"}],"curies":[{"name":"wp","href":"https:\/\/api.w.org\/{rel}","templated":true}]}}