{"id":61062,"date":"2024-12-10T18:46:32","date_gmt":"2024-12-10T17:46:32","guid":{"rendered":"http:\/\/www.libraria-occitana.org\/product\/les-chemins-de-la-seve\/"},"modified":"2026-04-18T01:01:13","modified_gmt":"2026-04-17T23:01:13","slug":"les-chemins-de-la-seve","status":"publish","type":"product","link":"https:\/\/www.libraria-occitana.org\/oc\/produch\/les-chemins-de-la-seve\/","title":{"rendered":"Les Chemins de la s\u00e8ve"},"content":{"rendered":"<p>Lorsque, de N\u00eemes, vous prenez le chemin d&#8217;Al\u00e8s, une fois pass\u00e9s les derniers masets et la tour Magne disparue \u00e0 l&#8217;horizon vers le sud, la vie se perd dans les garrigues. Elle ne se perd pas, \u00e0 vrai dire, aujourd&#8217;hui, puisqu&#8217;en un bond et quelques virages la voiture vous a vite fait traverser ce d\u00e9sert de petits ch\u00eanes de Palestine. Elle ne se perdait gu\u00e8re non plus il y a trente ans. Pourtant, pendant une demi-heure, on ne voyait que des collines, des combes vides avec des bergeries en ruine, et trois ou quatre oliviers sauvages. C&#8217;\u00e9tait assez pour vous envahir d&#8217;une sorte de malaise. Puis s&#8217;ouvrait la Gardonnenque. On entrait dans un pays v\u00e9g\u00e9tal&#8230;<\/p>\n<p><em>Les Chemins de la s\u00e8ve<\/em>, le seul titre sugg\u00e8re au lecteur une infinit\u00e9 de pistes et d&#8217;images vitales dont l&#8217;attente est combl\u00e9e par ce second roman de Robert Lafont, publi\u00e9 en 1965 [&#8230;] De la chronique, l&#8217;ouvrage a certes la composition \u00e9clat\u00e9e, mais du roman il a bien l&#8217;\u00e9paisseur narrative et la richesse m\u00e9taphorique qui enchantent la lecture.<\/p>\n","protected":false},"excerpt":{"rendered":"<p>Lorsque, de N\u00eemes, vous prenez le chemin d&#8217;Al\u00e8s, une fois pass\u00e9s les derniers masets et la tour Magne disparue \u00e0 l&#8217;horizon vers le sud, la vie se perd dans les garrigues. Elle ne se perd pas, \u00e0 vrai dire, aujourd&#8217;hui, puisqu&#8217;en un bond et quelques virages la voiture vous a vite fait traverser ce d\u00e9sert [&hellip;]<\/p>\n","protected":false},"featured_media":61060,"template":"","meta":{"_acf_changed":false,"_genesis_hide_title":false,"_genesis_hide_breadcrumbs":false,"_genesis_hide_singular_image":false,"_genesis_hide_footer_widgets":false,"_genesis_custom_body_class":"","_genesis_custom_post_class":"","_genesis_layout":""},"product_brand":[],"product_cat":[7133,7175,7183],"product_tag":[],"class_list":{"0":"post-61062","1":"product","2":"type-product","3":"status-publish","4":"has-post-thumbnail","6":"product_cat-libres-oc","7":"product_cat-literatura-oc","8":"product_cat-romans-novelas-oc","9":"pa_editeur-lauceu-libre-oc","10":"pa_illustrateur-lafont-robert-oc","11":"pa_illustrateur-torreilles-claire-oc-1","12":"pa_langue-francais-oc","13":"entry","15":"first","16":"instock","17":"shipping-taxable","18":"purchasable","19":"product-type-simple"},"acf":[],"_links":{"self":[{"href":"https:\/\/www.libraria-occitana.org\/oc\/wp-json\/wp\/v2\/product\/61062","targetHints":{"allow":["GET"]}}],"collection":[{"href":"https:\/\/www.libraria-occitana.org\/oc\/wp-json\/wp\/v2\/product"}],"about":[{"href":"https:\/\/www.libraria-occitana.org\/oc\/wp-json\/wp\/v2\/types\/product"}],"wp:featuredmedia":[{"embeddable":true,"href":"https:\/\/www.libraria-occitana.org\/oc\/wp-json\/wp\/v2\/media\/61060"}],"wp:attachment":[{"href":"https:\/\/www.libraria-occitana.org\/oc\/wp-json\/wp\/v2\/media?parent=61062"}],"wp:term":[{"taxonomy":"product_brand","embeddable":true,"href":"https:\/\/www.libraria-occitana.org\/oc\/wp-json\/wp\/v2\/product_brand?post=61062"},{"taxonomy":"product_cat","embeddable":true,"href":"https:\/\/www.libraria-occitana.org\/oc\/wp-json\/wp\/v2\/product_cat?post=61062"},{"taxonomy":"product_tag","embeddable":true,"href":"https:\/\/www.libraria-occitana.org\/oc\/wp-json\/wp\/v2\/product_tag?post=61062"}],"curies":[{"name":"wp","href":"https:\/\/api.w.org\/{rel}","templated":true}]}}