{"id":61093,"date":"2024-12-12T20:44:15","date_gmt":"2024-12-12T19:44:15","guid":{"rendered":"http:\/\/www.libraria-occitana.org\/product\/la-correze-chemin-faisant\/"},"modified":"2026-04-13T00:41:40","modified_gmt":"2026-04-12T22:41:40","slug":"la-correze-chemin-faisant","status":"publish","type":"product","link":"https:\/\/www.libraria-occitana.org\/oc\/produch\/la-correze-chemin-faisant\/","title":{"rendered":"La Corr\u00e8ze chemin faisant"},"content":{"rendered":"<p>Quel est le point commun entre le tombeau d&#8217;un chevalier du XIVe si\u00e8cle, une for\u00eat mill\u00e9naire, un pont celtique ou carolingien, une pierre de druides et une ancienne voie ferr\u00e9e ? L&#8217;histoire peut-\u00eatre&#8230; surtout si l&#8217;on ajoute quelques vestiges gallo-romains, une petite chapelle perdue ou des murailles m\u00e9di\u00e9vales. Continuons avec quelques \u00e9l\u00e9ments naturels : un belv\u00e9d\u00e8re qui surplombe des gorges vertigineuses, un marais myst\u00e9rieux, un volcan oubli\u00e9 ou encore une source dans une tourbi\u00e8re et m\u00eame une cascade rugissante&#8230; La r\u00e9ponse est&#8230; la Corr\u00e8ze !<\/p>\n<p>Oui, vous trouverez tout cela en Corr\u00e8ze et bien plus encore.<br \/>\nAu d\u00e9tour des routes, chemins et sentiers aux senteurs de sous-bois, chacun de ces lieux vous racontera une histoire et vous invitera \u00e0 d\u00e9couvrir la richesse des mille facettes de la terre corr\u00e9zienne. Tout pr\u00e8s, sous vos yeux, au gr\u00e9, un patrimoine insoup\u00e7onn\u00e9 se d\u00e9voile pour vous surprendre et vous \u00e9merveiller.<\/p>\n","protected":false},"excerpt":{"rendered":"<p>Quel est le point commun entre le tombeau d&#8217;un chevalier du XIVe si\u00e8cle, une for\u00eat mill\u00e9naire, un pont celtique ou carolingien, une pierre de druides et une ancienne voie ferr\u00e9e ? L&#8217;histoire peut-\u00eatre&#8230; surtout si l&#8217;on ajoute quelques vestiges gallo-romains, une petite chapelle perdue ou des murailles m\u00e9di\u00e9vales. Continuons avec quelques \u00e9l\u00e9ments naturels : un [&hellip;]<\/p>\n","protected":false},"featured_media":61091,"template":"","meta":{"_acf_changed":false,"_genesis_hide_title":false,"_genesis_hide_breadcrumbs":false,"_genesis_hide_singular_image":false,"_genesis_hide_footer_widgets":false,"_genesis_custom_body_class":"","_genesis_custom_post_class":"","_genesis_layout":""},"product_brand":[],"product_cat":[7199,7133,7197],"product_tag":[],"class_list":{"0":"post-61093","1":"product","2":"type-product","3":"status-publish","4":"has-post-thumbnail","6":"product_cat-guides-torisme-viatge-oc","7":"product_cat-libres-oc","8":"product_cat-natura-torisme-oc","9":"pa_auteur-prabonne-pascal-oc","10":"pa_editeur-geste-oc","11":"pa_langue-francais-oc","12":"entry","14":"first","15":"instock","16":"shipping-taxable","17":"purchasable","18":"product-type-simple"},"acf":[],"_links":{"self":[{"href":"https:\/\/www.libraria-occitana.org\/oc\/wp-json\/wp\/v2\/product\/61093","targetHints":{"allow":["GET"]}}],"collection":[{"href":"https:\/\/www.libraria-occitana.org\/oc\/wp-json\/wp\/v2\/product"}],"about":[{"href":"https:\/\/www.libraria-occitana.org\/oc\/wp-json\/wp\/v2\/types\/product"}],"wp:featuredmedia":[{"embeddable":true,"href":"https:\/\/www.libraria-occitana.org\/oc\/wp-json\/wp\/v2\/media\/61091"}],"wp:attachment":[{"href":"https:\/\/www.libraria-occitana.org\/oc\/wp-json\/wp\/v2\/media?parent=61093"}],"wp:term":[{"taxonomy":"product_brand","embeddable":true,"href":"https:\/\/www.libraria-occitana.org\/oc\/wp-json\/wp\/v2\/product_brand?post=61093"},{"taxonomy":"product_cat","embeddable":true,"href":"https:\/\/www.libraria-occitana.org\/oc\/wp-json\/wp\/v2\/product_cat?post=61093"},{"taxonomy":"product_tag","embeddable":true,"href":"https:\/\/www.libraria-occitana.org\/oc\/wp-json\/wp\/v2\/product_tag?post=61093"}],"curies":[{"name":"wp","href":"https:\/\/api.w.org\/{rel}","templated":true}]}}