{"id":61338,"date":"2025-02-03T17:18:30","date_gmt":"2025-02-03T16:18:30","guid":{"rendered":"http:\/\/www.libraria-occitana.org\/?post_type=product&#038;p=61338"},"modified":"2026-04-29T04:56:30","modified_gmt":"2026-04-29T02:56:30","slug":"paraulas-de-novelum-n-186","status":"publish","type":"product","link":"https:\/\/www.libraria-occitana.org\/oc\/produch\/paraulas-de-novelum-n-186\/","title":{"rendered":"Paraulas de Novelum N\u00b0 186"},"content":{"rendered":"<p>Benvenguda&#8230;<\/p>\n<p>Concors de dessenh 2025<\/p>\n<p>A n\u00f2stres amics dispareguts&#8230;<\/p>\n<p>Joan-Lo\u00eds Orazio, Un pauc de botanica : l&#8217;arum salvatge<\/p>\n<p>Dani\u00e8l Chavar\u00f2cha, Lo perd\u00f3n de Nadal<\/p>\n<p>Michela Villechanoux, Catares e trobadors<\/p>\n<p>Toponimia :<br \/>\nJoan Rigosta, La civada, l&#8217;\u00f2rdi e la segal (2)<\/p>\n<p>Joan-Claudi Dugr\u00f2s, Retorn de lectura<\/p>\n<p>Marie-Jeanne Simonet, \u00c7\u00f2 que v\u00f2u &#8216;na goiata (1)<\/p>\n<p>Dins los talhiers de lenga :<br \/>\nMari-Clauda Lahieyte, Sovenir d&#8217;enfan\u00e7a<br \/>\nNadia Leymat, L&#8217;aranha verda (2)<br \/>\nMagdalena Bordet, E&#8230; chantarem&#8230;<\/p>\n","protected":false},"excerpt":{"rendered":"<p>Benvenguda&#8230; Concors de dessenh 2025 A n\u00f2stres amics dispareguts&#8230; Joan-Lo\u00eds Orazio, Un pauc de botanica : l&#8217;arum salvatge Dani\u00e8l Chavar\u00f2cha, Lo perd\u00f3n de Nadal Michela Villechanoux, Catares e trobadors Toponimia : Joan Rigosta, La civada, l&#8217;\u00f2rdi e la segal (2) Joan-Claudi Dugr\u00f2s, Retorn de lectura Marie-Jeanne Simonet, \u00c7\u00f2 que v\u00f2u &#8216;na goiata (1) Dins los [&hellip;]<\/p>\n","protected":false},"featured_media":61335,"template":"","meta":{"_acf_changed":false,"_genesis_hide_title":false,"_genesis_hide_breadcrumbs":false,"_genesis_hide_singular_image":false,"_genesis_hide_footer_widgets":false,"_genesis_custom_body_class":"","_genesis_custom_post_class":"","_genesis_layout":""},"product_brand":[],"product_cat":[7149,7133,7175,7163,7181,7183],"product_tag":[],"class_list":{"0":"post-61338","1":"product","2":"type-product","3":"status-publish","4":"has-post-thumbnail","6":"product_cat-istoria-geografia-oc","7":"product_cat-libres-oc","8":"product_cat-literatura-oc","9":"product_cat-noms-de-luocs-noms-de-personas-oc","10":"product_cat-poesia-oc","11":"product_cat-romans-novelas-oc","12":"pa_auteur-collectiu-oc-2","13":"pa_editeur-ieo-perigord-novelum-oc","14":"pa_langue-occitan-oc","15":"pa_langue-occitan-lemosin-oc","16":"entry","18":"first","19":"outofstock","20":"shipping-taxable","21":"purchasable","22":"product-type-simple"},"acf":[],"_links":{"self":[{"href":"https:\/\/www.libraria-occitana.org\/oc\/wp-json\/wp\/v2\/product\/61338","targetHints":{"allow":["GET"]}}],"collection":[{"href":"https:\/\/www.libraria-occitana.org\/oc\/wp-json\/wp\/v2\/product"}],"about":[{"href":"https:\/\/www.libraria-occitana.org\/oc\/wp-json\/wp\/v2\/types\/product"}],"wp:featuredmedia":[{"embeddable":true,"href":"https:\/\/www.libraria-occitana.org\/oc\/wp-json\/wp\/v2\/media\/61335"}],"wp:attachment":[{"href":"https:\/\/www.libraria-occitana.org\/oc\/wp-json\/wp\/v2\/media?parent=61338"}],"wp:term":[{"taxonomy":"product_brand","embeddable":true,"href":"https:\/\/www.libraria-occitana.org\/oc\/wp-json\/wp\/v2\/product_brand?post=61338"},{"taxonomy":"product_cat","embeddable":true,"href":"https:\/\/www.libraria-occitana.org\/oc\/wp-json\/wp\/v2\/product_cat?post=61338"},{"taxonomy":"product_tag","embeddable":true,"href":"https:\/\/www.libraria-occitana.org\/oc\/wp-json\/wp\/v2\/product_tag?post=61338"}],"curies":[{"name":"wp","href":"https:\/\/api.w.org\/{rel}","templated":true}]}}