{"id":61426,"date":"2024-09-27T17:51:33","date_gmt":"2024-09-27T15:51:33","guid":{"rendered":"http:\/\/www.libraria-occitana.org\/?post_type=product&#038;p=61426"},"modified":"2026-04-14T05:26:25","modified_gmt":"2026-04-14T03:26:25","slug":"les-enfants-de-cain","status":"publish","type":"product","link":"https:\/\/www.libraria-occitana.org\/oc\/produch\/les-enfants-de-cain\/","title":{"rendered":"Les enfants de Ca\u00efn"},"content":{"rendered":"<p>Pourquoi ce titre ? Parce que Ca\u00efn, personnage du livre de la Gen\u00e8se, fr\u00e8re a\u00een\u00e9 d\u2019Abel et fils a\u00een\u00e9 d\u2019Adam et \u00c8ve, le premier couple de la Bible, est un mod\u00e8le de cruaut\u00e9. Chacun des deux fr\u00e8res avaient offert \u00e0 Dieu une partie de sa r\u00e9colte, mais Dieu pr\u00e9f\u00e9ra l\u2019offrande d\u2019Abel \u00e0 celle de Ca\u00efn. Jaloux, Ca\u00efn tua son fr\u00e8re, devenant ainsi un \u00ab mod\u00e8le \u00bb de la cruaut\u00e9 en g\u00e9n\u00e9ral. Les enfants de Ca\u00efn, eux, sont les enfants n\u00e9s de parents inconnus et enferm\u00e9s dans les p\u00e9nitentiaires, o\u00f9 les enfants \u00e9taient trait\u00e9s en criminels. \u00c0 partir de 1920, Louis Roubaud (1884-1941) d\u00e9non\u00e7a le scandale de ces bagnes d\u2019enfants dans <em>Les Enfants de Ca\u00efn<\/em> (Grasset, 1925).<\/p>\n","protected":false},"excerpt":{"rendered":"<p>Pourquoi ce titre ? Parce que Ca\u00efn, personnage du livre de la Gen\u00e8se, fr\u00e8re a\u00een\u00e9 d\u2019Abel et fils a\u00een\u00e9 d\u2019Adam et \u00c8ve, le premier couple de la Bible, est un mod\u00e8le de cruaut\u00e9. Chacun des deux fr\u00e8res avaient offert \u00e0 Dieu une partie de sa r\u00e9colte, mais Dieu pr\u00e9f\u00e9ra l\u2019offrande d\u2019Abel \u00e0 celle de Ca\u00efn. [&hellip;]<\/p>\n","protected":false},"featured_media":61429,"template":"","meta":{"_acf_changed":false,"_genesis_hide_title":false,"_genesis_hide_breadcrumbs":false,"_genesis_hide_singular_image":false,"_genesis_hide_footer_widgets":false,"_genesis_custom_body_class":"","_genesis_custom_post_class":"","_genesis_layout":""},"product_brand":[],"product_cat":[7133,7175,7187],"product_tag":[],"class_list":{"0":"post-61426","1":"product","2":"type-product","3":"status-publish","4":"has-post-thumbnail","6":"product_cat-libres-oc","7":"product_cat-literatura-oc","8":"product_cat-temonhatges-memoris-oc","9":"pa_auteur-roubaud-louis-oc","10":"pa_editeur-plein-chant-oc","11":"pa_langue-francais-oc","12":"entry","14":"first","15":"instock","16":"shipping-taxable","17":"purchasable","18":"product-type-simple"},"acf":[],"_links":{"self":[{"href":"https:\/\/www.libraria-occitana.org\/oc\/wp-json\/wp\/v2\/product\/61426","targetHints":{"allow":["GET"]}}],"collection":[{"href":"https:\/\/www.libraria-occitana.org\/oc\/wp-json\/wp\/v2\/product"}],"about":[{"href":"https:\/\/www.libraria-occitana.org\/oc\/wp-json\/wp\/v2\/types\/product"}],"wp:featuredmedia":[{"embeddable":true,"href":"https:\/\/www.libraria-occitana.org\/oc\/wp-json\/wp\/v2\/media\/61429"}],"wp:attachment":[{"href":"https:\/\/www.libraria-occitana.org\/oc\/wp-json\/wp\/v2\/media?parent=61426"}],"wp:term":[{"taxonomy":"product_brand","embeddable":true,"href":"https:\/\/www.libraria-occitana.org\/oc\/wp-json\/wp\/v2\/product_brand?post=61426"},{"taxonomy":"product_cat","embeddable":true,"href":"https:\/\/www.libraria-occitana.org\/oc\/wp-json\/wp\/v2\/product_cat?post=61426"},{"taxonomy":"product_tag","embeddable":true,"href":"https:\/\/www.libraria-occitana.org\/oc\/wp-json\/wp\/v2\/product_tag?post=61426"}],"curies":[{"name":"wp","href":"https:\/\/api.w.org\/{rel}","templated":true}]}}