{"id":61442,"date":"2025-02-28T17:55:12","date_gmt":"2025-02-28T16:55:12","guid":{"rendered":"http:\/\/www.libraria-occitana.org\/?post_type=product&#038;p=61442"},"modified":"2026-04-16T22:56:06","modified_gmt":"2026-04-16T20:56:06","slug":"lo-matricule-1628-pendent-la-guerra","status":"publish","type":"product","link":"https:\/\/www.libraria-occitana.org\/oc\/produch\/lo-matricule-1628-pendent-la-guerra\/","title":{"rendered":"Lo matricule 1628 pendent la gu\u00e8rra"},"content":{"rendered":"<p>Edoard Moliar, imprimidor e jornalista a Ort\u00e8s, que balha en aqueste obratge un testimoniatge excepcionau sus la gu\u00e8rra de 1914-1918, dab ua gran libertat de jutjament suus eveniments e ua for\u00e7a emocionau qui estrementeish. Que sap evocar l'esgl\u00e0s, la dolor, los Odis, autant corn l'amistat, la fraternitat e l'amor de la tasca e deus sons, en ua lenga de tria. Qu'ei shens cont\u00e8sta l'ua de las \u00f2bras m\u00e0gers de la literatura occitana de Gasconha deu comen\u00e7ament deu s\u00e8gle XXau.<\/p>\n","protected":false},"excerpt":{"rendered":"<p>Edoard Moliar, imprimidor e jornalista a Ort\u00e8s, que balha en aqueste obratge un testimoniatge excepcionau sus la gu\u00e8rra de 1914-1918, dab ua gran libertat de jutjament suus eveniments e ua for\u00e7a emocionau qui estrementeish. Que sap evocar l&#8217;esgl\u00e0s, la dolor, los Odis, autant corn l&#8217;amistat, la fraternitat e l&#8217;amor de la tasca e deus sons, [&hellip;]<\/p>\n","protected":false},"featured_media":61445,"template":"","meta":{"_acf_changed":false,"_genesis_hide_title":false,"_genesis_hide_breadcrumbs":false,"_genesis_hide_singular_image":false,"_genesis_hide_footer_widgets":false,"_genesis_custom_body_class":"","_genesis_custom_post_class":"","_genesis_layout":""},"product_brand":[],"product_cat":[7133,7175,7183],"product_tag":[],"class_list":{"0":"post-61442","1":"product","2":"type-product","3":"status-publish","4":"has-post-thumbnail","6":"product_cat-libres-oc","7":"product_cat-literatura-oc","8":"product_cat-romans-novelas-oc","9":"pa_auteur-moliar-edoard-oc","10":"pa_editeur-per-noste-oc","11":"pa_langue-occitan-oc","12":"pa_langue-occitan-gascon-oc","13":"entry","15":"first","16":"instock","17":"shipping-taxable","18":"purchasable","19":"product-type-simple"},"acf":[],"_links":{"self":[{"href":"https:\/\/www.libraria-occitana.org\/oc\/wp-json\/wp\/v2\/product\/61442","targetHints":{"allow":["GET"]}}],"collection":[{"href":"https:\/\/www.libraria-occitana.org\/oc\/wp-json\/wp\/v2\/product"}],"about":[{"href":"https:\/\/www.libraria-occitana.org\/oc\/wp-json\/wp\/v2\/types\/product"}],"wp:featuredmedia":[{"embeddable":true,"href":"https:\/\/www.libraria-occitana.org\/oc\/wp-json\/wp\/v2\/media\/61445"}],"wp:attachment":[{"href":"https:\/\/www.libraria-occitana.org\/oc\/wp-json\/wp\/v2\/media?parent=61442"}],"wp:term":[{"taxonomy":"product_brand","embeddable":true,"href":"https:\/\/www.libraria-occitana.org\/oc\/wp-json\/wp\/v2\/product_brand?post=61442"},{"taxonomy":"product_cat","embeddable":true,"href":"https:\/\/www.libraria-occitana.org\/oc\/wp-json\/wp\/v2\/product_cat?post=61442"},{"taxonomy":"product_tag","embeddable":true,"href":"https:\/\/www.libraria-occitana.org\/oc\/wp-json\/wp\/v2\/product_tag?post=61442"}],"curies":[{"name":"wp","href":"https:\/\/api.w.org\/{rel}","templated":true}]}}