{"id":61461,"date":"2025-02-28T19:13:43","date_gmt":"2025-02-28T18:13:43","guid":{"rendered":"http:\/\/www.libraria-occitana.org\/?post_type=product&#038;p=61461"},"modified":"2026-04-18T06:01:36","modified_gmt":"2026-04-18T04:01:36","slug":"lo-lop-antologia","status":"publish","type":"product","link":"https:\/\/www.libraria-occitana.org\/oc\/produch\/lo-lop-antologia\/","title":{"rendered":"Lo Lop : Antologia"},"content":{"rendered":"<p>Un recuelh a l'entorn deu lop, de la soa presencia dens la cultura e la literatura occitanas de l'Edat mejan dinc a uei.<\/p>\n<p>L'objectiu d'aquesta edicion qu'ei de presentar ua causida de sup\u00f2rts que's poscan emplegar en classa per tractar aqueth subj\u00e8cte de civilizacion.<\/p>\n<p>Tribalh organizat peus IPR d'occitan de las academias de Bord\u00e8u, Tolosa e Montpelhi\u00e8r e Patric Guilhemjoan.<\/p>\n<p>Acompanhat de sup\u00f2rts audios e videos e de pistas pedagogicas\u00a0disponibles sus <a href=\"https:\/\/www.capoc.fr\/\">www.capoc.fr<\/a>.<\/p>\n<p>Public amirat : cicle 3, cicle 4, lic\u00e8u<\/p>\n","protected":false},"excerpt":{"rendered":"<p>Un recuelh a l&#8217;entorn deu lop, de la soa presencia dens la cultura e la literatura occitanas de l&#8217;Edat mejan dinc a uei. L&#8217;objectiu d&#8217;aquesta edicion qu&#8217;ei de presentar ua causida de sup\u00f2rts que&#8217;s poscan emplegar en classa per tractar aqueth subj\u00e8cte de civilizacion. Tribalh organizat peus IPR d&#8217;occitan de las academias de Bord\u00e8u, Tolosa [&hellip;]<\/p>\n","protected":false},"featured_media":61464,"template":"","meta":{"_acf_changed":false,"_genesis_hide_title":false,"_genesis_hide_breadcrumbs":false,"_genesis_hide_singular_image":false,"_genesis_hide_footer_widgets":false,"_genesis_custom_body_class":"","_genesis_custom_post_class":"","_genesis_layout":""},"product_brand":[],"product_cat":[7167,7137,7145,7165,7133],"product_tag":[],"class_list":{"0":"post-61461","1":"product","2":"type-product","3":"status-publish","4":"has-post-thumbnail","6":"product_cat-ados-oc","7":"product_cat-diccionaris-lenga-escolar-oc","8":"product_cat-escolar-pedagogia-oc","9":"product_cat-jounessa-bd-umor","10":"product_cat-libres-oc","11":"pa_auteur-collectiu-oc-2","12":"pa_auteur-guilhemjoan-patric-oc","13":"pa_editeur-canope-editions-oc","14":"pa_langue-occitan-oc","15":"pa_langue-occitan-gascon-oc","16":"pa_langue-occitan-lemosin-oc","17":"pa_langue-occitan-lengadocian-oc","18":"pa_langue-occitan-provencau-oc","19":"pa_langue-occitan-vivaroaupenc-oc","20":"entry","22":"first","23":"instock","24":"shipping-taxable","25":"purchasable","26":"product-type-simple"},"acf":[],"_links":{"self":[{"href":"https:\/\/www.libraria-occitana.org\/oc\/wp-json\/wp\/v2\/product\/61461","targetHints":{"allow":["GET"]}}],"collection":[{"href":"https:\/\/www.libraria-occitana.org\/oc\/wp-json\/wp\/v2\/product"}],"about":[{"href":"https:\/\/www.libraria-occitana.org\/oc\/wp-json\/wp\/v2\/types\/product"}],"wp:featuredmedia":[{"embeddable":true,"href":"https:\/\/www.libraria-occitana.org\/oc\/wp-json\/wp\/v2\/media\/61464"}],"wp:attachment":[{"href":"https:\/\/www.libraria-occitana.org\/oc\/wp-json\/wp\/v2\/media?parent=61461"}],"wp:term":[{"taxonomy":"product_brand","embeddable":true,"href":"https:\/\/www.libraria-occitana.org\/oc\/wp-json\/wp\/v2\/product_brand?post=61461"},{"taxonomy":"product_cat","embeddable":true,"href":"https:\/\/www.libraria-occitana.org\/oc\/wp-json\/wp\/v2\/product_cat?post=61461"},{"taxonomy":"product_tag","embeddable":true,"href":"https:\/\/www.libraria-occitana.org\/oc\/wp-json\/wp\/v2\/product_tag?post=61461"}],"curies":[{"name":"wp","href":"https:\/\/api.w.org\/{rel}","templated":true}]}}