{"id":61529,"date":"2023-10-17T15:50:40","date_gmt":"2023-10-17T13:50:40","guid":{"rendered":"http:\/\/www.libraria-occitana.org\/product\/paysages-nourriciers-un-dialogue-entre-cultures-et-savoirs\/"},"modified":"2026-04-15T20:26:35","modified_gmt":"2026-04-15T18:26:35","slug":"paysages-nourriciers-un-dialogue-entre-cultures-et-savoirs","status":"publish","type":"product","link":"https:\/\/www.libraria-occitana.org\/oc\/produch\/paysages-nourriciers-un-dialogue-entre-cultures-et-savoirs\/","title":{"rendered":"Paysages nourriciers : Un dialogue entre cultures et savoirs"},"content":{"rendered":"<p>Nous sommes de plus en plus nombreuses et nombreux \u00e0 r\u00e9clamer le droit de nous r\u00e9concilier avec la terre\/Terre et avec la part vivante qui r\u00e9side en chacun.e de nous. Les semences paysannes qui se cultivent au sein de nombreuses initiatives contemporaines racontent ce d\u00e9sir commun. Elles germent en paysages o\u00f9 se tisse un lien sensible aux gens, aux plantes, aux b\u00eates et \u00e0 tout le cort\u00e8ge du vivant. Ces pratiques s\u00e9culaires dessinent l&#8217;avenir ; elles ont su \u00e9voluer l\u00e0 o\u00f9 l&#8217;agriculture conventionnelle industrielle n&#8217;a pu s&#8217;adapter. Elles ouvrent des voies vers un renouvellement des savoirs, des gestes d&#8217;humanit\u00e9, des r\u00e9cits qui font les paysages, berceau de notre nourriture.<\/p>\n<p>Dans un dialogue o\u00f9 les voix paysannes se m\u00ealent aux sciences et aux arts, Nicole Pignier explore les forces duales et compl\u00e9mentaires qui nous relient aux lieux, \u00e0 la Terre. Les rythmes, la vie et la mort, la nature et la culture, autant de voies fondatrices des paysages nourriciers pour nous sortir de l&#8217;anesth\u00e9sie ambiante qui nie les complexit\u00e9s vivantes.<\/p>\n<p>Un ouvrage co-r\u00e9alis\u00e9 par Nelly Razakariasa, consultante en communication scientifique, avec les illustrations de Claude Pasquer et Vladimir Slonska-Malvaud, paysagiste et journaliste membres de la formation \u00c9cole du Jardin Plan\u00e9taire de l&#8217;Universit\u00e9 de Limoges et du CFPPA des Vaseix.<\/p>\n","protected":false},"excerpt":{"rendered":"<p>Nous sommes de plus en plus nombreuses et nombreux \u00e0 r\u00e9clamer le droit de nous r\u00e9concilier avec la terre\/Terre et avec la part vivante qui r\u00e9side en chacun.e de nous. Les semences paysannes qui se cultivent au sein de nombreuses initiatives contemporaines racontent ce d\u00e9sir commun. Elles germent en paysages o\u00f9 se tisse un lien [&hellip;]<\/p>\n","protected":false},"featured_media":61527,"template":"","meta":{"_acf_changed":false,"_genesis_hide_title":false,"_genesis_hide_breadcrumbs":false,"_genesis_hide_singular_image":false,"_genesis_hide_footer_widgets":false,"_genesis_custom_body_class":"","_genesis_custom_post_class":"","_genesis_layout":""},"product_brand":[],"product_cat":[7133,7197,7201],"product_tag":[],"class_list":{"0":"post-61529","1":"product","2":"type-product","3":"status-publish","4":"has-post-thumbnail","6":"product_cat-libres-oc","7":"product_cat-natura-torisme-oc","8":"product_cat-natura-vargier-oc","9":"pa_auteur-pignier-nicole-oc","10":"pa_editeur-sobook-oc","11":"pa_illustrateur-collectiu-illustrateur-oc","12":"pa_langue-francais-oc","13":"entry","15":"first","16":"instock","17":"shipping-taxable","18":"purchasable","19":"product-type-simple"},"acf":[],"_links":{"self":[{"href":"https:\/\/www.libraria-occitana.org\/oc\/wp-json\/wp\/v2\/product\/61529","targetHints":{"allow":["GET"]}}],"collection":[{"href":"https:\/\/www.libraria-occitana.org\/oc\/wp-json\/wp\/v2\/product"}],"about":[{"href":"https:\/\/www.libraria-occitana.org\/oc\/wp-json\/wp\/v2\/types\/product"}],"wp:featuredmedia":[{"embeddable":true,"href":"https:\/\/www.libraria-occitana.org\/oc\/wp-json\/wp\/v2\/media\/61527"}],"wp:attachment":[{"href":"https:\/\/www.libraria-occitana.org\/oc\/wp-json\/wp\/v2\/media?parent=61529"}],"wp:term":[{"taxonomy":"product_brand","embeddable":true,"href":"https:\/\/www.libraria-occitana.org\/oc\/wp-json\/wp\/v2\/product_brand?post=61529"},{"taxonomy":"product_cat","embeddable":true,"href":"https:\/\/www.libraria-occitana.org\/oc\/wp-json\/wp\/v2\/product_cat?post=61529"},{"taxonomy":"product_tag","embeddable":true,"href":"https:\/\/www.libraria-occitana.org\/oc\/wp-json\/wp\/v2\/product_tag?post=61529"}],"curies":[{"name":"wp","href":"https:\/\/api.w.org\/{rel}","templated":true}]}}