{"id":61604,"date":"2025-03-27T17:43:57","date_gmt":"2025-03-27T16:43:57","guid":{"rendered":"http:\/\/www.libraria-occitana.org\/?post_type=product&#038;p=61604"},"modified":"2026-04-08T10:46:38","modified_gmt":"2026-04-08T08:46:38","slug":"crocants-los-insurgents-del-roergue-1643","status":"publish","type":"product","link":"https:\/\/www.libraria-occitana.org\/oc\/produch\/crocants-los-insurgents-del-roergue-1643\/","title":{"rendered":"&#8220;Crocants !&#8221; : Los insurgents del Ro\u00e8rgue, 1643"},"content":{"rendered":"<p>Traduccion en occitan (lengadocian) de la BD en franc\u00e9s de Juliette Vaast.<\/p>\n<p>Coss\u00ed Joan Petit, Laforca e Lapalha al cap de 14 000 crocants en armas cug\u00e8ron amodar la Revolucion francesa en 1643 dins las prov\u00edncias meridionalas.<\/p>\n","protected":false},"excerpt":{"rendered":"<p>Traduccion en occitan (lengadocian) de la BD en franc\u00e9s de Juliette Vaast. Coss\u00ed Joan Petit, Laforca e Lapalha al cap de 14 000 crocants en armas cug\u00e8ron amodar la Revolucion francesa en 1643 dins las prov\u00edncias meridionalas.<\/p>\n","protected":false},"featured_media":61607,"template":"","meta":{"_acf_changed":false,"_genesis_hide_title":false,"_genesis_hide_breadcrumbs":false,"_genesis_hide_singular_image":false,"_genesis_hide_footer_widgets":false,"_genesis_custom_body_class":"","_genesis_custom_post_class":"","_genesis_layout":""},"product_brand":[],"product_cat":[7169,7165,7133],"product_tag":[],"class_list":{"0":"post-61604","1":"product","2":"type-product","3":"status-publish","4":"has-post-thumbnail","6":"product_cat-benda-dessenhada-oc","7":"product_cat-jounessa-bd-umor","8":"product_cat-libres-oc","9":"pa_auteur-vaast-juliette-oc","10":"pa_illustrateur-delperie-saurel-herminie-oc","11":"pa_illustrateur-pailhasse-colette-oc","12":"pa_langue-occitan-oc","13":"pa_langue-occitan-lengadocian-oc","14":"entry","16":"first","17":"outofstock","18":"shipping-taxable","19":"purchasable","20":"product-type-simple"},"acf":[],"_links":{"self":[{"href":"https:\/\/www.libraria-occitana.org\/oc\/wp-json\/wp\/v2\/product\/61604","targetHints":{"allow":["GET"]}}],"collection":[{"href":"https:\/\/www.libraria-occitana.org\/oc\/wp-json\/wp\/v2\/product"}],"about":[{"href":"https:\/\/www.libraria-occitana.org\/oc\/wp-json\/wp\/v2\/types\/product"}],"wp:featuredmedia":[{"embeddable":true,"href":"https:\/\/www.libraria-occitana.org\/oc\/wp-json\/wp\/v2\/media\/61607"}],"wp:attachment":[{"href":"https:\/\/www.libraria-occitana.org\/oc\/wp-json\/wp\/v2\/media?parent=61604"}],"wp:term":[{"taxonomy":"product_brand","embeddable":true,"href":"https:\/\/www.libraria-occitana.org\/oc\/wp-json\/wp\/v2\/product_brand?post=61604"},{"taxonomy":"product_cat","embeddable":true,"href":"https:\/\/www.libraria-occitana.org\/oc\/wp-json\/wp\/v2\/product_cat?post=61604"},{"taxonomy":"product_tag","embeddable":true,"href":"https:\/\/www.libraria-occitana.org\/oc\/wp-json\/wp\/v2\/product_tag?post=61604"}],"curies":[{"name":"wp","href":"https:\/\/api.w.org\/{rel}","templated":true}]}}