{"id":61614,"date":"2025-03-28T19:00:12","date_gmt":"2025-03-28T18:00:12","guid":{"rendered":"http:\/\/www.libraria-occitana.org\/?post_type=product&#038;p=61614"},"modified":"2026-04-25T21:42:03","modified_gmt":"2026-04-25T19:42:03","slug":"cet-amour-de-loin-poesie-et-verite-au-moyen-age","status":"publish","type":"product","link":"https:\/\/www.libraria-occitana.org\/oc\/produch\/cet-amour-de-loin-poesie-et-verite-au-moyen-age\/","title":{"rendered":"Cet amour de loin : Po\u00e9sie et v\u00e9rit\u00e9 au Moyen \u00c2ge"},"content":{"rendered":"<p>\u00ab Que Dieu qui fit tout ce qui va et vient \/ Et qui forma cet amour de loin \/ Me donne le pouvoir, car j&#8217;en ai le d\u00e9sir \/ De voir cet amour de loin \u00bb. Ainsi chantait, au XII si\u00e8cle, le troubadour Jaufr\u00e9 Rudel. De ces quatre vers, de milliers d&#8217;autres, de centaines de chansons, pr\u00e9dications, vies de saints, r\u00e9cits de chevalerie et contes populaires qui forment un continent de la litt\u00e9rature m\u00e9di\u00e9vale, Michel Zink a tir\u00e9, par un va-et-vient constant entre les \u0153uvres du Moyen \u00c2ge et notre \u00e9poque, de quoi ressusciter une soci\u00e9t\u00e9, des mentalit\u00e9s, des sentiments, une esth\u00e9tique et une morale qui, si d\u00e9routants soient-ils parfois, et \u00e0 dix si\u00e8cles de distance, nous touchent au plus profond. \u00ab Que ce point de rencontre existe \u2013 \u00e9crit l&#8217;auteur dans un riche avant-propos, que cette beaut\u00e9 puisse se r\u00e9v\u00e9ler \u00e0 nous, qu&#8217;elle puisse nous \u00e9panouir et nous enrichir, c&#8217;est l&#8217;espoir qui anime ce livre \u00bb.<\/p>\n<p>Dans le pr\u00e9sent volume, toutes sortes d&#8217;auteurs et d&#8217;ouvrages de cette haute \u00e9poque expriment la force ambigu\u00eb de l&#8217;amour, les doutes des puissants, l&#8217;esp\u00e9rance des humbles, la douleur de l&#8217;humiliation, l&#8217;honneur chevaleresque \u00e0 tous risques, les joies inattendues des serviteurs de Dieu. Ils adressent par-del\u00e0 l&#8217;\u00e9paisseur du temps ce sourire \u00e9ternel que porte jusqu&#8217;\u00e0 nous l&#8217;ange de Reims.<\/p>\n<p>Une admirable le\u00e7on d&#8217;histoire et d&#8217;art po\u00e9tiques.<\/p>\n","protected":false},"excerpt":{"rendered":"<p>\u00ab Que Dieu qui fit tout ce qui va et vient \/ Et qui forma cet amour de loin \/ Me donne le pouvoir, car j&#8217;en ai le d\u00e9sir \/ De voir cet amour de loin \u00bb. Ainsi chantait, au XII si\u00e8cle, le troubadour Jaufr\u00e9 Rudel. De ces quatre vers, de milliers d&#8217;autres, de centaines [&hellip;]<\/p>\n","protected":false},"featured_media":61617,"template":"","meta":{"_acf_changed":false,"_genesis_hide_title":false,"_genesis_hide_breadcrumbs":false,"_genesis_hide_singular_image":false,"_genesis_hide_footer_widgets":false,"_genesis_custom_body_class":"","_genesis_custom_post_class":"","_genesis_layout":""},"product_brand":[],"product_cat":[7189,7133,7175],"product_tag":[],"class_list":{"0":"post-61614","1":"product","2":"type-product","3":"status-publish","4":"has-post-thumbnail","6":"product_cat-estudis-literaris-oc","7":"product_cat-libres-oc","8":"product_cat-literatura-oc","9":"pa_auteur-zink-michel-oc","10":"pa_editeur-bouquins-editions-oc","11":"pa_langue-francais-oc","12":"entry","14":"first","15":"instock","16":"shipping-taxable","17":"purchasable","18":"product-type-simple"},"acf":[],"_links":{"self":[{"href":"https:\/\/www.libraria-occitana.org\/oc\/wp-json\/wp\/v2\/product\/61614","targetHints":{"allow":["GET"]}}],"collection":[{"href":"https:\/\/www.libraria-occitana.org\/oc\/wp-json\/wp\/v2\/product"}],"about":[{"href":"https:\/\/www.libraria-occitana.org\/oc\/wp-json\/wp\/v2\/types\/product"}],"wp:featuredmedia":[{"embeddable":true,"href":"https:\/\/www.libraria-occitana.org\/oc\/wp-json\/wp\/v2\/media\/61617"}],"wp:attachment":[{"href":"https:\/\/www.libraria-occitana.org\/oc\/wp-json\/wp\/v2\/media?parent=61614"}],"wp:term":[{"taxonomy":"product_brand","embeddable":true,"href":"https:\/\/www.libraria-occitana.org\/oc\/wp-json\/wp\/v2\/product_brand?post=61614"},{"taxonomy":"product_cat","embeddable":true,"href":"https:\/\/www.libraria-occitana.org\/oc\/wp-json\/wp\/v2\/product_cat?post=61614"},{"taxonomy":"product_tag","embeddable":true,"href":"https:\/\/www.libraria-occitana.org\/oc\/wp-json\/wp\/v2\/product_tag?post=61614"}],"curies":[{"name":"wp","href":"https:\/\/api.w.org\/{rel}","templated":true}]}}