{"id":61667,"date":"2025-04-08T20:12:18","date_gmt":"2025-04-08T18:12:18","guid":{"rendered":"http:\/\/www.libraria-occitana.org\/?post_type=product&#038;p=61667"},"modified":"2026-04-29T01:31:56","modified_gmt":"2026-04-28T23:31:56","slug":"flors-salvatjas-de-perigord-tome-1-amigas-mespresadas-fleurs-sauvages-du-perigord-tome-1-amies-meprisees","status":"publish","type":"product","link":"https:\/\/www.libraria-occitana.org\/oc\/produch\/flors-salvatjas-de-perigord-tome-1-amigas-mespresadas-fleurs-sauvages-du-perigord-tome-1-amies-meprisees\/","title":{"rendered":"Flors salvatjas de Perig\u00f2rd T\u00f2me 1 : Amigas mespresadas &#8211; Fleurs sauvages du P\u00e9rigord Tome 1 : Amies m\u00e9pris\u00e9es"},"content":{"rendered":"<p>Tr\u00f2p sovent quora tiram camin, en c\u00f3rrer o marchar viste, preocupats per la mesura del temps e lo comptatge de las cambadas, passam ras\u00eds elas sens quitament ne\u2019n far cas. Pasmens, son aqu\u00ed, estonantas e misteriosas ! Companhas silenciosas, amb lors flors, constitu\u00efsson un dec\u00f2r incomparable. Aquela seria d\u2019obratges vos convida a las descobrir...<\/p>\n<p>U\u00e8i, la n\u00f2stra vida ciutadina nos alunha de la natura. Sens aquelas salvatjonas, qu\u00e9 seri\u00e1 n\u00f2stra exist\u00e9ncia ? Ara, anem a lor encontre.<\/p>\n<p>Lo t\u00f2me 1 presenta las 8 familhas seguentas : Adoxac\u00e8as, Aloragac\u00e8as, Amarantac\u00e8as, Apiac\u00e8as, Apocinac\u00e8as, Araliac\u00e8as, Aristoloquiac\u00e8as e Asclepiadac\u00e8as.<\/p>\n","protected":false},"excerpt":{"rendered":"<p>Tr\u00f2p sovent quora tiram camin, en c\u00f3rrer o marchar viste, preocupats per la mesura del temps e lo comptatge de las cambadas, passam ras\u00eds elas sens quitament ne\u2019n far cas. Pasmens, son aqu\u00ed, estonantas e misteriosas ! Companhas silenciosas, amb lors flors, constitu\u00efsson un dec\u00f2r incomparable. Aquela seria d\u2019obratges vos convida a las descobrir&#8230; U\u00e8i, [&hellip;]<\/p>\n","protected":false},"featured_media":61676,"template":"","meta":{"_acf_changed":false,"_genesis_hide_title":false,"_genesis_hide_breadcrumbs":false,"_genesis_hide_singular_image":false,"_genesis_hide_footer_widgets":false,"_genesis_custom_body_class":"","_genesis_custom_post_class":"","_genesis_layout":""},"product_brand":[],"product_cat":[7133,7197,7201],"product_tag":[],"class_list":{"0":"post-61667","1":"product","2":"type-product","3":"status-publish","4":"has-post-thumbnail","6":"product_cat-libres-oc","7":"product_cat-natura-torisme-oc","8":"product_cat-natura-vargier-oc","9":"pa_auteur-orazio-joan-lois-oc","10":"pa_editeur-ieo-perigord-novelum-oc","11":"pa_langue-occitan-lengadocian-oc","12":"pa_langue-occitan-francais-oc","13":"entry","15":"first","16":"instock","17":"shipping-taxable","18":"purchasable","19":"product-type-simple"},"acf":[],"_links":{"self":[{"href":"https:\/\/www.libraria-occitana.org\/oc\/wp-json\/wp\/v2\/product\/61667","targetHints":{"allow":["GET"]}}],"collection":[{"href":"https:\/\/www.libraria-occitana.org\/oc\/wp-json\/wp\/v2\/product"}],"about":[{"href":"https:\/\/www.libraria-occitana.org\/oc\/wp-json\/wp\/v2\/types\/product"}],"wp:featuredmedia":[{"embeddable":true,"href":"https:\/\/www.libraria-occitana.org\/oc\/wp-json\/wp\/v2\/media\/61676"}],"wp:attachment":[{"href":"https:\/\/www.libraria-occitana.org\/oc\/wp-json\/wp\/v2\/media?parent=61667"}],"wp:term":[{"taxonomy":"product_brand","embeddable":true,"href":"https:\/\/www.libraria-occitana.org\/oc\/wp-json\/wp\/v2\/product_brand?post=61667"},{"taxonomy":"product_cat","embeddable":true,"href":"https:\/\/www.libraria-occitana.org\/oc\/wp-json\/wp\/v2\/product_cat?post=61667"},{"taxonomy":"product_tag","embeddable":true,"href":"https:\/\/www.libraria-occitana.org\/oc\/wp-json\/wp\/v2\/product_tag?post=61667"}],"curies":[{"name":"wp","href":"https:\/\/api.w.org\/{rel}","templated":true}]}}