{"id":61683,"date":"2025-04-10T21:26:51","date_gmt":"2025-04-10T19:26:51","guid":{"rendered":"http:\/\/www.libraria-occitana.org\/?post_type=product&#038;p=61683"},"modified":"2026-04-26T20:21:45","modified_gmt":"2026-04-26T18:21:45","slug":"thouxazun-e-convits","status":"publish","type":"product","link":"https:\/\/www.libraria-occitana.org\/oc\/produch\/thouxazun-e-convits\/","title":{"rendered":"Thouxazun e convits"},"content":{"rendered":"<p>Enfin un vrai album !<\/p>\n<p>Apr\u00e8s leur 6 titres \u00ab Canard-Isard \u00bb paru en 2018 lors du lancement de leur duo Thouxazun, le chanteur Guillaume Lopez et l\u2019accord\u00e9oniste Cl\u00e9ment Rousse sortent leur nouvel opus \u00ab Thouxazun e Convits \u00bb (comprenez Thouxazun et invit\u00e9.e.s).<\/p>\n<p>16 titres \u00e0 danser, enregistr\u00e9s en r\u00e9gion toulousaine par Alfonso Bravo qui sonorise Guillaume depuis presque 10 ans sur l\u2019ensemble de ses projets.<br \/>\nLe r\u00e9pertoire est essentiellement constitu\u00e9 de compositions gasconnes et vagabondes des deux compagnons de route et reprend quelques airs \u00e0 danser du r\u00e9pertoire traditionnel des Pays d\u2019Oc.<\/p>\n<p>Comme le titre l\u2019indique, \u00ab Thouxazun e convits \u00bb est un partage musical avec 11 invit\u00e9.e.s, issu.e.s des musiques trad mais pas que ! Musiciens pionniers et nouvelle g\u00e9n\u00e9ration des musiques traditionnelles ou fid\u00e8les compagnons de Guillaume issus du jazz, du classique, ou des musiques du Maghreb : Abdel Bouzbiba, Alain Cadeillan, Anne-Lise Foy, Camille Stimbre, Emilie Manescau, Jocelyn Papon, No\u00e9 Bazoge, Pierre Corbefin, S\u00e9bastien Gisbert, Simon Portefaix, Thierry Roques.<\/p>\n<p><iframe loading=\"lazy\" title=\"YouTube video player\" src=\"https:\/\/www.youtube.com\/embed\/mKjHSfTJx_8?si=x9y_oaCPoWyWhneQ\" width=\"560\" height=\"315\" frameborder=\"0\" allowfullscreen=\"allowfullscreen\"><\/iframe><\/p>\n<p><strong>Titres :<\/strong><br \/>\n1. Cercle de Thoux (Cercle circassien)<br \/>\n2. Avans \/ Sul camin de l&#8217;exil (Mazurkas)<br \/>\n3. Perqu\u00e9 pas \/ Bolega te (Scottish)<br \/>\n4. Castels en l&#8217;Aire (Branle en cha\u00eene)<br \/>\n5. Qu&#8217;ei venguda l&#8217;ora (Congo)<br \/>\n6. Un jour dans la chaleur d&#8217;\u00e9t\u00e9 (Valse)<br \/>\n7. Rond\u00e8us de Samatan<br \/>\n8. Rifisax \/ Polklaklem (Polkas)<br \/>\n9. Lo Bon vin (Bourr\u00e9e plani\u00e8re)<br \/>\n10. Ne ven\u00e8tz pas \/ De bon matin (Ronde du Quercy)<br \/>\n11. Ce matin-l\u00e0 (Mazurka)<br \/>\n12. Dins mon quartier (Rondeau en cha\u00eene)<br \/>\n13. Le Prince de Monferran \/ Bio Man (Bourr\u00e9e en ligne)<br \/>\n14. Canard-Isard (Rondeau en cha\u00eene)<br \/>\n15. Minato (Scottish)<br \/>\n16. Valsa dels convits (Valse)<\/p>\n","protected":false},"excerpt":{"rendered":"<p>Enfin un vrai album ! Apr\u00e8s leur 6 titres \u00ab Canard-Isard \u00bb paru en 2018 lors du lancement de leur duo Thouxazun, le chanteur Guillaume Lopez et l\u2019accord\u00e9oniste Cl\u00e9ment Rousse sortent leur nouvel opus \u00ab Thouxazun e Convits \u00bb (comprenez Thouxazun et invit\u00e9.e.s). 16 titres \u00e0 danser, enregistr\u00e9s en r\u00e9gion toulousaine par Alfonso Bravo qui [&hellip;]<\/p>\n","protected":false},"featured_media":61686,"template":"","meta":{"_acf_changed":false,"_genesis_hide_title":false,"_genesis_hide_breadcrumbs":false,"_genesis_hide_singular_image":false,"_genesis_hide_footer_widgets":false,"_genesis_custom_body_class":"","_genesis_custom_post_class":"","_genesis_layout":""},"product_brand":[],"product_cat":[16683,7229],"product_tag":[],"class_list":{"0":"post-61683","1":"product","2":"type-product","3":"status-publish","4":"has-post-thumbnail","6":"product_cat-musica-oc","7":"product_cat-novela-tradicion-oc","8":"pa_auteur-lopez-guillaume-oc","9":"pa_auteur-rousse-clement-oc","10":"pa_editeur-c-a-m-o-m-oc","11":"pa_langue-francais-oc","12":"pa_langue-occitan-lengadocian-oc","13":"pa_langue-occitan-francais-oc","14":"entry","16":"first","17":"instock","18":"featured","19":"shipping-taxable","20":"purchasable","21":"product-type-simple"},"acf":[],"_links":{"self":[{"href":"https:\/\/www.libraria-occitana.org\/oc\/wp-json\/wp\/v2\/product\/61683","targetHints":{"allow":["GET"]}}],"collection":[{"href":"https:\/\/www.libraria-occitana.org\/oc\/wp-json\/wp\/v2\/product"}],"about":[{"href":"https:\/\/www.libraria-occitana.org\/oc\/wp-json\/wp\/v2\/types\/product"}],"wp:featuredmedia":[{"embeddable":true,"href":"https:\/\/www.libraria-occitana.org\/oc\/wp-json\/wp\/v2\/media\/61686"}],"wp:attachment":[{"href":"https:\/\/www.libraria-occitana.org\/oc\/wp-json\/wp\/v2\/media?parent=61683"}],"wp:term":[{"taxonomy":"product_brand","embeddable":true,"href":"https:\/\/www.libraria-occitana.org\/oc\/wp-json\/wp\/v2\/product_brand?post=61683"},{"taxonomy":"product_cat","embeddable":true,"href":"https:\/\/www.libraria-occitana.org\/oc\/wp-json\/wp\/v2\/product_cat?post=61683"},{"taxonomy":"product_tag","embeddable":true,"href":"https:\/\/www.libraria-occitana.org\/oc\/wp-json\/wp\/v2\/product_tag?post=61683"}],"curies":[{"name":"wp","href":"https:\/\/api.w.org\/{rel}","templated":true}]}}