{"id":61746,"date":"2022-12-23T18:50:22","date_gmt":"2022-12-23T17:50:22","guid":{"rendered":"http:\/\/www.libraria-occitana.org\/?post_type=product&#038;p=61746"},"modified":"2026-04-18T05:31:13","modified_gmt":"2026-04-18T03:31:13","slug":"roge-caparrut","status":"publish","type":"product","link":"https:\/\/www.libraria-occitana.org\/oc\/produch\/roge-caparrut\/","title":{"rendered":"Roge caparrut"},"content":{"rendered":"<p><strong>Myriam Boisserie, Laetitia Dutech, Marie Coumes, Karine Berny :<\/strong> Chant &amp; percussions<br \/>\n<strong>Laurent Cavali\u00e9 :<\/strong> \u00c9criture, composition, arrangements (sauf \u00ab Fargaires de lamas \u00bb tir\u00e9 d\u2019un po\u00e8me d\u2019Auguste Four\u00e8s)<\/p>\n<p>La Mal Coiff\u00e9e reprend la parole contre toutes les dominations : les coloniales, les nationales, les \u00e9conomiques, les m\u00e9diatiques\u2026<br \/>\nAvec sa polyphonie et ses percussions, elle nous raconte nous, gens d\u2019ici, ou plut\u00f4t gens vivants ici, en Languedoc avec nos h\u00e9ritages, nos histoires particuli\u00e8res.<br \/>\nLa langue occitane toujours debout, toujours chantante, toujours pr\u00eate \u00e0 clamer ses solidarit\u00e9s, et \u00e0 se nourrir de toutes les \u00e9mancipations et r\u00e9sistances populaires de par le monde.<\/p>\n<p>2nd opus de <strong>Roge<\/strong> qui comprend : <a href=\"http:\/\/www.libraria-occitana.org\/produit\/roge\/\">Roge<\/a>, Roge Caparrut &amp; <a href=\"http:\/\/www.libraria-occitana.org\/produit\/rojas\/\">Rojas<\/a><\/p>\n<p><iframe loading=\"lazy\" title=\"YouTube video player\" src=\"https:\/\/www.youtube.com\/embed\/1AZAFQ-Aj-0\" width=\"560\" height=\"315\" frameborder=\"0\" allowfullscreen=\"allowfullscreen\"><\/iframe><\/p>\n<p><strong>Titres :<\/strong><br \/>\n1. An culhit lo silenci 4&#8217;56<br \/>\n2. La vi\u00e8lha paur 4&#8217;04<br \/>\n3. La femna lenta 4&#8217;44<br \/>\n4. Patarem 3&#8217;17<br \/>\n5. Lenh\u00e8rs 7&#8217;18<br \/>\n6. Petit pa\u00eds 3&#8217;55<br \/>\n7. Delici\u00f3s 3&#8217;42<br \/>\n8. Fargaires de lamas 3&#8217;52<br \/>\n9. S\u00e8gle per s\u00e8gle 2&#8217;08<br \/>\n10. Rond\u00e8u encadenat 2&#8217;47<\/p>\n","protected":false},"excerpt":{"rendered":"<p>Myriam Boisserie, Laetitia Dutech, Marie Coumes, Karine Berny : Chant &amp; percussions Laurent Cavali\u00e9 : \u00c9criture, composition, arrangements (sauf \u00ab Fargaires de lamas \u00bb tir\u00e9 d\u2019un po\u00e8me d\u2019Auguste Four\u00e8s) La Mal Coiff\u00e9e reprend la parole contre toutes les dominations : les coloniales, les nationales, les \u00e9conomiques, les m\u00e9diatiques\u2026 Avec sa polyphonie et ses percussions, elle [&hellip;]<\/p>\n","protected":false},"featured_media":61749,"template":"","meta":{"_acf_changed":false,"_genesis_hide_title":false,"_genesis_hide_breadcrumbs":false,"_genesis_hide_singular_image":false,"_genesis_hide_footer_widgets":false,"_genesis_custom_body_class":"","_genesis_custom_post_class":"","_genesis_layout":""},"product_brand":[],"product_cat":[16683,7231],"product_tag":[],"class_list":{"0":"post-61746","1":"product","2":"type-product","3":"status-publish","4":"has-post-thumbnail","6":"product_cat-musica-oc","7":"product_cat-polifonias-oc","8":"pa_auteur-la-mal-coiffee-oc","9":"pa_editeur-sirventes-oc","10":"pa_langue-occitan-oc","11":"pa_langue-occitan-lengadocian-oc","12":"entry","14":"first","15":"instock","16":"shipping-taxable","17":"purchasable","18":"product-type-simple"},"acf":[],"_links":{"self":[{"href":"https:\/\/www.libraria-occitana.org\/oc\/wp-json\/wp\/v2\/product\/61746","targetHints":{"allow":["GET"]}}],"collection":[{"href":"https:\/\/www.libraria-occitana.org\/oc\/wp-json\/wp\/v2\/product"}],"about":[{"href":"https:\/\/www.libraria-occitana.org\/oc\/wp-json\/wp\/v2\/types\/product"}],"wp:featuredmedia":[{"embeddable":true,"href":"https:\/\/www.libraria-occitana.org\/oc\/wp-json\/wp\/v2\/media\/61749"}],"wp:attachment":[{"href":"https:\/\/www.libraria-occitana.org\/oc\/wp-json\/wp\/v2\/media?parent=61746"}],"wp:term":[{"taxonomy":"product_brand","embeddable":true,"href":"https:\/\/www.libraria-occitana.org\/oc\/wp-json\/wp\/v2\/product_brand?post=61746"},{"taxonomy":"product_cat","embeddable":true,"href":"https:\/\/www.libraria-occitana.org\/oc\/wp-json\/wp\/v2\/product_cat?post=61746"},{"taxonomy":"product_tag","embeddable":true,"href":"https:\/\/www.libraria-occitana.org\/oc\/wp-json\/wp\/v2\/product_tag?post=61746"}],"curies":[{"name":"wp","href":"https:\/\/api.w.org\/{rel}","templated":true}]}}