{"id":61877,"date":"2025-05-30T09:48:31","date_gmt":"2025-05-30T07:48:31","guid":{"rendered":"https:\/\/www.libraria-occitana.org\/?post_type=product&#038;p=61877"},"modified":"2026-04-29T01:31:59","modified_gmt":"2026-04-28T23:31:59","slug":"los-sendareus-de-lauba-tres-enquestas-dester-lapoja","status":"publish","type":"product","link":"https:\/\/www.libraria-occitana.org\/oc\/produch\/los-sendareus-de-lauba-tres-enquestas-dester-lapoja\/","title":{"rendered":"Los Sendareus de l&#8217;auba : Tres enquestas d&#8217;Ester Lapoja"},"content":{"rendered":"<p>\u00ab Tot qu\u00f2-qu\u00ed es verai, puei que sei un personatge de ficcion \u00bb (Ester Lapoja)<\/p>\n<p>Nascuda de l\u2019imaginacion de son autor, Ester Lapoja es una goiata d\u2019au jorn d\u2019a\u00fcei, plan esbarbida, eleva au liceu Bertran de B\u00f2rn de Perig\u00fcers. Benaisa dins sa vita, energica, telefonet en mans, Ester nos fai viure coma sos amics e sas amijas tres enquestas de reng : \u00ab Un tant do\u00e7 vonvon \u00bb, \u00ab Los Sendareus de l\u2019auba \u00bb e \u00ab Ventar dau vent que bufa \u00bb. Dins son monde, plan realista e pr\u00f2che de qu\u00f2 n\u00f2stre, la goiata es plan afarada emb la m\u00e0fia georgiana, daus nazilhons, los autonomistas perig\u00f2rds, las sectas, daus fascistas regatiers de dr\u00f2ga... La j\u00f2una enquestritz, que se\u2019n laissa pas contar, fai virar chabra lo fam\u00f3s comissari Alexandre Darnaudguilhem, plan conegut dins la capitala de Nauta Dordonha en Occit\u00e0nia.<\/p>\n<p>Enfant de Perig\u00f2rd, Martial Peyrouny signa aqu\u00ed son prumier libre, emb quauquas clinhadas a l\u2019\u00f2bra policiera de Joan Ganhaire. Son ero\u00efna li fuguet inspirada per son experi\u00e9ncia de professor d\u2019occitan a la Ciutat escolara Bertran de B\u00f2rn a Perig\u00fcers. Fuguet pendent longtemps co-animator coma Joan Pau Verdier de l\u2019emission occitana setmaniera \u201cMeitat chen, meitat p\u00f2rc\u201d sus Fran\u00e7a Blu Perig\u00f2rd (a\u00fcei, Ici P\u00e9rigord).<\/p>\n","protected":false},"excerpt":{"rendered":"<p>\u00ab Tot qu\u00f2-qu\u00ed es verai, puei que sei un personatge de ficcion \u00bb (Ester Lapoja) Nascuda de l\u2019imaginacion de son autor, Ester Lapoja es una goiata d\u2019au jorn d\u2019a\u00fcei, plan esbarbida, eleva au liceu Bertran de B\u00f2rn de Perig\u00fcers. Benaisa dins sa vita, energica, telefonet en mans, Ester nos fai viure coma sos amics e [&hellip;]<\/p>\n","protected":false},"featured_media":61883,"template":"","meta":{"_acf_changed":false,"_genesis_hide_title":false,"_genesis_hide_breadcrumbs":false,"_genesis_hide_singular_image":false,"_genesis_hide_footer_widgets":false,"_genesis_custom_body_class":"","_genesis_custom_post_class":"","_genesis_layout":""},"product_brand":[],"product_cat":[7167,7165,7133,7175,7183],"product_tag":[],"class_list":{"0":"post-61877","1":"product","2":"type-product","3":"status-publish","4":"has-post-thumbnail","6":"product_cat-ados-oc","7":"product_cat-jounessa-bd-umor","8":"product_cat-libres-oc","9":"product_cat-literatura-oc","10":"product_cat-romans-novelas-oc","11":"pa_auteur-peyrouny-martial-fr-oc","12":"pa_editeur-ieo-perigord-novelum-oc","13":"pa_langue-occitan-oc","14":"pa_langue-occitan-lemosin-oc","15":"entry","17":"first","18":"instock","19":"shipping-taxable","20":"purchasable","21":"product-type-simple"},"acf":[],"_links":{"self":[{"href":"https:\/\/www.libraria-occitana.org\/oc\/wp-json\/wp\/v2\/product\/61877","targetHints":{"allow":["GET"]}}],"collection":[{"href":"https:\/\/www.libraria-occitana.org\/oc\/wp-json\/wp\/v2\/product"}],"about":[{"href":"https:\/\/www.libraria-occitana.org\/oc\/wp-json\/wp\/v2\/types\/product"}],"wp:featuredmedia":[{"embeddable":true,"href":"https:\/\/www.libraria-occitana.org\/oc\/wp-json\/wp\/v2\/media\/61883"}],"wp:attachment":[{"href":"https:\/\/www.libraria-occitana.org\/oc\/wp-json\/wp\/v2\/media?parent=61877"}],"wp:term":[{"taxonomy":"product_brand","embeddable":true,"href":"https:\/\/www.libraria-occitana.org\/oc\/wp-json\/wp\/v2\/product_brand?post=61877"},{"taxonomy":"product_cat","embeddable":true,"href":"https:\/\/www.libraria-occitana.org\/oc\/wp-json\/wp\/v2\/product_cat?post=61877"},{"taxonomy":"product_tag","embeddable":true,"href":"https:\/\/www.libraria-occitana.org\/oc\/wp-json\/wp\/v2\/product_tag?post=61877"}],"curies":[{"name":"wp","href":"https:\/\/api.w.org\/{rel}","templated":true}]}}