{"id":61966,"date":"2025-06-17T21:17:51","date_gmt":"2025-06-17T19:17:51","guid":{"rendered":"https:\/\/www.libraria-occitana.org\/product\/matka-zeme-terre-mere\/"},"modified":"2026-04-20T05:06:50","modified_gmt":"2026-04-20T03:06:50","slug":"matka-zeme-terre-mere","status":"publish","type":"product","link":"https:\/\/www.libraria-occitana.org\/oc\/produch\/matka-zeme-terre-mere\/","title":{"rendered":"Matka zem\u011b &#8211; Terre-m\u00e8re"},"content":{"rendered":"<p>Fragments de po\u00e8mes de Marcelle Delpastre illustr\u00e9s par le graveur tch\u00e8que Pavel Macek.<br \/>\nLes citations, en fran\u00e7ais, sont traduites en tch\u00e8que. Beau livre.<\/p>\n<p>Textes tir\u00e9s de : <em>Saumes pagans<\/em>, <em>L&#8217;araign\u00e9e et la rose<\/em>, <em>Le chasseur d&#8217;ombres<\/em>, <em>Les disparates<\/em> et <em>Cinq heures du soir<\/em>.<\/p>\n<blockquote>\n<p><strong>Libert\u00e9<\/strong><\/p>\n<p>Je pourrais bien aller ailleurs. Les routes sont ouvertes, le ciel ou passe l\u2019oie sauvage, et les<br \/>\nmers au-del\u00e0 avec leur dos d\u2019\u00e9cailles.<br \/>\nJe pourrais bien vivre autrement ; tant que la s\u00e8ve de la vie remonte \u00e0 mes paupi\u00e8res et me<br \/>\nbaigne les flancs, tant que mes mains gardent leurs ongles.<br \/>\nMais toi, beau pays d\u2019arbres, d\u2019ombres bleues, tu te r\u00e9pands autour de moi, tu me regardes ;<br \/>\net tellement je te ressemble que tu me sembles mon propre corps.<br \/>\nNe suis-je pas le seul que dans ton coeur tu nommes fils, et que tu reconnaisses ? Je te<br \/>\nregarde et sur mes bras se ferment les lourdes cha\u00eenes de la libert\u00e9.<\/p>\n<\/blockquote>\n","protected":false},"excerpt":{"rendered":"<p>Fragments de po\u00e8mes de Marcelle Delpastre illustr\u00e9s par le graveur tch\u00e8que Pavel Macek. Les citations, en fran\u00e7ais, sont traduites en tch\u00e8que. Beau livre. Textes tir\u00e9s de : Saumes pagans, L&#8217;araign\u00e9e et la rose, Le chasseur d&#8217;ombres, Les disparates et Cinq heures du soir. Libert\u00e9 Je pourrais bien aller ailleurs. Les routes sont ouvertes, le ciel [&hellip;]<\/p>\n","protected":false},"featured_media":61962,"template":"","meta":{"_acf_changed":false,"_genesis_hide_title":false,"_genesis_hide_breadcrumbs":false,"_genesis_hide_singular_image":false,"_genesis_hide_footer_widgets":false,"_genesis_custom_body_class":"","_genesis_custom_post_class":"","_genesis_layout":""},"product_brand":[],"product_cat":[7135,7133,7175,7181],"product_tag":[],"class_list":{"0":"post-61966","1":"product","2":"type-product","3":"status-publish","4":"has-post-thumbnail","6":"product_cat-arts-oc","7":"product_cat-libres-oc","8":"product_cat-literatura-oc","9":"product_cat-poesia-oc","10":"pa_auteur-delpastre-marcela-oc","11":"pa_auteur-macek-pavel-oc","12":"pa_editeur-bylo-nebylo-oc","13":"pa_langue-autras-lingas-oc","14":"pa_langue-francais-oc","15":"entry","17":"first","18":"instock","19":"shipping-taxable","20":"purchasable","21":"product-type-simple"},"acf":[],"_links":{"self":[{"href":"https:\/\/www.libraria-occitana.org\/oc\/wp-json\/wp\/v2\/product\/61966","targetHints":{"allow":["GET"]}}],"collection":[{"href":"https:\/\/www.libraria-occitana.org\/oc\/wp-json\/wp\/v2\/product"}],"about":[{"href":"https:\/\/www.libraria-occitana.org\/oc\/wp-json\/wp\/v2\/types\/product"}],"wp:featuredmedia":[{"embeddable":true,"href":"https:\/\/www.libraria-occitana.org\/oc\/wp-json\/wp\/v2\/media\/61962"}],"wp:attachment":[{"href":"https:\/\/www.libraria-occitana.org\/oc\/wp-json\/wp\/v2\/media?parent=61966"}],"wp:term":[{"taxonomy":"product_brand","embeddable":true,"href":"https:\/\/www.libraria-occitana.org\/oc\/wp-json\/wp\/v2\/product_brand?post=61966"},{"taxonomy":"product_cat","embeddable":true,"href":"https:\/\/www.libraria-occitana.org\/oc\/wp-json\/wp\/v2\/product_cat?post=61966"},{"taxonomy":"product_tag","embeddable":true,"href":"https:\/\/www.libraria-occitana.org\/oc\/wp-json\/wp\/v2\/product_tag?post=61966"}],"curies":[{"name":"wp","href":"https:\/\/api.w.org\/{rel}","templated":true}]}}