{"id":61986,"date":"2025-03-25T12:09:45","date_gmt":"2025-03-25T11:09:45","guid":{"rendered":"https:\/\/www.libraria-occitana.org\/product\/rando-creuse-16-balades-a-pied-a-vtt-en-canoe\/"},"modified":"2026-04-07T14:36:31","modified_gmt":"2026-04-07T12:36:31","slug":"rando-creuse-16-balades-a-pied-a-vtt-en-canoe","status":"publish","type":"product","link":"https:\/\/www.libraria-occitana.org\/oc\/produch\/rando-creuse-16-balades-a-pied-a-vtt-en-canoe\/","title":{"rendered":"Rando Creuse \u2013 16 balades \u00e0 pied, \u00e0 VTT, en cano\u00eb"},"content":{"rendered":"<p>16 circuits \u00e0 faire \u00e0 pied ou \u00e0 v\u00e9lo avec de nombreux renseignements pratiques.<\/p>\n<p>Partons en randonn\u00e9e avec la guide d\u00e9couvrir et parcourir ce coin vert et paisible de France. Adoss\u00e9e \u00e0 l\u2019une des extr\u00e9mit\u00e9s du massif central, la beaut\u00e9 de la Creuse peut notamment se saisir selon l\u2019axe Nord-Sud. Depuis les derniers contreforts de ce massif vers le charme de la moyenne montagne du plateau de Millevaches, c\u2019est au gr\u00e9 de 16 randonn\u00e9es d\u2019int\u00e9r\u00eats que ce pays sauvage et pittoresque se d\u00e9voile.<\/p>\n","protected":false},"excerpt":{"rendered":"<p>16 circuits \u00e0 faire \u00e0 pied ou \u00e0 v\u00e9lo avec de nombreux renseignements pratiques. Partons en randonn\u00e9e avec la guide d\u00e9couvrir et parcourir ce coin vert et paisible de France. Adoss\u00e9e \u00e0 l\u2019une des extr\u00e9mit\u00e9s du massif central, la beaut\u00e9 de la Creuse peut notamment se saisir selon l\u2019axe Nord-Sud. Depuis les derniers contreforts de [&hellip;]<\/p>\n","protected":false},"featured_media":61984,"template":"","meta":{"_acf_changed":false,"_genesis_hide_title":false,"_genesis_hide_breadcrumbs":false,"_genesis_hide_singular_image":false,"_genesis_hide_footer_widgets":false,"_genesis_custom_body_class":"","_genesis_custom_post_class":"","_genesis_layout":""},"product_brand":[],"product_cat":[7199,7133,7197],"product_tag":[],"class_list":{"0":"post-61986","1":"product","2":"type-product","3":"status-publish","4":"has-post-thumbnail","6":"product_cat-guides-torisme-viatge-oc","7":"product_cat-libres-oc","8":"product_cat-natura-torisme-oc","9":"pa_auteur-foujanet-caroline-oc","10":"pa_editeur-geste-oc","11":"pa_langue-francais-oc","12":"entry","14":"first","15":"instock","16":"shipping-taxable","17":"purchasable","18":"product-type-simple"},"acf":[],"_links":{"self":[{"href":"https:\/\/www.libraria-occitana.org\/oc\/wp-json\/wp\/v2\/product\/61986","targetHints":{"allow":["GET"]}}],"collection":[{"href":"https:\/\/www.libraria-occitana.org\/oc\/wp-json\/wp\/v2\/product"}],"about":[{"href":"https:\/\/www.libraria-occitana.org\/oc\/wp-json\/wp\/v2\/types\/product"}],"wp:featuredmedia":[{"embeddable":true,"href":"https:\/\/www.libraria-occitana.org\/oc\/wp-json\/wp\/v2\/media\/61984"}],"wp:attachment":[{"href":"https:\/\/www.libraria-occitana.org\/oc\/wp-json\/wp\/v2\/media?parent=61986"}],"wp:term":[{"taxonomy":"product_brand","embeddable":true,"href":"https:\/\/www.libraria-occitana.org\/oc\/wp-json\/wp\/v2\/product_brand?post=61986"},{"taxonomy":"product_cat","embeddable":true,"href":"https:\/\/www.libraria-occitana.org\/oc\/wp-json\/wp\/v2\/product_cat?post=61986"},{"taxonomy":"product_tag","embeddable":true,"href":"https:\/\/www.libraria-occitana.org\/oc\/wp-json\/wp\/v2\/product_tag?post=61986"}],"curies":[{"name":"wp","href":"https:\/\/api.w.org\/{rel}","templated":true}]}}