{"id":62015,"date":"2024-10-25T14:48:50","date_gmt":"2024-10-25T12:48:50","guid":{"rendered":"https:\/\/www.libraria-occitana.org\/?post_type=product&#038;p=62015"},"modified":"2026-04-29T10:11:06","modified_gmt":"2026-04-29T08:11:06","slug":"esvolichabas-battements-dailes","status":"publish","type":"product","link":"https:\/\/www.libraria-occitana.org\/oc\/produch\/esvolichabas-battements-dailes\/","title":{"rendered":"Esvolichadas &#8211; Battements d&#8217;ailes : R\u00e9pertoire franco-occitan gascon des noms d&#8217;oiseaux en M\u00e9doc et autres textes"},"content":{"rendered":"<p>Presentat come un repert\u00f2ri das noms d'aud\u00e8ths dens l'occitan gascon dau Med\u00f2c, illustrat de fotografias de Francis Bijou, aqueth obratge a pre finalitat de gardar en mem\u00f2ria e de har viure lo patrim\u00f2ni linguistic de la peninsula medoquina.<\/p>\n<p>De parcs en casaus, de boishons en b\u00f2scs, de marescs en linh\u00f2us de la grand mar e sus las ribas dau bocau, sens oblidar lo cortiulau e los aud\u00e8ths exotics, qu\u00f2's tota una cori\u00f2la de m\u00f2ts m\u00e8s tanben das racontes, de las poesias, das proverbs e dit\u00f2res ant pareishen, entremei tant d'autes, lo gorlit, l'alauda, la becada o la grua.<\/p>\n<p>Vinguda d'enqu\u00e8stas, de collectatges e de sovenirs, <em>Esvolichadas - Battements d'ailes<\/em> es atau, a trav\u00e8rs sa fauna avi\u00e0ria, un magnific aumatge au Med\u00f2c e a sa lenga.<\/p>\n","protected":false},"excerpt":{"rendered":"<p>Presentat come un repert\u00f2ri das noms d&#8217;aud\u00e8ths dens l&#8217;occitan gascon dau Med\u00f2c, illustrat de fotografias de Francis Bijou, aqueth obratge a pre finalitat de gardar en mem\u00f2ria e de har viure lo patrim\u00f2ni linguistic de la peninsula medoquina. De parcs en casaus, de boishons en b\u00f2scs, de marescs en linh\u00f2us de la grand mar e [&hellip;]<\/p>\n","protected":false},"featured_media":62003,"template":"","meta":{"_acf_changed":false,"_genesis_hide_title":false,"_genesis_hide_breadcrumbs":false,"_genesis_hide_singular_image":false,"_genesis_hide_footer_widgets":false,"_genesis_custom_body_class":"","_genesis_custom_post_class":"","_genesis_layout":""},"product_brand":[],"product_cat":[7137,7133,7197,7201,7147],"product_tag":[],"class_list":{"0":"post-62015","1":"product","2":"type-product","3":"status-publish","4":"has-post-thumbnail","6":"product_cat-diccionaris-lenga-escolar-oc","7":"product_cat-libres-oc","8":"product_cat-natura-torisme-oc","9":"product_cat-natura-vargier-oc","10":"product_cat-vocabulari-biais-de-dire-oc","11":"pa_auteur-bijou-francis-oc","12":"pa_auteur-los-tradinaires-oc","13":"pa_editeur-confluences-oc","14":"pa_langue-occitan-gascon-oc","15":"pa_langue-occitan-francais-oc","16":"entry","18":"first","19":"outofstock","20":"shipping-taxable","21":"purchasable","22":"product-type-simple"},"acf":[],"_links":{"self":[{"href":"https:\/\/www.libraria-occitana.org\/oc\/wp-json\/wp\/v2\/product\/62015","targetHints":{"allow":["GET"]}}],"collection":[{"href":"https:\/\/www.libraria-occitana.org\/oc\/wp-json\/wp\/v2\/product"}],"about":[{"href":"https:\/\/www.libraria-occitana.org\/oc\/wp-json\/wp\/v2\/types\/product"}],"wp:featuredmedia":[{"embeddable":true,"href":"https:\/\/www.libraria-occitana.org\/oc\/wp-json\/wp\/v2\/media\/62003"}],"wp:attachment":[{"href":"https:\/\/www.libraria-occitana.org\/oc\/wp-json\/wp\/v2\/media?parent=62015"}],"wp:term":[{"taxonomy":"product_brand","embeddable":true,"href":"https:\/\/www.libraria-occitana.org\/oc\/wp-json\/wp\/v2\/product_brand?post=62015"},{"taxonomy":"product_cat","embeddable":true,"href":"https:\/\/www.libraria-occitana.org\/oc\/wp-json\/wp\/v2\/product_cat?post=62015"},{"taxonomy":"product_tag","embeddable":true,"href":"https:\/\/www.libraria-occitana.org\/oc\/wp-json\/wp\/v2\/product_tag?post=62015"}],"curies":[{"name":"wp","href":"https:\/\/api.w.org\/{rel}","templated":true}]}}