{"id":62068,"date":"2025-07-03T16:38:23","date_gmt":"2025-07-03T14:38:23","guid":{"rendered":"https:\/\/www.libraria-occitana.org\/?post_type=product&#038;p=62068"},"modified":"2026-04-17T19:56:28","modified_gmt":"2026-04-17T17:56:28","slug":"traversas","status":"publish","type":"product","link":"https:\/\/www.libraria-occitana.org\/oc\/produch\/traversas\/","title":{"rendered":"Trav\u00e8rsas"},"content":{"rendered":"<p>Barrut concr\u00e9tise ici un projet pr\u00e9par\u00e9 depuis quelques ann\u00e9es : un album a cappella.<br \/>\nTrav\u00e8rsas, c&#8217;est un enracinement fertile. Les voix de ces femmes et de ces hommes a cappella nous transmettent la force et la profondeur de nos vies, font parler les anc\u00eatres, et chantent en occitan les r\u00e9voltes. Une po\u00e9sie puissante, \u00e9manant d&#8217;un imaginaire commun, d&#8217;histoires v\u00e9cues \u00e0 c\u0153ur ouvert, de joies et de peines ou d&#8217;injustices, dans une harmonie subtile et savante.<\/p>\n<p><iframe loading=\"lazy\" title=\"YouTube video player\" src=\"https:\/\/www.youtube.com\/embed\/EoJAuyQ0W2w?si=mtKKKfE5W9fuy-Rw\" width=\"560\" height=\"315\" frameborder=\"0\" allowfullscreen=\"allowfullscreen\"><\/iframe><\/p>\n<p><strong>Titres :<\/strong><br \/>\n1. Veir\u00e0s te menarai 3&#8217;27<br \/>\n2. Reina 5&#8217;51<br \/>\n3. Pl\u00f2u d&#8217;estelas 1&#8217;37<br \/>\n4. Tr\u00f2n 6&#8217;19<br \/>\n5. Parten\u00e7a 4&#8217;05<br \/>\n6. Tarra di lana 3&#8217;12<br \/>\n7. L&#8217;aute jorn dins l&#8217;\u00f2rt 2&#8217;08<\/p>\n","protected":false},"excerpt":{"rendered":"<p>Barrut concr\u00e9tise ici un projet pr\u00e9par\u00e9 depuis quelques ann\u00e9es : un album a cappella. Trav\u00e8rsas, c&#8217;est un enracinement fertile. Les voix de ces femmes et de ces hommes a cappella nous transmettent la force et la profondeur de nos vies, font parler les anc\u00eatres, et chantent en occitan les r\u00e9voltes. Une po\u00e9sie puissante, \u00e9manant d&#8217;un [&hellip;]<\/p>\n","protected":false},"featured_media":62071,"template":"","meta":{"_acf_changed":false,"_genesis_hide_title":false,"_genesis_hide_breadcrumbs":false,"_genesis_hide_singular_image":false,"_genesis_hide_footer_widgets":false,"_genesis_custom_body_class":"","_genesis_custom_post_class":"","_genesis_layout":""},"product_brand":[],"product_cat":[16683,7231],"product_tag":[],"class_list":{"0":"post-62068","1":"product","2":"type-product","3":"status-publish","4":"has-post-thumbnail","6":"product_cat-musica-oc","7":"product_cat-polifonias-oc","8":"pa_auteur-barrut-oc","9":"pa_editeur-oxivent-oc","10":"pa_langue-occitan-oc","11":"pa_langue-occitan-lengadocian-oc","12":"entry","14":"first","15":"instock","16":"shipping-taxable","17":"purchasable","18":"product-type-simple"},"acf":[],"_links":{"self":[{"href":"https:\/\/www.libraria-occitana.org\/oc\/wp-json\/wp\/v2\/product\/62068","targetHints":{"allow":["GET"]}}],"collection":[{"href":"https:\/\/www.libraria-occitana.org\/oc\/wp-json\/wp\/v2\/product"}],"about":[{"href":"https:\/\/www.libraria-occitana.org\/oc\/wp-json\/wp\/v2\/types\/product"}],"wp:featuredmedia":[{"embeddable":true,"href":"https:\/\/www.libraria-occitana.org\/oc\/wp-json\/wp\/v2\/media\/62071"}],"wp:attachment":[{"href":"https:\/\/www.libraria-occitana.org\/oc\/wp-json\/wp\/v2\/media?parent=62068"}],"wp:term":[{"taxonomy":"product_brand","embeddable":true,"href":"https:\/\/www.libraria-occitana.org\/oc\/wp-json\/wp\/v2\/product_brand?post=62068"},{"taxonomy":"product_cat","embeddable":true,"href":"https:\/\/www.libraria-occitana.org\/oc\/wp-json\/wp\/v2\/product_cat?post=62068"},{"taxonomy":"product_tag","embeddable":true,"href":"https:\/\/www.libraria-occitana.org\/oc\/wp-json\/wp\/v2\/product_tag?post=62068"}],"curies":[{"name":"wp","href":"https:\/\/api.w.org\/{rel}","templated":true}]}}