{"id":62126,"date":"1996-07-15T11:43:56","date_gmt":"1996-07-15T09:43:56","guid":{"rendered":"https:\/\/www.libraria-occitana.org\/?post_type=product&#038;p=62126"},"modified":"2026-04-15T19:56:20","modified_gmt":"2026-04-15T17:56:20","slug":"parli-occitan-edicion-lengadociana-cd","status":"publish","type":"product","link":"https:\/\/www.libraria-occitana.org\/oc\/produch\/parli-occitan-edicion-lengadociana-cd\/","title":{"rendered":"Parli occitan, Edicion lengadociana : CD"},"content":{"rendered":"<p>Pour accompagner <a href=\"https:\/\/www.libraria-occitana.org\/produit\/parli-occitan-manual-diniciacion-edicion-lengadociana\/\"><em>Parli occitan<\/em><\/a>, la m\u00e9thode de Jean Rigouste, l\u2019IEO Cantal a enregistr\u00e9 sur ce CD les le\u00e7ons et les lectures du livre. Excellent pour apprendre la langue et son \u00e9criture (nord-languedocien).<\/p>\n<p>Textes dits par Bernard Giacomo et Anne-Marie Loubi\u00e8re.<\/p>\n","protected":false},"excerpt":{"rendered":"<p>Pour accompagner Parli occitan, la m\u00e9thode de Jean Rigouste, l\u2019IEO Cantal a enregistr\u00e9 sur ce CD les le\u00e7ons et les lectures du livre. Excellent pour apprendre la langue et son \u00e9criture (nord-languedocien). Textes dits par Bernard Giacomo et Anne-Marie Loubi\u00e8re.<\/p>\n","protected":false},"featured_media":62129,"template":"","meta":{"_acf_changed":false,"_genesis_hide_title":false,"_genesis_hide_breadcrumbs":false,"_genesis_hide_singular_image":false,"_genesis_hide_footer_widgets":false,"_genesis_custom_body_class":"","_genesis_custom_post_class":"","_genesis_layout":""},"product_brand":[],"product_cat":[7137,7133,7143],"product_tag":[],"class_list":{"0":"post-62126","1":"product","2":"type-product","3":"status-publish","4":"has-post-thumbnail","6":"product_cat-diccionaris-lenga-escolar-oc","7":"product_cat-libres-oc","8":"product_cat-metodes-oc","9":"pa_auteur-ieo-cantal-1-oc","10":"pa_editeur-lostal-del-libre-oc","11":"pa_langue-occitan-lengadocian-oc","12":"entry","14":"first","15":"instock","16":"shipping-taxable","17":"purchasable","18":"product-type-simple"},"acf":[],"_links":{"self":[{"href":"https:\/\/www.libraria-occitana.org\/oc\/wp-json\/wp\/v2\/product\/62126","targetHints":{"allow":["GET"]}}],"collection":[{"href":"https:\/\/www.libraria-occitana.org\/oc\/wp-json\/wp\/v2\/product"}],"about":[{"href":"https:\/\/www.libraria-occitana.org\/oc\/wp-json\/wp\/v2\/types\/product"}],"wp:featuredmedia":[{"embeddable":true,"href":"https:\/\/www.libraria-occitana.org\/oc\/wp-json\/wp\/v2\/media\/62129"}],"wp:attachment":[{"href":"https:\/\/www.libraria-occitana.org\/oc\/wp-json\/wp\/v2\/media?parent=62126"}],"wp:term":[{"taxonomy":"product_brand","embeddable":true,"href":"https:\/\/www.libraria-occitana.org\/oc\/wp-json\/wp\/v2\/product_brand?post=62126"},{"taxonomy":"product_cat","embeddable":true,"href":"https:\/\/www.libraria-occitana.org\/oc\/wp-json\/wp\/v2\/product_cat?post=62126"},{"taxonomy":"product_tag","embeddable":true,"href":"https:\/\/www.libraria-occitana.org\/oc\/wp-json\/wp\/v2\/product_tag?post=62126"}],"curies":[{"name":"wp","href":"https:\/\/api.w.org\/{rel}","templated":true}]}}