{"id":62327,"date":"2025-09-13T13:47:29","date_gmt":"2025-09-13T11:47:29","guid":{"rendered":"https:\/\/www.libraria-occitana.org\/?post_type=product&#038;p=62327"},"modified":"2026-04-29T06:51:19","modified_gmt":"2026-04-29T04:51:19","slug":"a-la-decouverte-des-noms-de-lieux-du-quercy-et-des-communes-du-lot-2","status":"publish","type":"product","link":"https:\/\/www.libraria-occitana.org\/oc\/produch\/a-la-decouverte-des-noms-de-lieux-du-quercy-et-des-communes-du-lot-2\/","title":{"rendered":"\u00c0 la d\u00e9couverte des&#8230; noms de lieux du Quercy et des communes du Lot"},"content":{"rendered":"<p>Les noms de lieux ont une histoire que la toponymie a pour but d&#8217;expliciter. Ils sont, d&#8217;une part, les pr\u00e9cieux t\u00e9moins linguistiques des relations entre l&#8217;homme et son milieu, retra\u00e7ant par exemple ses efforts incessants pour mettre en valeur la terre, ma\u00eetriser la nature, d\u00e9velopper les industries locales. Ils sont \u00e9galement les vestiges de certaines pratiques culturelles et cultuelles, et ont parfois conserv\u00e9 le souvenir d&#8217;une peuplade qui occupait un territoire, du fondateur d&#8217;une cit\u00e9 ou du propri\u00e9taire d&#8217;un domaine. Inscrits dans le temps, les noms des villes et des villages, de r\u00e9gions, de montagnes et de rivi\u00e8res, et m\u00eame de parcelles appartiennent \u00e0 une langue et un espace g\u00e9ographiques donn\u00e9s (gaulois, gallo-romain, germanique, fran\u00e7ais, ou langue r\u00e9gionale).<\/p>\n<p>Le Quercy est riche de ces noms de lieux qui font intimement partie de notre quotidien. Quelle que soit la localisation de notre habitat (lieu-dit, commune), notre activit\u00e9 et bien entendu notre patronyme, l&#8217;ensemble de ce vocabulaire qui les d\u00e9signe s&#8217;est construit au fil des successions de peuples et de leurs langues. Ils constituent notre patrimoine !<\/p>\n","protected":false},"excerpt":{"rendered":"<p>Les noms de lieux ont une histoire que la toponymie a pour but d&#8217;expliciter. Ils sont, d&#8217;une part, les pr\u00e9cieux t\u00e9moins linguistiques des relations entre l&#8217;homme et son milieu, retra\u00e7ant par exemple ses efforts incessants pour mettre en valeur la terre, ma\u00eetriser la nature, d\u00e9velopper les industries locales. Ils sont \u00e9galement les vestiges de certaines [&hellip;]<\/p>\n","protected":false},"featured_media":62330,"template":"","meta":{"_acf_changed":false,"_genesis_hide_title":false,"_genesis_hide_breadcrumbs":false,"_genesis_hide_singular_image":false,"_genesis_hide_footer_widgets":false,"_genesis_custom_body_class":"","_genesis_custom_post_class":"","_genesis_layout":""},"product_brand":[],"product_cat":[7149,7133,7163],"product_tag":[],"class_list":{"0":"post-62327","1":"product","2":"type-product","3":"status-publish","4":"has-post-thumbnail","6":"product_cat-istoria-geografia-oc","7":"product_cat-libres-oc","8":"product_cat-noms-de-luocs-noms-de-personas-oc","9":"pa_auteur-bazalgues-gaston-oc","10":"pa_editeur-edicausse-oc","11":"pa_langue-francais-oc","12":"pa_langue-occitan-oc","13":"pa_langue-occitan-lengadocian-oc","14":"entry","16":"first","17":"instock","18":"shipping-taxable","19":"purchasable","20":"product-type-simple"},"acf":[],"_links":{"self":[{"href":"https:\/\/www.libraria-occitana.org\/oc\/wp-json\/wp\/v2\/product\/62327","targetHints":{"allow":["GET"]}}],"collection":[{"href":"https:\/\/www.libraria-occitana.org\/oc\/wp-json\/wp\/v2\/product"}],"about":[{"href":"https:\/\/www.libraria-occitana.org\/oc\/wp-json\/wp\/v2\/types\/product"}],"wp:featuredmedia":[{"embeddable":true,"href":"https:\/\/www.libraria-occitana.org\/oc\/wp-json\/wp\/v2\/media\/62330"}],"wp:attachment":[{"href":"https:\/\/www.libraria-occitana.org\/oc\/wp-json\/wp\/v2\/media?parent=62327"}],"wp:term":[{"taxonomy":"product_brand","embeddable":true,"href":"https:\/\/www.libraria-occitana.org\/oc\/wp-json\/wp\/v2\/product_brand?post=62327"},{"taxonomy":"product_cat","embeddable":true,"href":"https:\/\/www.libraria-occitana.org\/oc\/wp-json\/wp\/v2\/product_cat?post=62327"},{"taxonomy":"product_tag","embeddable":true,"href":"https:\/\/www.libraria-occitana.org\/oc\/wp-json\/wp\/v2\/product_tag?post=62327"}],"curies":[{"name":"wp","href":"https:\/\/api.w.org\/{rel}","templated":true}]}}