{"id":62380,"date":"2017-05-24T18:43:02","date_gmt":"2017-05-24T16:43:02","guid":{"rendered":"https:\/\/www.libraria-occitana.org\/?post_type=product&#038;p=62380"},"modified":"2026-04-29T10:11:14","modified_gmt":"2026-04-29T08:11:14","slug":"leau-mate","status":"publish","type":"product","link":"https:\/\/www.libraria-occitana.org\/oc\/produch\/leau-mate\/","title":{"rendered":"L&#8217;eau mate"},"content":{"rendered":"<p>Une psalmodie lointaine venue de la lande et des pins invite un homme \u00e0 s&#8217;enfuir. On ne sait rien de lui. Il se perd dans une nature tour \u00e0 tour hostile et bienveillante. Il devient lierre, sa peau se fait sable, le soir l&#8217;efface. Il se met \u00e0 bramer. Dans le temps dilat\u00e9 des m\u00e9tamorphoses, son c\u0153ur de b\u00eate manque de s&#8217;arr\u00eater net. Au milieu d&#8217;une nature souveraine et luxuriante, le fuyard finit par se fondre et trouver une forme de paix.<\/p>\n<p>R\u00e9cit archa\u00efque, comme surgi d&#8217;un autre temps, anim\u00e9 d&#8217;un souffle sauvage, <em>L&#8217;Eau mate<\/em>, \u00e0 l&#8217;instar de <em>Les Saisons<\/em> ou de <em>L&#8217;Invention de Morel<\/em> est de ces textes inclassables et prodigieux. Publi\u00e9 pour la premi\u00e8re fois \u00e0 L&#8217;Escampette en 2007, il fut vite \u00e9puis\u00e9. Nous sommes fiers d&#8217;en proposer \u00e0 nouveau la troublante et n\u00e9cessaire lecture.<\/p>\n<p style=\"text-align: right;\">St\u00e9phane \u00c9mond, libraire.<\/p>\n","protected":false},"excerpt":{"rendered":"<p>Une psalmodie lointaine venue de la lande et des pins invite un homme \u00e0 s&#8217;enfuir. On ne sait rien de lui. Il se perd dans une nature tour \u00e0 tour hostile et bienveillante. Il devient lierre, sa peau se fait sable, le soir l&#8217;efface. Il se met \u00e0 bramer. Dans le temps dilat\u00e9 des m\u00e9tamorphoses, [&hellip;]<\/p>\n","protected":false},"featured_media":62383,"template":"","meta":{"_acf_changed":false,"_genesis_hide_title":false,"_genesis_hide_breadcrumbs":false,"_genesis_hide_singular_image":false,"_genesis_hide_footer_widgets":false,"_genesis_custom_body_class":"","_genesis_custom_post_class":"","_genesis_layout":""},"product_brand":[],"product_cat":[7133,7175,7183],"product_tag":[],"class_list":{"0":"post-62380","1":"product","2":"type-product","3":"status-publish","4":"has-post-thumbnail","6":"product_cat-libres-oc","7":"product_cat-literatura-oc","8":"product_cat-romans-novelas-oc","9":"pa_auteur-manciet-bernat-oc","10":"pa_editeur-lescampette-oc","11":"pa_langue-francais-oc","12":"entry","14":"first","15":"instock","16":"shipping-taxable","17":"purchasable","18":"product-type-simple"},"acf":[],"_links":{"self":[{"href":"https:\/\/www.libraria-occitana.org\/oc\/wp-json\/wp\/v2\/product\/62380","targetHints":{"allow":["GET"]}}],"collection":[{"href":"https:\/\/www.libraria-occitana.org\/oc\/wp-json\/wp\/v2\/product"}],"about":[{"href":"https:\/\/www.libraria-occitana.org\/oc\/wp-json\/wp\/v2\/types\/product"}],"wp:featuredmedia":[{"embeddable":true,"href":"https:\/\/www.libraria-occitana.org\/oc\/wp-json\/wp\/v2\/media\/62383"}],"wp:attachment":[{"href":"https:\/\/www.libraria-occitana.org\/oc\/wp-json\/wp\/v2\/media?parent=62380"}],"wp:term":[{"taxonomy":"product_brand","embeddable":true,"href":"https:\/\/www.libraria-occitana.org\/oc\/wp-json\/wp\/v2\/product_brand?post=62380"},{"taxonomy":"product_cat","embeddable":true,"href":"https:\/\/www.libraria-occitana.org\/oc\/wp-json\/wp\/v2\/product_cat?post=62380"},{"taxonomy":"product_tag","embeddable":true,"href":"https:\/\/www.libraria-occitana.org\/oc\/wp-json\/wp\/v2\/product_tag?post=62380"}],"curies":[{"name":"wp","href":"https:\/\/api.w.org\/{rel}","templated":true}]}}