{"id":62405,"date":"1999-11-24T19:39:50","date_gmt":"1999-11-24T18:39:50","guid":{"rendered":"https:\/\/www.libraria-occitana.org\/?post_type=product&#038;p=62405"},"modified":"2026-04-29T10:56:03","modified_gmt":"2026-04-29T08:56:03","slug":"per-el-yiyo","status":"publish","type":"product","link":"https:\/\/www.libraria-occitana.org\/oc\/produch\/per-el-yiyo\/","title":{"rendered":"Per el Yiyo"},"content":{"rendered":"<p><em>Per el Yiyo<\/em> (Pour le Yiyo), est un hommage \u00e0 Jos\u00e9 Cubero (n\u00e9 en 1964), torero tu\u00e9 dans l\u2019ar\u00e8ne en 1985. Cr\u00e9\u00e9 \u00e0 Bordeaux, puis \u00e0 Paris dans le cadre du Festival d\u2019automne 96.<\/p>\n<p>Bilingue occitan (gascon) \/ fran\u00e7ais. 2e \u00e9dition.<\/p>\n","protected":false},"excerpt":{"rendered":"<p>Per el Yiyo (Pour le Yiyo), est un hommage \u00e0 Jos\u00e9 Cubero (n\u00e9 en 1964), torero tu\u00e9 dans l\u2019ar\u00e8ne en 1985. Cr\u00e9\u00e9 \u00e0 Bordeaux, puis \u00e0 Paris dans le cadre du Festival d\u2019automne 96. Bilingue occitan (gascon) \/ fran\u00e7ais. 2e \u00e9dition.<\/p>\n","protected":false},"featured_media":62408,"template":"","meta":{"_acf_changed":false,"_genesis_hide_title":false,"_genesis_hide_breadcrumbs":false,"_genesis_hide_singular_image":false,"_genesis_hide_footer_widgets":false,"_genesis_custom_body_class":"","_genesis_custom_post_class":"","_genesis_layout":""},"product_brand":[],"product_cat":[7133,7175,7181],"product_tag":[],"class_list":{"0":"post-62405","1":"product","2":"type-product","3":"status-publish","4":"has-post-thumbnail","6":"product_cat-libres-oc","7":"product_cat-literatura-oc","8":"product_cat-poesia-oc","9":"pa_auteur-manciet-bernat-oc","10":"pa_editeur-lescampette-oc","11":"pa_langue-occitan-gascon-oc","12":"pa_langue-occitan-francais-oc","13":"entry","15":"first","16":"instock","17":"shipping-taxable","18":"purchasable","19":"product-type-simple"},"acf":[],"_links":{"self":[{"href":"https:\/\/www.libraria-occitana.org\/oc\/wp-json\/wp\/v2\/product\/62405","targetHints":{"allow":["GET"]}}],"collection":[{"href":"https:\/\/www.libraria-occitana.org\/oc\/wp-json\/wp\/v2\/product"}],"about":[{"href":"https:\/\/www.libraria-occitana.org\/oc\/wp-json\/wp\/v2\/types\/product"}],"wp:featuredmedia":[{"embeddable":true,"href":"https:\/\/www.libraria-occitana.org\/oc\/wp-json\/wp\/v2\/media\/62408"}],"wp:attachment":[{"href":"https:\/\/www.libraria-occitana.org\/oc\/wp-json\/wp\/v2\/media?parent=62405"}],"wp:term":[{"taxonomy":"product_brand","embeddable":true,"href":"https:\/\/www.libraria-occitana.org\/oc\/wp-json\/wp\/v2\/product_brand?post=62405"},{"taxonomy":"product_cat","embeddable":true,"href":"https:\/\/www.libraria-occitana.org\/oc\/wp-json\/wp\/v2\/product_cat?post=62405"},{"taxonomy":"product_tag","embeddable":true,"href":"https:\/\/www.libraria-occitana.org\/oc\/wp-json\/wp\/v2\/product_tag?post=62405"}],"curies":[{"name":"wp","href":"https:\/\/api.w.org\/{rel}","templated":true}]}}