{"id":62426,"date":"2002-03-25T08:49:58","date_gmt":"2002-03-25T07:49:58","guid":{"rendered":"https:\/\/www.libraria-occitana.org\/?post_type=product&#038;p=62426"},"modified":"2026-04-29T11:03:13","modified_gmt":"2026-04-29T09:03:13","slug":"la-ventorla-le-grand-vent","status":"publish","type":"product","link":"https:\/\/www.libraria-occitana.org\/oc\/produch\/la-ventorla-le-grand-vent\/","title":{"rendered":"La Vent\u00f2rla \u2013 Le Grand vent"},"content":{"rendered":"<p>Nous sommes entr\u00e9s dans l\u2019an 2000, pouss\u00e9s, chahut\u00e9s, \u00e9cartel\u00e9s par une temp\u00eate qui a ravag\u00e9 nos for\u00eats et nos maisons. Manciet se souvient et t\u00e9moigne, toutes voiles dehors !<\/p>\n<p>\u00c9dition bilingue. Traduction \u00e9tablie et couverture illustr\u00e9e par l\u2019auteur.<\/p>\n","protected":false},"excerpt":{"rendered":"<p>Nous sommes entr\u00e9s dans l\u2019an 2000, pouss\u00e9s, chahut\u00e9s, \u00e9cartel\u00e9s par une temp\u00eate qui a ravag\u00e9 nos for\u00eats et nos maisons. Manciet se souvient et t\u00e9moigne, toutes voiles dehors ! \u00c9dition bilingue. Traduction \u00e9tablie et couverture illustr\u00e9e par l\u2019auteur.<\/p>\n","protected":false},"featured_media":62429,"template":"","meta":{"_acf_changed":false,"_genesis_hide_title":false,"_genesis_hide_breadcrumbs":false,"_genesis_hide_singular_image":false,"_genesis_hide_footer_widgets":false,"_genesis_custom_body_class":"","_genesis_custom_post_class":"","_genesis_layout":""},"product_brand":[],"product_cat":[7133,7175,7181],"product_tag":[],"class_list":{"0":"post-62426","1":"product","2":"type-product","3":"status-publish","4":"has-post-thumbnail","6":"product_cat-libres-oc","7":"product_cat-literatura-oc","8":"product_cat-poesia-oc","9":"pa_auteur-manciet-bernat-oc","10":"pa_editeur-lescampette-oc","11":"pa_langue-occitan-gascon-oc","12":"pa_langue-occitan-francais-oc","13":"entry","15":"first","16":"instock","17":"shipping-taxable","18":"purchasable","19":"product-type-simple"},"acf":[],"_links":{"self":[{"href":"https:\/\/www.libraria-occitana.org\/oc\/wp-json\/wp\/v2\/product\/62426","targetHints":{"allow":["GET"]}}],"collection":[{"href":"https:\/\/www.libraria-occitana.org\/oc\/wp-json\/wp\/v2\/product"}],"about":[{"href":"https:\/\/www.libraria-occitana.org\/oc\/wp-json\/wp\/v2\/types\/product"}],"wp:featuredmedia":[{"embeddable":true,"href":"https:\/\/www.libraria-occitana.org\/oc\/wp-json\/wp\/v2\/media\/62429"}],"wp:attachment":[{"href":"https:\/\/www.libraria-occitana.org\/oc\/wp-json\/wp\/v2\/media?parent=62426"}],"wp:term":[{"taxonomy":"product_brand","embeddable":true,"href":"https:\/\/www.libraria-occitana.org\/oc\/wp-json\/wp\/v2\/product_brand?post=62426"},{"taxonomy":"product_cat","embeddable":true,"href":"https:\/\/www.libraria-occitana.org\/oc\/wp-json\/wp\/v2\/product_cat?post=62426"},{"taxonomy":"product_tag","embeddable":true,"href":"https:\/\/www.libraria-occitana.org\/oc\/wp-json\/wp\/v2\/product_tag?post=62426"}],"curies":[{"name":"wp","href":"https:\/\/api.w.org\/{rel}","templated":true}]}}